{"id":3025,"date":"2026-01-30T17:29:55","date_gmt":"2026-01-30T17:29:55","guid":{"rendered":"https:\/\/www.grupotecnomotriz.com\/site\/?post_type=product&#038;p=3025"},"modified":"2026-01-30T17:29:55","modified_gmt":"2026-01-30T17:29:55","slug":"mercedes-benz-c-class-c200-2","status":"publish","type":"product","link":"https:\/\/www.grupotecnomotriz.com\/site\/producto\/mercedes-benz-c-class-c200-2\/","title":{"rendered":"Mercedes-Benz c-class c200"},"content":{"rendered":"<table style=\"height: 803px;\" width=\"400\">\n<tbody>\n<tr>\n<td>A\u00f10<\/td>\n<td>2019<\/td>\n<\/tr>\n<tr>\n<td>Motor<\/td>\n<td>1.5L turbo Mild-Hybrid<\/td>\n<\/tr>\n<tr>\n<td>Cilindraje<\/td>\n<td>1500 cc<\/td>\n<\/tr>\n<tr>\n<td>Caballaje<\/td>\n<td>184 hp<\/td>\n<\/tr>\n<tr>\n<td>Nm<\/td>\n<td>280<\/td>\n<\/tr>\n<tr>\n<td>Transmisi\u00f3n<\/td>\n<td>Autom\u00e1tica 9G-TRONIC<\/td>\n<\/tr>\n<tr>\n<td>Tracci\u00f3n<\/td>\n<td>Trasera RWD<\/td>\n<\/tr>\n<tr>\n<td>Sensores<\/td>\n<td>De proximidad<\/td>\n<\/tr>\n<tr>\n<td>C\u00e1maras<\/td>\n<td>De reversa<\/td>\n<\/tr>\n<tr>\n<td>Rines<\/td>\n<td>17&#8243;<\/td>\n<\/tr>\n<tr>\n<td>Llantas<\/td>\n<td>Runflat 2025<\/td>\n<\/tr>\n<tr>\n<td>Perfil<\/td>\n<td>Aerodin\u00e1mico<\/td>\n<\/tr>\n<tr>\n<td>Detalles<\/td>\n<td>Cromados<\/td>\n<\/tr>\n<tr>\n<td>Sistema de rastreo<\/td>\n<td>GPS<\/td>\n<\/tr>\n<tr>\n<td>Pantalla<\/td>\n<td>Central<\/td>\n<\/tr>\n<tr>\n<td>Volante multifunci\u00f3n<\/td>\n<td>Con cambios<\/td>\n<\/tr>\n<tr>\n<td>Cluster<\/td>\n<td>Anal\u00f3gico-digital<\/td>\n<\/tr>\n<tr>\n<td>Apple CarPlay y Android<\/td>\n<td>Auto<\/td>\n<\/tr>\n<tr>\n<td>Interior<\/td>\n<td>Confort<\/td>\n<\/tr>\n<tr>\n<td>Sistema multimedia<\/td>\n<td>COMAND<\/td>\n<\/tr>\n<tr>\n<td>Asistencias<\/td>\n<td>De conducci\u00f3n<\/td>\n<\/tr>\n<tr>\n<td>C\u00e1mara<\/td>\n<td>Trasera<\/td>\n<\/tr>\n<tr>\n<td>Keyless-Go<\/td>\n<td><\/td>\n<\/tr>\n<tr>\n<td>Control<\/td>\n<td>Crucero<\/td>\n<\/tr>\n<tr>\n<td>Suspensi\u00f3n<\/td>\n<td>Confortable<\/td>\n<\/tr>\n<tr>\n<td>Kilometraje<\/td>\n<td>30000 km<\/td>\n<\/tr>\n<\/tbody>\n<\/table>\n","protected":false},"excerpt":{"rendered":"<p>A\u00f10 2019 Motor 1.5L turbo Mild-Hybrid Cilindraje 1500 cc Caballaje 184 hp Nm 280 Transmisi\u00f3n Autom\u00e1tica 9G-TRONIC Tracci\u00f3n Trasera RWD Sensores De proximidad C\u00e1maras De reversa Rines 17&#8243; Llantas Runflat 2025 Perfil Aerodin\u00e1mico Detalles Cromados Sistema de rastreo GPS Pantalla Central Volante multifunci\u00f3n Con cambios Cluster Anal\u00f3gico-digital Apple CarPlay y Android Auto Interior Confort Sistema [&hellip;]<\/p>\n","protected":false},"featured_media":3026,"template":"","meta":[],"product_brand":[],"product_cat":[83],"product_tag":[],"class_list":{"0":"post-3025","1":"product","2":"type-product","3":"status-publish","4":"has-post-thumbnail","6":"product_cat-sedan","8":"first","9":"instock","10":"shipping-taxable","11":"purchasable","12":"product-type-simple"},"yoast_head":"<!-- This site is optimized with the Yoast SEO plugin v26.4 - https:\/\/yoast.com\/wordpress\/plugins\/seo\/ -->\n<title>Mercedes-Benz c-class c200 - Grupo Tecnomotriz<\/title>\n<meta name=\"robots\" content=\"index, follow, max-snippet:-1, max-image-preview:large, max-video-preview:-1\" \/>\n<link rel=\"canonical\" href=\"https:\/\/www.grupotecnomotriz.com\/site\/producto\/mercedes-benz-c-class-c200-2\/\" \/>\n<meta property=\"og:locale\" content=\"es_ES\" \/>\n<meta property=\"og:type\" content=\"article\" \/>\n<meta property=\"og:title\" content=\"Mercedes-Benz c-class c200 - Grupo Tecnomotriz\" \/>\n<meta property=\"og:description\" content=\"A\u00f10 2019 Motor 1.5L turbo Mild-Hybrid Cilindraje 1500 cc Caballaje 184 hp Nm 280 Transmisi\u00f3n Autom\u00e1tica 9G-TRONIC Tracci\u00f3n Trasera RWD Sensores De proximidad C\u00e1maras De reversa Rines 17&#8243; Llantas Runflat 2025 Perfil Aerodin\u00e1mico Detalles Cromados Sistema de rastreo GPS Pantalla Central Volante multifunci\u00f3n Con cambios Cluster Anal\u00f3gico-digital Apple CarPlay y Android Auto Interior Confort Sistema [&hellip;]\" \/>\n<meta property=\"og:url\" content=\"https:\/\/www.grupotecnomotriz.com\/site\/producto\/mercedes-benz-c-class-c200-2\/\" \/>\n<meta property=\"og:site_name\" content=\"Grupo Tecnomotriz\" \/>\n<meta property=\"og:image\" content=\"https:\/\/www.grupotecnomotriz.com\/site\/wp-content\/uploads\/2026\/01\/1-10-1024x731.png\" \/>\n\t<meta property=\"og:image:width\" content=\"1024\" \/>\n\t<meta property=\"og:image:height\" content=\"731\" \/>\n\t<meta property=\"og:image:type\" content=\"image\/png\" \/>\n<meta name=\"twitter:card\" content=\"summary_large_image\" \/>\n<meta name=\"twitter:label1\" content=\"Est. reading time\" \/>\n\t<meta name=\"twitter:data1\" content=\"1 minuto\" \/>\n<script type=\"application\/ld+json\" class=\"yoast-schema-graph\">{\"@context\":\"https:\/\/schema.org\",\"@graph\":[{\"@type\":\"WebPage\",\"@id\":\"https:\/\/www.grupotecnomotriz.com\/site\/producto\/mercedes-benz-c-class-c200-2\/\",\"url\":\"https:\/\/www.grupotecnomotriz.com\/site\/producto\/mercedes-benz-c-class-c200-2\/\",\"name\":\"Mercedes-Benz c-class c200 - Grupo Tecnomotriz\",\"isPartOf\":{\"@id\":\"https:\/\/www.grupotecnomotriz.com\/site\/#website\"},\"primaryImageOfPage\":{\"@id\":\"https:\/\/www.grupotecnomotriz.com\/site\/producto\/mercedes-benz-c-class-c200-2\/#primaryimage\"},\"image\":{\"@id\":\"https:\/\/www.grupotecnomotriz.com\/site\/producto\/mercedes-benz-c-class-c200-2\/#primaryimage\"},\"thumbnailUrl\":\"https:\/\/www.grupotecnomotriz.com\/site\/wp-content\/uploads\/2026\/01\/1-10.png\",\"datePublished\":\"2026-01-30T17:29:55+00:00\",\"breadcrumb\":{\"@id\":\"https:\/\/www.grupotecnomotriz.com\/site\/producto\/mercedes-benz-c-class-c200-2\/#breadcrumb\"},\"inLanguage\":\"es-CR\",\"potentialAction\":[{\"@type\":\"ReadAction\",\"target\":[\"https:\/\/www.grupotecnomotriz.com\/site\/producto\/mercedes-benz-c-class-c200-2\/\"]}]},{\"@type\":\"ImageObject\",\"inLanguage\":\"es-CR\",\"@id\":\"https:\/\/www.grupotecnomotriz.com\/site\/producto\/mercedes-benz-c-class-c200-2\/#primaryimage\",\"url\":\"https:\/\/www.grupotecnomotriz.com\/site\/wp-content\/uploads\/2026\/01\/1-10.png\",\"contentUrl\":\"https:\/\/www.grupotecnomotriz.com\/site\/wp-content\/uploads\/2026\/01\/1-10.png\",\"width\":2048,\"height\":1462},{\"@type\":\"BreadcrumbList\",\"@id\":\"https:\/\/www.grupotecnomotriz.com\/site\/producto\/mercedes-benz-c-class-c200-2\/#breadcrumb\",\"itemListElement\":[{\"@type\":\"ListItem\",\"position\":1,\"name\":\"Portada\",\"item\":\"https:\/\/www.grupotecnomotriz.com\/site\/\"},{\"@type\":\"ListItem\",\"position\":2,\"name\":\"Cat\u00e1logo\",\"item\":\"https:\/\/www.grupotecnomotriz.com\/site\/tienda\/\"},{\"@type\":\"ListItem\",\"position\":3,\"name\":\"Mercedes-Benz c-class c200\"}]},{\"@type\":\"WebSite\",\"@id\":\"https:\/\/www.grupotecnomotriz.com\/site\/#website\",\"url\":\"https:\/\/www.grupotecnomotriz.com\/site\/\",\"name\":\"Grupo Tecnomotriz\",\"description\":\"Taller de enderezado y pintura Tecnomotriz\",\"potentialAction\":[{\"@type\":\"SearchAction\",\"target\":{\"@type\":\"EntryPoint\",\"urlTemplate\":\"https:\/\/www.grupotecnomotriz.com\/site\/?s={search_term_string}\"},\"query-input\":{\"@type\":\"PropertyValueSpecification\",\"valueRequired\":true,\"valueName\":\"search_term_string\"}}],\"inLanguage\":\"es-CR\"}]}<\/script>\n<!-- \/ Yoast SEO plugin. -->","yoast_head_json":{"title":"Mercedes-Benz c-class c200 - Grupo Tecnomotriz","robots":{"index":"index","follow":"follow","max-snippet":"max-snippet:-1","max-image-preview":"max-image-preview:large","max-video-preview":"max-video-preview:-1"},"canonical":"https:\/\/www.grupotecnomotriz.com\/site\/producto\/mercedes-benz-c-class-c200-2\/","og_locale":"es_ES","og_type":"article","og_title":"Mercedes-Benz c-class c200 - Grupo Tecnomotriz","og_description":"A\u00f10 2019 Motor 1.5L turbo Mild-Hybrid Cilindraje 1500 cc Caballaje 184 hp Nm 280 Transmisi\u00f3n Autom\u00e1tica 9G-TRONIC Tracci\u00f3n Trasera RWD Sensores De proximidad C\u00e1maras De reversa Rines 17&#8243; Llantas Runflat 2025 Perfil Aerodin\u00e1mico Detalles Cromados Sistema de rastreo GPS Pantalla Central Volante multifunci\u00f3n Con cambios Cluster Anal\u00f3gico-digital Apple CarPlay y Android Auto Interior Confort Sistema [&hellip;]","og_url":"https:\/\/www.grupotecnomotriz.com\/site\/producto\/mercedes-benz-c-class-c200-2\/","og_site_name":"Grupo Tecnomotriz","og_image":[{"width":1024,"height":731,"url":"https:\/\/www.grupotecnomotriz.com\/site\/wp-content\/uploads\/2026\/01\/1-10-1024x731.png","type":"image\/png"}],"twitter_card":"summary_large_image","twitter_misc":{"Est. reading time":"1 minuto"},"schema":{"@context":"https:\/\/schema.org","@graph":[{"@type":"WebPage","@id":"https:\/\/www.grupotecnomotriz.com\/site\/producto\/mercedes-benz-c-class-c200-2\/","url":"https:\/\/www.grupotecnomotriz.com\/site\/producto\/mercedes-benz-c-class-c200-2\/","name":"Mercedes-Benz c-class c200 - Grupo Tecnomotriz","isPartOf":{"@id":"https:\/\/www.grupotecnomotriz.com\/site\/#website"},"primaryImageOfPage":{"@id":"https:\/\/www.grupotecnomotriz.com\/site\/producto\/mercedes-benz-c-class-c200-2\/#primaryimage"},"image":{"@id":"https:\/\/www.grupotecnomotriz.com\/site\/producto\/mercedes-benz-c-class-c200-2\/#primaryimage"},"thumbnailUrl":"https:\/\/www.grupotecnomotriz.com\/site\/wp-content\/uploads\/2026\/01\/1-10.png","datePublished":"2026-01-30T17:29:55+00:00","breadcrumb":{"@id":"https:\/\/www.grupotecnomotriz.com\/site\/producto\/mercedes-benz-c-class-c200-2\/#breadcrumb"},"inLanguage":"es-CR","potentialAction":[{"@type":"ReadAction","target":["https:\/\/www.grupotecnomotriz.com\/site\/producto\/mercedes-benz-c-class-c200-2\/"]}]},{"@type":"ImageObject","inLanguage":"es-CR","@id":"https:\/\/www.grupotecnomotriz.com\/site\/producto\/mercedes-benz-c-class-c200-2\/#primaryimage","url":"https:\/\/www.grupotecnomotriz.com\/site\/wp-content\/uploads\/2026\/01\/1-10.png","contentUrl":"https:\/\/www.grupotecnomotriz.com\/site\/wp-content\/uploads\/2026\/01\/1-10.png","width":2048,"height":1462},{"@type":"BreadcrumbList","@id":"https:\/\/www.grupotecnomotriz.com\/site\/producto\/mercedes-benz-c-class-c200-2\/#breadcrumb","itemListElement":[{"@type":"ListItem","position":1,"name":"Portada","item":"https:\/\/www.grupotecnomotriz.com\/site\/"},{"@type":"ListItem","position":2,"name":"Cat\u00e1logo","item":"https:\/\/www.grupotecnomotriz.com\/site\/tienda\/"},{"@type":"ListItem","position":3,"name":"Mercedes-Benz c-class c200"}]},{"@type":"WebSite","@id":"https:\/\/www.grupotecnomotriz.com\/site\/#website","url":"https:\/\/www.grupotecnomotriz.com\/site\/","name":"Grupo Tecnomotriz","description":"Taller de enderezado y pintura Tecnomotriz","potentialAction":[{"@type":"SearchAction","target":{"@type":"EntryPoint","urlTemplate":"https:\/\/www.grupotecnomotriz.com\/site\/?s={search_term_string}"},"query-input":{"@type":"PropertyValueSpecification","valueRequired":true,"valueName":"search_term_string"}}],"inLanguage":"es-CR"}]}},"_links":{"self":[{"href":"https:\/\/www.grupotecnomotriz.com\/site\/wp-json\/wp\/v2\/product\/3025","targetHints":{"allow":["GET"]}}],"collection":[{"href":"https:\/\/www.grupotecnomotriz.com\/site\/wp-json\/wp\/v2\/product"}],"about":[{"href":"https:\/\/www.grupotecnomotriz.com\/site\/wp-json\/wp\/v2\/types\/product"}],"wp:featuredmedia":[{"embeddable":true,"href":"https:\/\/www.grupotecnomotriz.com\/site\/wp-json\/wp\/v2\/media\/3026"}],"wp:attachment":[{"href":"https:\/\/www.grupotecnomotriz.com\/site\/wp-json\/wp\/v2\/media?parent=3025"}],"wp:term":[{"taxonomy":"product_brand","embeddable":true,"href":"https:\/\/www.grupotecnomotriz.com\/site\/wp-json\/wp\/v2\/product_brand?post=3025"},{"taxonomy":"product_cat","embeddable":true,"href":"https:\/\/www.grupotecnomotriz.com\/site\/wp-json\/wp\/v2\/product_cat?post=3025"},{"taxonomy":"product_tag","embeddable":true,"href":"https:\/\/www.grupotecnomotriz.com\/site\/wp-json\/wp\/v2\/product_tag?post=3025"}],"curies":[{"name":"wp","href":"https:\/\/api.w.org\/{rel}","templated":true}]}}