{"id":3011,"date":"2026-01-30T16:46:29","date_gmt":"2026-01-30T16:46:29","guid":{"rendered":"https:\/\/www.grupotecnomotriz.com\/site\/?post_type=product&#038;p=3011"},"modified":"2026-01-30T16:47:31","modified_gmt":"2026-01-30T16:47:31","slug":"jeep-gladiator-rubicon","status":"publish","type":"product","link":"https:\/\/www.grupotecnomotriz.com\/site\/producto\/jeep-gladiator-rubicon\/","title":{"rendered":"Jeep Gladiator Rubicon"},"content":{"rendered":"<table style=\"height: 721px;\" width=\"355\">\n<tbody>\n<tr>\n<td>A\u00f1o<\/td>\n<td>2020<\/td>\n<\/tr>\n<tr>\n<td>Motor<\/td>\n<td>V6 3.6L Pentastar<\/td>\n<\/tr>\n<tr>\n<td>Cilindraje<\/td>\n<td>3604 cc<\/td>\n<\/tr>\n<tr>\n<td>Caballaje<\/td>\n<td>285 hp<\/td>\n<\/tr>\n<tr>\n<td>lb-ft<\/td>\n<td>260<\/td>\n<\/tr>\n<tr>\n<td>Transmisi\u00f3n<\/td>\n<td>Autom\u00e1tica 8 vel.<\/td>\n<\/tr>\n<tr>\n<td>Tracci\u00f3n<\/td>\n<td>4\u00d74 Rock-Trac<\/td>\n<\/tr>\n<tr>\n<td>Dise\u00f1o<\/td>\n<td>Rubicon<\/td>\n<\/tr>\n<tr>\n<td>Ejes<\/td>\n<td>Dana 44<\/td>\n<\/tr>\n<tr>\n<td>Rines<\/td>\n<td>17&#8243;<\/td>\n<\/tr>\n<tr>\n<td>Llantas<\/td>\n<td>Off-road<\/td>\n<\/tr>\n<tr>\n<td>Parachoques<\/td>\n<td>Acero<\/td>\n<\/tr>\n<tr>\n<td>Caja<\/td>\n<td>Pickup<\/td>\n<\/tr>\n<tr>\n<td>Asientos<\/td>\n<td>De cuero<\/td>\n<\/tr>\n<tr>\n<td>Pantalla<\/td>\n<td>Uconnect<\/td>\n<\/tr>\n<tr>\n<td>Volante<\/td>\n<td>Multifunci\u00f3n<\/td>\n<\/tr>\n<tr>\n<td>Controles<\/td>\n<td>4\u00d74<\/td>\n<\/tr>\n<tr>\n<td>Supercargador<\/td>\n<td>Hamburguer&#8217;s<\/td>\n<\/tr>\n<tr>\n<td>Winch<\/td>\n<td><\/td>\n<\/tr>\n<tr>\n<td>Suspensiones<\/td>\n<td>Fox<\/td>\n<\/tr>\n<tr>\n<td>Aros<\/td>\n<td>XD series<\/td>\n<\/tr>\n<tr>\n<td>Llantas<\/td>\n<td>BF Goodrich 35<\/td>\n<\/tr>\n<tr>\n<td>Bloqueos<\/td>\n<td>Delantero y trasero<\/td>\n<\/tr>\n<tr>\n<td>Millaje<\/td>\n<td>44400 km<\/td>\n<\/tr>\n<\/tbody>\n<\/table>\n","protected":false},"excerpt":{"rendered":"<p>A\u00f1o 2020 Motor V6 3.6L Pentastar Cilindraje 3604 cc Caballaje 285 hp lb-ft 260 Transmisi\u00f3n Autom\u00e1tica 8 vel. Tracci\u00f3n 4\u00d74 Rock-Trac Dise\u00f1o Rubicon Ejes Dana 44 Rines 17&#8243; Llantas Off-road Parachoques Acero Caja Pickup Asientos De cuero Pantalla Uconnect Volante Multifunci\u00f3n Controles 4\u00d74 Supercargador Hamburguer&#8217;s Winch Suspensiones Fox Aros XD series Llantas BF Goodrich 35 [&hellip;]<\/p>\n","protected":false},"featured_media":3012,"template":"","meta":[],"product_brand":[],"product_cat":[82],"product_tag":[],"class_list":{"0":"post-3011","1":"product","2":"type-product","3":"status-publish","4":"has-post-thumbnail","6":"product_cat-pickup","8":"first","9":"instock","10":"shipping-taxable","11":"purchasable","12":"product-type-simple"},"yoast_head":"<!-- This site is optimized with the Yoast SEO plugin v26.4 - https:\/\/yoast.com\/wordpress\/plugins\/seo\/ -->\n<title>Jeep Gladiator Rubicon - Grupo Tecnomotriz<\/title>\n<meta name=\"robots\" content=\"index, follow, max-snippet:-1, max-image-preview:large, max-video-preview:-1\" \/>\n<link rel=\"canonical\" href=\"https:\/\/www.grupotecnomotriz.com\/site\/producto\/jeep-gladiator-rubicon\/\" \/>\n<meta property=\"og:locale\" content=\"es_ES\" \/>\n<meta property=\"og:type\" content=\"article\" \/>\n<meta property=\"og:title\" content=\"Jeep Gladiator Rubicon - Grupo Tecnomotriz\" \/>\n<meta property=\"og:description\" content=\"A\u00f1o 2020 Motor V6 3.6L Pentastar Cilindraje 3604 cc Caballaje 285 hp lb-ft 260 Transmisi\u00f3n Autom\u00e1tica 8 vel. Tracci\u00f3n 4\u00d74 Rock-Trac Dise\u00f1o Rubicon Ejes Dana 44 Rines 17&#8243; Llantas Off-road Parachoques Acero Caja Pickup Asientos De cuero Pantalla Uconnect Volante Multifunci\u00f3n Controles 4\u00d74 Supercargador Hamburguer&#8217;s Winch Suspensiones Fox Aros XD series Llantas BF Goodrich 35 [&hellip;]\" \/>\n<meta property=\"og:url\" content=\"https:\/\/www.grupotecnomotriz.com\/site\/producto\/jeep-gladiator-rubicon\/\" \/>\n<meta property=\"og:site_name\" content=\"Grupo Tecnomotriz\" \/>\n<meta property=\"article:modified_time\" content=\"2026-01-30T16:47:31+00:00\" \/>\n<meta property=\"og:image\" content=\"https:\/\/www.grupotecnomotriz.com\/site\/wp-content\/uploads\/2026\/01\/1-9-1024x731.png\" \/>\n\t<meta property=\"og:image:width\" content=\"1024\" \/>\n\t<meta property=\"og:image:height\" content=\"731\" \/>\n\t<meta property=\"og:image:type\" content=\"image\/png\" \/>\n<meta name=\"twitter:card\" content=\"summary_large_image\" \/>\n<meta name=\"twitter:label1\" content=\"Est. reading time\" \/>\n\t<meta name=\"twitter:data1\" content=\"1 minuto\" \/>\n<script type=\"application\/ld+json\" class=\"yoast-schema-graph\">{\"@context\":\"https:\/\/schema.org\",\"@graph\":[{\"@type\":\"WebPage\",\"@id\":\"https:\/\/www.grupotecnomotriz.com\/site\/producto\/jeep-gladiator-rubicon\/\",\"url\":\"https:\/\/www.grupotecnomotriz.com\/site\/producto\/jeep-gladiator-rubicon\/\",\"name\":\"Jeep Gladiator Rubicon - Grupo Tecnomotriz\",\"isPartOf\":{\"@id\":\"https:\/\/www.grupotecnomotriz.com\/site\/#website\"},\"primaryImageOfPage\":{\"@id\":\"https:\/\/www.grupotecnomotriz.com\/site\/producto\/jeep-gladiator-rubicon\/#primaryimage\"},\"image\":{\"@id\":\"https:\/\/www.grupotecnomotriz.com\/site\/producto\/jeep-gladiator-rubicon\/#primaryimage\"},\"thumbnailUrl\":\"https:\/\/www.grupotecnomotriz.com\/site\/wp-content\/uploads\/2026\/01\/1-9.png\",\"datePublished\":\"2026-01-30T16:46:29+00:00\",\"dateModified\":\"2026-01-30T16:47:31+00:00\",\"breadcrumb\":{\"@id\":\"https:\/\/www.grupotecnomotriz.com\/site\/producto\/jeep-gladiator-rubicon\/#breadcrumb\"},\"inLanguage\":\"es-CR\",\"potentialAction\":[{\"@type\":\"ReadAction\",\"target\":[\"https:\/\/www.grupotecnomotriz.com\/site\/producto\/jeep-gladiator-rubicon\/\"]}]},{\"@type\":\"ImageObject\",\"inLanguage\":\"es-CR\",\"@id\":\"https:\/\/www.grupotecnomotriz.com\/site\/producto\/jeep-gladiator-rubicon\/#primaryimage\",\"url\":\"https:\/\/www.grupotecnomotriz.com\/site\/wp-content\/uploads\/2026\/01\/1-9.png\",\"contentUrl\":\"https:\/\/www.grupotecnomotriz.com\/site\/wp-content\/uploads\/2026\/01\/1-9.png\",\"width\":2048,\"height\":1462},{\"@type\":\"BreadcrumbList\",\"@id\":\"https:\/\/www.grupotecnomotriz.com\/site\/producto\/jeep-gladiator-rubicon\/#breadcrumb\",\"itemListElement\":[{\"@type\":\"ListItem\",\"position\":1,\"name\":\"Portada\",\"item\":\"https:\/\/www.grupotecnomotriz.com\/site\/\"},{\"@type\":\"ListItem\",\"position\":2,\"name\":\"Cat\u00e1logo\",\"item\":\"https:\/\/www.grupotecnomotriz.com\/site\/tienda\/\"},{\"@type\":\"ListItem\",\"position\":3,\"name\":\"Jeep Gladiator Rubicon\"}]},{\"@type\":\"WebSite\",\"@id\":\"https:\/\/www.grupotecnomotriz.com\/site\/#website\",\"url\":\"https:\/\/www.grupotecnomotriz.com\/site\/\",\"name\":\"Grupo Tecnomotriz\",\"description\":\"Taller de enderezado y pintura Tecnomotriz\",\"potentialAction\":[{\"@type\":\"SearchAction\",\"target\":{\"@type\":\"EntryPoint\",\"urlTemplate\":\"https:\/\/www.grupotecnomotriz.com\/site\/?s={search_term_string}\"},\"query-input\":{\"@type\":\"PropertyValueSpecification\",\"valueRequired\":true,\"valueName\":\"search_term_string\"}}],\"inLanguage\":\"es-CR\"}]}<\/script>\n<!-- \/ Yoast SEO plugin. -->","yoast_head_json":{"title":"Jeep Gladiator Rubicon - Grupo Tecnomotriz","robots":{"index":"index","follow":"follow","max-snippet":"max-snippet:-1","max-image-preview":"max-image-preview:large","max-video-preview":"max-video-preview:-1"},"canonical":"https:\/\/www.grupotecnomotriz.com\/site\/producto\/jeep-gladiator-rubicon\/","og_locale":"es_ES","og_type":"article","og_title":"Jeep Gladiator Rubicon - Grupo Tecnomotriz","og_description":"A\u00f1o 2020 Motor V6 3.6L Pentastar Cilindraje 3604 cc Caballaje 285 hp lb-ft 260 Transmisi\u00f3n Autom\u00e1tica 8 vel. Tracci\u00f3n 4\u00d74 Rock-Trac Dise\u00f1o Rubicon Ejes Dana 44 Rines 17&#8243; Llantas Off-road Parachoques Acero Caja Pickup Asientos De cuero Pantalla Uconnect Volante Multifunci\u00f3n Controles 4\u00d74 Supercargador Hamburguer&#8217;s Winch Suspensiones Fox Aros XD series Llantas BF Goodrich 35 [&hellip;]","og_url":"https:\/\/www.grupotecnomotriz.com\/site\/producto\/jeep-gladiator-rubicon\/","og_site_name":"Grupo Tecnomotriz","article_modified_time":"2026-01-30T16:47:31+00:00","og_image":[{"width":1024,"height":731,"url":"https:\/\/www.grupotecnomotriz.com\/site\/wp-content\/uploads\/2026\/01\/1-9-1024x731.png","type":"image\/png"}],"twitter_card":"summary_large_image","twitter_misc":{"Est. reading time":"1 minuto"},"schema":{"@context":"https:\/\/schema.org","@graph":[{"@type":"WebPage","@id":"https:\/\/www.grupotecnomotriz.com\/site\/producto\/jeep-gladiator-rubicon\/","url":"https:\/\/www.grupotecnomotriz.com\/site\/producto\/jeep-gladiator-rubicon\/","name":"Jeep Gladiator Rubicon - Grupo Tecnomotriz","isPartOf":{"@id":"https:\/\/www.grupotecnomotriz.com\/site\/#website"},"primaryImageOfPage":{"@id":"https:\/\/www.grupotecnomotriz.com\/site\/producto\/jeep-gladiator-rubicon\/#primaryimage"},"image":{"@id":"https:\/\/www.grupotecnomotriz.com\/site\/producto\/jeep-gladiator-rubicon\/#primaryimage"},"thumbnailUrl":"https:\/\/www.grupotecnomotriz.com\/site\/wp-content\/uploads\/2026\/01\/1-9.png","datePublished":"2026-01-30T16:46:29+00:00","dateModified":"2026-01-30T16:47:31+00:00","breadcrumb":{"@id":"https:\/\/www.grupotecnomotriz.com\/site\/producto\/jeep-gladiator-rubicon\/#breadcrumb"},"inLanguage":"es-CR","potentialAction":[{"@type":"ReadAction","target":["https:\/\/www.grupotecnomotriz.com\/site\/producto\/jeep-gladiator-rubicon\/"]}]},{"@type":"ImageObject","inLanguage":"es-CR","@id":"https:\/\/www.grupotecnomotriz.com\/site\/producto\/jeep-gladiator-rubicon\/#primaryimage","url":"https:\/\/www.grupotecnomotriz.com\/site\/wp-content\/uploads\/2026\/01\/1-9.png","contentUrl":"https:\/\/www.grupotecnomotriz.com\/site\/wp-content\/uploads\/2026\/01\/1-9.png","width":2048,"height":1462},{"@type":"BreadcrumbList","@id":"https:\/\/www.grupotecnomotriz.com\/site\/producto\/jeep-gladiator-rubicon\/#breadcrumb","itemListElement":[{"@type":"ListItem","position":1,"name":"Portada","item":"https:\/\/www.grupotecnomotriz.com\/site\/"},{"@type":"ListItem","position":2,"name":"Cat\u00e1logo","item":"https:\/\/www.grupotecnomotriz.com\/site\/tienda\/"},{"@type":"ListItem","position":3,"name":"Jeep Gladiator Rubicon"}]},{"@type":"WebSite","@id":"https:\/\/www.grupotecnomotriz.com\/site\/#website","url":"https:\/\/www.grupotecnomotriz.com\/site\/","name":"Grupo Tecnomotriz","description":"Taller de enderezado y pintura Tecnomotriz","potentialAction":[{"@type":"SearchAction","target":{"@type":"EntryPoint","urlTemplate":"https:\/\/www.grupotecnomotriz.com\/site\/?s={search_term_string}"},"query-input":{"@type":"PropertyValueSpecification","valueRequired":true,"valueName":"search_term_string"}}],"inLanguage":"es-CR"}]}},"_links":{"self":[{"href":"https:\/\/www.grupotecnomotriz.com\/site\/wp-json\/wp\/v2\/product\/3011","targetHints":{"allow":["GET"]}}],"collection":[{"href":"https:\/\/www.grupotecnomotriz.com\/site\/wp-json\/wp\/v2\/product"}],"about":[{"href":"https:\/\/www.grupotecnomotriz.com\/site\/wp-json\/wp\/v2\/types\/product"}],"wp:featuredmedia":[{"embeddable":true,"href":"https:\/\/www.grupotecnomotriz.com\/site\/wp-json\/wp\/v2\/media\/3012"}],"wp:attachment":[{"href":"https:\/\/www.grupotecnomotriz.com\/site\/wp-json\/wp\/v2\/media?parent=3011"}],"wp:term":[{"taxonomy":"product_brand","embeddable":true,"href":"https:\/\/www.grupotecnomotriz.com\/site\/wp-json\/wp\/v2\/product_brand?post=3011"},{"taxonomy":"product_cat","embeddable":true,"href":"https:\/\/www.grupotecnomotriz.com\/site\/wp-json\/wp\/v2\/product_cat?post=3011"},{"taxonomy":"product_tag","embeddable":true,"href":"https:\/\/www.grupotecnomotriz.com\/site\/wp-json\/wp\/v2\/product_tag?post=3011"}],"curies":[{"name":"wp","href":"https:\/\/api.w.org\/{rel}","templated":true}]}}