{"id":3001,"date":"2026-01-30T15:59:11","date_gmt":"2026-01-30T15:59:11","guid":{"rendered":"https:\/\/www.grupotecnomotriz.com\/site\/?post_type=product&#038;p=3001"},"modified":"2026-01-30T15:59:11","modified_gmt":"2026-01-30T15:59:11","slug":"bmw-x3-m40","status":"publish","type":"product","link":"https:\/\/www.grupotecnomotriz.com\/site\/producto\/bmw-x3-m40\/","title":{"rendered":"BMW X3 M40"},"content":{"rendered":"<table style=\"height: 902px;\" width=\"330\">\n<tbody>\n<tr>\n<td>A\u00f1o<\/td>\n<td>2019<\/td>\n<\/tr>\n<tr>\n<td>Motor<\/td>\n<td>3.0L turbo<\/td>\n<\/tr>\n<tr>\n<td>Cilindraje<\/td>\n<td>3000 cc<\/td>\n<\/tr>\n<tr>\n<td>Caballaje<\/td>\n<td>355 hp<\/td>\n<\/tr>\n<tr>\n<td>lb-ft<\/td>\n<td>369<\/td>\n<\/tr>\n<tr>\n<td>Transmisi\u00f3n<\/td>\n<td>Autom\u00e1tica 8 vel.<\/td>\n<\/tr>\n<tr>\n<td>Tracci\u00f3n<\/td>\n<td>xDrive 4&#215;4<\/td>\n<\/tr>\n<tr>\n<td>Dise\u00f1o<\/td>\n<td>M Performance<\/td>\n<\/tr>\n<tr>\n<td>Parrilla<\/td>\n<td>Doble ri\u00f1\u00f3n<\/td>\n<\/tr>\n<tr>\n<td>Rines<\/td>\n<td>M 20&#8243;<\/td>\n<\/tr>\n<tr>\n<td>Juegos de Rines<\/td>\n<td>Dos<\/td>\n<\/tr>\n<tr>\n<td>Intake<\/td>\n<td>AFE Power<\/td>\n<\/tr>\n<tr>\n<td>Downpipe<\/td>\n<td>VRFS<\/td>\n<\/tr>\n<tr>\n<td>Paquete<\/td>\n<td>Aerodin\u00e1mico<\/td>\n<\/tr>\n<tr>\n<td>Faros<\/td>\n<td>LED<\/td>\n<\/tr>\n<tr>\n<td>Presencia<\/td>\n<td>Deportiva<\/td>\n<\/tr>\n<tr>\n<td>Asientos<\/td>\n<td>Deportivos M<\/td>\n<\/tr>\n<tr>\n<td>Pantalla<\/td>\n<td>iDrive<\/td>\n<\/tr>\n<tr>\n<td>Cluster<\/td>\n<td>Digital<\/td>\n<\/tr>\n<tr>\n<td>Charge<\/td>\n<td>Pipes<\/td>\n<\/tr>\n<tr>\n<td>Volante<\/td>\n<td>M<\/td>\n<\/tr>\n<tr>\n<td>Acabados<\/td>\n<td>Premium<\/td>\n<\/tr>\n<tr>\n<td>Detalles<\/td>\n<td>M<\/td>\n<\/tr>\n<tr>\n<td>Suspensi\u00f3n<\/td>\n<td>Adaptativa M<\/td>\n<\/tr>\n<tr>\n<td>Modos de manejo<\/td>\n<td>Sport<\/td>\n<\/tr>\n<tr>\n<td>Frenos<\/td>\n<td>M Sport<\/td>\n<\/tr>\n<tr>\n<td>Escape<\/td>\n<td>Deportivo Dobles M<\/td>\n<\/tr>\n<tr>\n<td>C\u00e1mara<\/td>\n<td>Trasera<\/td>\n<\/tr>\n<tr>\n<td>Asistencias<\/td>\n<td>De conducci\u00f3n<\/td>\n<\/tr>\n<tr>\n<td>Kilometraje<\/td>\n<td>97300 km<\/td>\n<\/tr>\n<\/tbody>\n<\/table>\n<p>&nbsp;<\/p>\n<p>Se entrega con:<\/p>\n<p>Charge Pipe Original<\/p>\n<p>Difusor original<\/p>\n<p>Tips de mufla originales<\/p>\n<p>Intake Original<\/p>\n<p>Downpipe original<\/p>\n","protected":false},"excerpt":{"rendered":"<p>A\u00f1o 2019 Motor 3.0L turbo Cilindraje 3000 cc Caballaje 355 hp lb-ft 369 Transmisi\u00f3n Autom\u00e1tica 8 vel. Tracci\u00f3n xDrive 4&#215;4 Dise\u00f1o M Performance Parrilla Doble ri\u00f1\u00f3n Rines M 20&#8243; Juegos de Rines Dos Intake AFE Power Downpipe VRFS Paquete Aerodin\u00e1mico Faros LED Presencia Deportiva Asientos Deportivos M Pantalla iDrive Cluster Digital Charge Pipes Volante M [&hellip;]<\/p>\n","protected":false},"featured_media":3002,"template":"","meta":[],"product_brand":[],"product_cat":[81],"product_tag":[],"class_list":{"0":"post-3001","1":"product","2":"type-product","3":"status-publish","4":"has-post-thumbnail","6":"product_cat-suv","8":"first","9":"instock","10":"shipping-taxable","11":"purchasable","12":"product-type-simple"},"yoast_head":"<!-- This site is optimized with the Yoast SEO plugin v26.4 - https:\/\/yoast.com\/wordpress\/plugins\/seo\/ -->\n<title>BMW X3 M40 - Grupo Tecnomotriz<\/title>\n<meta name=\"robots\" content=\"index, follow, max-snippet:-1, max-image-preview:large, max-video-preview:-1\" \/>\n<link rel=\"canonical\" href=\"https:\/\/www.grupotecnomotriz.com\/site\/producto\/bmw-x3-m40\/\" \/>\n<meta property=\"og:locale\" content=\"es_ES\" \/>\n<meta property=\"og:type\" content=\"article\" \/>\n<meta property=\"og:title\" content=\"BMW X3 M40 - Grupo Tecnomotriz\" \/>\n<meta property=\"og:description\" content=\"A\u00f1o 2019 Motor 3.0L turbo Cilindraje 3000 cc Caballaje 355 hp lb-ft 369 Transmisi\u00f3n Autom\u00e1tica 8 vel. Tracci\u00f3n xDrive 4&#215;4 Dise\u00f1o M Performance Parrilla Doble ri\u00f1\u00f3n Rines M 20&#8243; Juegos de Rines Dos Intake AFE Power Downpipe VRFS Paquete Aerodin\u00e1mico Faros LED Presencia Deportiva Asientos Deportivos M Pantalla iDrive Cluster Digital Charge Pipes Volante M [&hellip;]\" \/>\n<meta property=\"og:url\" content=\"https:\/\/www.grupotecnomotriz.com\/site\/producto\/bmw-x3-m40\/\" \/>\n<meta property=\"og:site_name\" content=\"Grupo Tecnomotriz\" \/>\n<meta property=\"og:image\" content=\"https:\/\/www.grupotecnomotriz.com\/site\/wp-content\/uploads\/2026\/01\/1-5-1-1024x731.png\" \/>\n\t<meta property=\"og:image:width\" content=\"1024\" \/>\n\t<meta property=\"og:image:height\" content=\"731\" \/>\n\t<meta property=\"og:image:type\" content=\"image\/png\" \/>\n<meta name=\"twitter:card\" content=\"summary_large_image\" \/>\n<meta name=\"twitter:label1\" content=\"Est. reading time\" \/>\n\t<meta name=\"twitter:data1\" content=\"1 minuto\" \/>\n<script type=\"application\/ld+json\" class=\"yoast-schema-graph\">{\"@context\":\"https:\/\/schema.org\",\"@graph\":[{\"@type\":\"WebPage\",\"@id\":\"https:\/\/www.grupotecnomotriz.com\/site\/producto\/bmw-x3-m40\/\",\"url\":\"https:\/\/www.grupotecnomotriz.com\/site\/producto\/bmw-x3-m40\/\",\"name\":\"BMW X3 M40 - Grupo Tecnomotriz\",\"isPartOf\":{\"@id\":\"https:\/\/www.grupotecnomotriz.com\/site\/#website\"},\"primaryImageOfPage\":{\"@id\":\"https:\/\/www.grupotecnomotriz.com\/site\/producto\/bmw-x3-m40\/#primaryimage\"},\"image\":{\"@id\":\"https:\/\/www.grupotecnomotriz.com\/site\/producto\/bmw-x3-m40\/#primaryimage\"},\"thumbnailUrl\":\"https:\/\/www.grupotecnomotriz.com\/site\/wp-content\/uploads\/2026\/01\/1-5-1.png\",\"datePublished\":\"2026-01-30T15:59:11+00:00\",\"breadcrumb\":{\"@id\":\"https:\/\/www.grupotecnomotriz.com\/site\/producto\/bmw-x3-m40\/#breadcrumb\"},\"inLanguage\":\"es-CR\",\"potentialAction\":[{\"@type\":\"ReadAction\",\"target\":[\"https:\/\/www.grupotecnomotriz.com\/site\/producto\/bmw-x3-m40\/\"]}]},{\"@type\":\"ImageObject\",\"inLanguage\":\"es-CR\",\"@id\":\"https:\/\/www.grupotecnomotriz.com\/site\/producto\/bmw-x3-m40\/#primaryimage\",\"url\":\"https:\/\/www.grupotecnomotriz.com\/site\/wp-content\/uploads\/2026\/01\/1-5-1.png\",\"contentUrl\":\"https:\/\/www.grupotecnomotriz.com\/site\/wp-content\/uploads\/2026\/01\/1-5-1.png\",\"width\":2048,\"height\":1462},{\"@type\":\"BreadcrumbList\",\"@id\":\"https:\/\/www.grupotecnomotriz.com\/site\/producto\/bmw-x3-m40\/#breadcrumb\",\"itemListElement\":[{\"@type\":\"ListItem\",\"position\":1,\"name\":\"Portada\",\"item\":\"https:\/\/www.grupotecnomotriz.com\/site\/\"},{\"@type\":\"ListItem\",\"position\":2,\"name\":\"Cat\u00e1logo\",\"item\":\"https:\/\/www.grupotecnomotriz.com\/site\/tienda\/\"},{\"@type\":\"ListItem\",\"position\":3,\"name\":\"BMW X3 M40\"}]},{\"@type\":\"WebSite\",\"@id\":\"https:\/\/www.grupotecnomotriz.com\/site\/#website\",\"url\":\"https:\/\/www.grupotecnomotriz.com\/site\/\",\"name\":\"Grupo Tecnomotriz\",\"description\":\"Taller de enderezado y pintura Tecnomotriz\",\"potentialAction\":[{\"@type\":\"SearchAction\",\"target\":{\"@type\":\"EntryPoint\",\"urlTemplate\":\"https:\/\/www.grupotecnomotriz.com\/site\/?s={search_term_string}\"},\"query-input\":{\"@type\":\"PropertyValueSpecification\",\"valueRequired\":true,\"valueName\":\"search_term_string\"}}],\"inLanguage\":\"es-CR\"}]}<\/script>\n<!-- \/ Yoast SEO plugin. -->","yoast_head_json":{"title":"BMW X3 M40 - Grupo Tecnomotriz","robots":{"index":"index","follow":"follow","max-snippet":"max-snippet:-1","max-image-preview":"max-image-preview:large","max-video-preview":"max-video-preview:-1"},"canonical":"https:\/\/www.grupotecnomotriz.com\/site\/producto\/bmw-x3-m40\/","og_locale":"es_ES","og_type":"article","og_title":"BMW X3 M40 - Grupo Tecnomotriz","og_description":"A\u00f1o 2019 Motor 3.0L turbo Cilindraje 3000 cc Caballaje 355 hp lb-ft 369 Transmisi\u00f3n Autom\u00e1tica 8 vel. Tracci\u00f3n xDrive 4&#215;4 Dise\u00f1o M Performance Parrilla Doble ri\u00f1\u00f3n Rines M 20&#8243; Juegos de Rines Dos Intake AFE Power Downpipe VRFS Paquete Aerodin\u00e1mico Faros LED Presencia Deportiva Asientos Deportivos M Pantalla iDrive Cluster Digital Charge Pipes Volante M [&hellip;]","og_url":"https:\/\/www.grupotecnomotriz.com\/site\/producto\/bmw-x3-m40\/","og_site_name":"Grupo Tecnomotriz","og_image":[{"width":1024,"height":731,"url":"https:\/\/www.grupotecnomotriz.com\/site\/wp-content\/uploads\/2026\/01\/1-5-1-1024x731.png","type":"image\/png"}],"twitter_card":"summary_large_image","twitter_misc":{"Est. reading time":"1 minuto"},"schema":{"@context":"https:\/\/schema.org","@graph":[{"@type":"WebPage","@id":"https:\/\/www.grupotecnomotriz.com\/site\/producto\/bmw-x3-m40\/","url":"https:\/\/www.grupotecnomotriz.com\/site\/producto\/bmw-x3-m40\/","name":"BMW X3 M40 - Grupo Tecnomotriz","isPartOf":{"@id":"https:\/\/www.grupotecnomotriz.com\/site\/#website"},"primaryImageOfPage":{"@id":"https:\/\/www.grupotecnomotriz.com\/site\/producto\/bmw-x3-m40\/#primaryimage"},"image":{"@id":"https:\/\/www.grupotecnomotriz.com\/site\/producto\/bmw-x3-m40\/#primaryimage"},"thumbnailUrl":"https:\/\/www.grupotecnomotriz.com\/site\/wp-content\/uploads\/2026\/01\/1-5-1.png","datePublished":"2026-01-30T15:59:11+00:00","breadcrumb":{"@id":"https:\/\/www.grupotecnomotriz.com\/site\/producto\/bmw-x3-m40\/#breadcrumb"},"inLanguage":"es-CR","potentialAction":[{"@type":"ReadAction","target":["https:\/\/www.grupotecnomotriz.com\/site\/producto\/bmw-x3-m40\/"]}]},{"@type":"ImageObject","inLanguage":"es-CR","@id":"https:\/\/www.grupotecnomotriz.com\/site\/producto\/bmw-x3-m40\/#primaryimage","url":"https:\/\/www.grupotecnomotriz.com\/site\/wp-content\/uploads\/2026\/01\/1-5-1.png","contentUrl":"https:\/\/www.grupotecnomotriz.com\/site\/wp-content\/uploads\/2026\/01\/1-5-1.png","width":2048,"height":1462},{"@type":"BreadcrumbList","@id":"https:\/\/www.grupotecnomotriz.com\/site\/producto\/bmw-x3-m40\/#breadcrumb","itemListElement":[{"@type":"ListItem","position":1,"name":"Portada","item":"https:\/\/www.grupotecnomotriz.com\/site\/"},{"@type":"ListItem","position":2,"name":"Cat\u00e1logo","item":"https:\/\/www.grupotecnomotriz.com\/site\/tienda\/"},{"@type":"ListItem","position":3,"name":"BMW X3 M40"}]},{"@type":"WebSite","@id":"https:\/\/www.grupotecnomotriz.com\/site\/#website","url":"https:\/\/www.grupotecnomotriz.com\/site\/","name":"Grupo Tecnomotriz","description":"Taller de enderezado y pintura Tecnomotriz","potentialAction":[{"@type":"SearchAction","target":{"@type":"EntryPoint","urlTemplate":"https:\/\/www.grupotecnomotriz.com\/site\/?s={search_term_string}"},"query-input":{"@type":"PropertyValueSpecification","valueRequired":true,"valueName":"search_term_string"}}],"inLanguage":"es-CR"}]}},"_links":{"self":[{"href":"https:\/\/www.grupotecnomotriz.com\/site\/wp-json\/wp\/v2\/product\/3001","targetHints":{"allow":["GET"]}}],"collection":[{"href":"https:\/\/www.grupotecnomotriz.com\/site\/wp-json\/wp\/v2\/product"}],"about":[{"href":"https:\/\/www.grupotecnomotriz.com\/site\/wp-json\/wp\/v2\/types\/product"}],"wp:featuredmedia":[{"embeddable":true,"href":"https:\/\/www.grupotecnomotriz.com\/site\/wp-json\/wp\/v2\/media\/3002"}],"wp:attachment":[{"href":"https:\/\/www.grupotecnomotriz.com\/site\/wp-json\/wp\/v2\/media?parent=3001"}],"wp:term":[{"taxonomy":"product_brand","embeddable":true,"href":"https:\/\/www.grupotecnomotriz.com\/site\/wp-json\/wp\/v2\/product_brand?post=3001"},{"taxonomy":"product_cat","embeddable":true,"href":"https:\/\/www.grupotecnomotriz.com\/site\/wp-json\/wp\/v2\/product_cat?post=3001"},{"taxonomy":"product_tag","embeddable":true,"href":"https:\/\/www.grupotecnomotriz.com\/site\/wp-json\/wp\/v2\/product_tag?post=3001"}],"curies":[{"name":"wp","href":"https:\/\/api.w.org\/{rel}","templated":true}]}}