{"id":2108,"date":"2026-01-13T19:42:53","date_gmt":"2026-01-13T19:42:53","guid":{"rendered":"https:\/\/www.grupotecnomotriz.com\/site\/?post_type=product&#038;p=2108"},"modified":"2026-01-29T22:19:39","modified_gmt":"2026-01-29T22:19:39","slug":"2108","status":"publish","type":"product","link":"https:\/\/www.grupotecnomotriz.com\/site\/producto\/2108\/","title":{"rendered":"Mercedes-Benz GLB"},"content":{"rendered":"<table style=\"height: 775px;\" width=\"415\">\n<tbody>\n<tr>\n<td>A\u00f1o<\/td>\n<td>2023<\/td>\n<\/tr>\n<tr>\n<td>Motor<\/td>\n<td>2.0L turbo AMG<\/td>\n<\/tr>\n<tr>\n<td>Motor<\/td>\n<td>2000cc<\/td>\n<\/tr>\n<tr>\n<td>Caballaje<\/td>\n<td>306 hp<\/td>\n<\/tr>\n<tr>\n<td>Nm<\/td>\n<td>400<\/td>\n<\/tr>\n<tr>\n<td>Transmisi\u00f3n<\/td>\n<td>AMG SPEEDSHIFT DCT<\/td>\n<\/tr>\n<tr>\n<td>Tracci\u00f3n<\/td>\n<td>4MATIC<\/td>\n<\/tr>\n<tr>\n<td>Dise\u00f1o<\/td>\n<td>AMG<\/td>\n<\/tr>\n<tr>\n<td>Parrilla<\/td>\n<td>Panamericana<\/td>\n<\/tr>\n<tr>\n<td>Rines<\/td>\n<td>AMG 19&#8243;<\/td>\n<\/tr>\n<tr>\n<td>Paquete<\/td>\n<td>Aerodin\u00e1mico<\/td>\n<\/tr>\n<tr>\n<td>Faros LED<\/td>\n<td>High Performance<\/td>\n<\/tr>\n<tr>\n<td>Perfil<\/td>\n<td>Deportivo<\/td>\n<\/tr>\n<tr>\n<td>Asientos deportivos<\/td>\n<td>AMG<\/td>\n<\/tr>\n<tr>\n<td>Pantalla doble<\/td>\n<td>MBUX<\/td>\n<\/tr>\n<tr>\n<td>Volante<\/td>\n<td>AMG Performance<\/td>\n<\/tr>\n<tr>\n<td>Iluminaci\u00f3n<\/td>\n<td>Ambiental<\/td>\n<\/tr>\n<tr>\n<td>Acabados<\/td>\n<td>Aluminio<\/td>\n<\/tr>\n<tr>\n<td>Detalles<\/td>\n<td>AMG<\/td>\n<\/tr>\n<tr>\n<td>Suspensi\u00f3n AMG<\/td>\n<td>Ride Control<\/td>\n<\/tr>\n<tr>\n<td>Modos AMG<\/td>\n<td>DYNAMIC SELECT<\/td>\n<\/tr>\n<tr>\n<td>Escape deportivo<\/td>\n<td>AMG<\/td>\n<\/tr>\n<tr>\n<td>C\u00e1mara<\/td>\n<td>Trasera<\/td>\n<\/tr>\n<tr>\n<td>Keyless<\/td>\n<td>Go<\/td>\n<\/tr>\n<tr>\n<td>Asistencias<\/td>\n<td>De conducci\u00f3n<\/td>\n<\/tr>\n<tr>\n<td>Kilometraje<\/td>\n<td>20300 km<\/td>\n<\/tr>\n<\/tbody>\n<\/table>\n","protected":false},"excerpt":{"rendered":"<p>A\u00f1o 2023 Motor 2.0L turbo AMG Motor 2000cc Caballaje 306 hp Nm 400 Transmisi\u00f3n AMG SPEEDSHIFT DCT Tracci\u00f3n 4MATIC Dise\u00f1o AMG Parrilla Panamericana Rines AMG 19&#8243; Paquete Aerodin\u00e1mico Faros LED High Performance Perfil Deportivo Asientos deportivos AMG Pantalla doble MBUX Volante AMG Performance Iluminaci\u00f3n Ambiental Acabados Aluminio Detalles AMG Suspensi\u00f3n AMG Ride Control Modos AMG [&hellip;]<\/p>\n","protected":false},"featured_media":2291,"template":"","meta":[],"product_brand":[],"product_cat":[81],"product_tag":[],"class_list":{"0":"post-2108","1":"product","2":"type-product","3":"status-publish","4":"has-post-thumbnail","6":"product_cat-suv","8":"first","9":"instock","10":"shipping-taxable","11":"purchasable","12":"product-type-simple"},"yoast_head":"<!-- This site is optimized with the Yoast SEO plugin v26.4 - https:\/\/yoast.com\/wordpress\/plugins\/seo\/ -->\n<title>Mercedes-Benz GLB - Grupo Tecnomotriz<\/title>\n<meta name=\"robots\" content=\"index, follow, max-snippet:-1, max-image-preview:large, max-video-preview:-1\" \/>\n<link rel=\"canonical\" href=\"https:\/\/www.grupotecnomotriz.com\/site\/producto\/2108\/\" \/>\n<meta property=\"og:locale\" content=\"es_ES\" \/>\n<meta property=\"og:type\" content=\"article\" \/>\n<meta property=\"og:title\" content=\"Mercedes-Benz GLB - Grupo Tecnomotriz\" \/>\n<meta property=\"og:description\" content=\"A\u00f1o 2023 Motor 2.0L turbo AMG Motor 2000cc Caballaje 306 hp Nm 400 Transmisi\u00f3n AMG SPEEDSHIFT DCT Tracci\u00f3n 4MATIC Dise\u00f1o AMG Parrilla Panamericana Rines AMG 19&#8243; Paquete Aerodin\u00e1mico Faros LED High Performance Perfil Deportivo Asientos deportivos AMG Pantalla doble MBUX Volante AMG Performance Iluminaci\u00f3n Ambiental Acabados Aluminio Detalles AMG Suspensi\u00f3n AMG Ride Control Modos AMG [&hellip;]\" \/>\n<meta property=\"og:url\" content=\"https:\/\/www.grupotecnomotriz.com\/site\/producto\/2108\/\" \/>\n<meta property=\"og:site_name\" content=\"Grupo Tecnomotriz\" \/>\n<meta property=\"article:modified_time\" content=\"2026-01-29T22:19:39+00:00\" \/>\n<meta property=\"og:image\" content=\"https:\/\/www.grupotecnomotriz.com\/site\/wp-content\/uploads\/2026\/01\/1-5-1024x731.png\" \/>\n\t<meta property=\"og:image:width\" content=\"1024\" \/>\n\t<meta property=\"og:image:height\" content=\"731\" \/>\n\t<meta property=\"og:image:type\" content=\"image\/png\" \/>\n<meta name=\"twitter:card\" content=\"summary_large_image\" \/>\n<meta name=\"twitter:label1\" content=\"Est. reading time\" \/>\n\t<meta name=\"twitter:data1\" content=\"1 minuto\" \/>\n<script type=\"application\/ld+json\" class=\"yoast-schema-graph\">{\"@context\":\"https:\/\/schema.org\",\"@graph\":[{\"@type\":\"WebPage\",\"@id\":\"https:\/\/www.grupotecnomotriz.com\/site\/producto\/2108\/\",\"url\":\"https:\/\/www.grupotecnomotriz.com\/site\/producto\/2108\/\",\"name\":\"Mercedes-Benz GLB - Grupo Tecnomotriz\",\"isPartOf\":{\"@id\":\"https:\/\/www.grupotecnomotriz.com\/site\/#website\"},\"primaryImageOfPage\":{\"@id\":\"https:\/\/www.grupotecnomotriz.com\/site\/producto\/2108\/#primaryimage\"},\"image\":{\"@id\":\"https:\/\/www.grupotecnomotriz.com\/site\/producto\/2108\/#primaryimage\"},\"thumbnailUrl\":\"https:\/\/www.grupotecnomotriz.com\/site\/wp-content\/uploads\/2026\/01\/1-5-scaled.png\",\"datePublished\":\"2026-01-13T19:42:53+00:00\",\"dateModified\":\"2026-01-29T22:19:39+00:00\",\"breadcrumb\":{\"@id\":\"https:\/\/www.grupotecnomotriz.com\/site\/producto\/2108\/#breadcrumb\"},\"inLanguage\":\"es-CR\",\"potentialAction\":[{\"@type\":\"ReadAction\",\"target\":[\"https:\/\/www.grupotecnomotriz.com\/site\/producto\/2108\/\"]}]},{\"@type\":\"ImageObject\",\"inLanguage\":\"es-CR\",\"@id\":\"https:\/\/www.grupotecnomotriz.com\/site\/producto\/2108\/#primaryimage\",\"url\":\"https:\/\/www.grupotecnomotriz.com\/site\/wp-content\/uploads\/2026\/01\/1-5-scaled.png\",\"contentUrl\":\"https:\/\/www.grupotecnomotriz.com\/site\/wp-content\/uploads\/2026\/01\/1-5-scaled.png\",\"width\":2560,\"height\":1827},{\"@type\":\"BreadcrumbList\",\"@id\":\"https:\/\/www.grupotecnomotriz.com\/site\/producto\/2108\/#breadcrumb\",\"itemListElement\":[{\"@type\":\"ListItem\",\"position\":1,\"name\":\"Portada\",\"item\":\"https:\/\/www.grupotecnomotriz.com\/site\/\"},{\"@type\":\"ListItem\",\"position\":2,\"name\":\"Cat\u00e1logo\",\"item\":\"https:\/\/www.grupotecnomotriz.com\/site\/tienda\/\"},{\"@type\":\"ListItem\",\"position\":3,\"name\":\"Mercedes-Benz GLB\"}]},{\"@type\":\"WebSite\",\"@id\":\"https:\/\/www.grupotecnomotriz.com\/site\/#website\",\"url\":\"https:\/\/www.grupotecnomotriz.com\/site\/\",\"name\":\"Grupo Tecnomotriz\",\"description\":\"Taller de enderezado y pintura Tecnomotriz\",\"potentialAction\":[{\"@type\":\"SearchAction\",\"target\":{\"@type\":\"EntryPoint\",\"urlTemplate\":\"https:\/\/www.grupotecnomotriz.com\/site\/?s={search_term_string}\"},\"query-input\":{\"@type\":\"PropertyValueSpecification\",\"valueRequired\":true,\"valueName\":\"search_term_string\"}}],\"inLanguage\":\"es-CR\"}]}<\/script>\n<!-- \/ Yoast SEO plugin. -->","yoast_head_json":{"title":"Mercedes-Benz GLB - Grupo Tecnomotriz","robots":{"index":"index","follow":"follow","max-snippet":"max-snippet:-1","max-image-preview":"max-image-preview:large","max-video-preview":"max-video-preview:-1"},"canonical":"https:\/\/www.grupotecnomotriz.com\/site\/producto\/2108\/","og_locale":"es_ES","og_type":"article","og_title":"Mercedes-Benz GLB - Grupo Tecnomotriz","og_description":"A\u00f1o 2023 Motor 2.0L turbo AMG Motor 2000cc Caballaje 306 hp Nm 400 Transmisi\u00f3n AMG SPEEDSHIFT DCT Tracci\u00f3n 4MATIC Dise\u00f1o AMG Parrilla Panamericana Rines AMG 19&#8243; Paquete Aerodin\u00e1mico Faros LED High Performance Perfil Deportivo Asientos deportivos AMG Pantalla doble MBUX Volante AMG Performance Iluminaci\u00f3n Ambiental Acabados Aluminio Detalles AMG Suspensi\u00f3n AMG Ride Control Modos AMG [&hellip;]","og_url":"https:\/\/www.grupotecnomotriz.com\/site\/producto\/2108\/","og_site_name":"Grupo Tecnomotriz","article_modified_time":"2026-01-29T22:19:39+00:00","og_image":[{"width":1024,"height":731,"url":"https:\/\/www.grupotecnomotriz.com\/site\/wp-content\/uploads\/2026\/01\/1-5-1024x731.png","type":"image\/png"}],"twitter_card":"summary_large_image","twitter_misc":{"Est. reading time":"1 minuto"},"schema":{"@context":"https:\/\/schema.org","@graph":[{"@type":"WebPage","@id":"https:\/\/www.grupotecnomotriz.com\/site\/producto\/2108\/","url":"https:\/\/www.grupotecnomotriz.com\/site\/producto\/2108\/","name":"Mercedes-Benz GLB - Grupo Tecnomotriz","isPartOf":{"@id":"https:\/\/www.grupotecnomotriz.com\/site\/#website"},"primaryImageOfPage":{"@id":"https:\/\/www.grupotecnomotriz.com\/site\/producto\/2108\/#primaryimage"},"image":{"@id":"https:\/\/www.grupotecnomotriz.com\/site\/producto\/2108\/#primaryimage"},"thumbnailUrl":"https:\/\/www.grupotecnomotriz.com\/site\/wp-content\/uploads\/2026\/01\/1-5-scaled.png","datePublished":"2026-01-13T19:42:53+00:00","dateModified":"2026-01-29T22:19:39+00:00","breadcrumb":{"@id":"https:\/\/www.grupotecnomotriz.com\/site\/producto\/2108\/#breadcrumb"},"inLanguage":"es-CR","potentialAction":[{"@type":"ReadAction","target":["https:\/\/www.grupotecnomotriz.com\/site\/producto\/2108\/"]}]},{"@type":"ImageObject","inLanguage":"es-CR","@id":"https:\/\/www.grupotecnomotriz.com\/site\/producto\/2108\/#primaryimage","url":"https:\/\/www.grupotecnomotriz.com\/site\/wp-content\/uploads\/2026\/01\/1-5-scaled.png","contentUrl":"https:\/\/www.grupotecnomotriz.com\/site\/wp-content\/uploads\/2026\/01\/1-5-scaled.png","width":2560,"height":1827},{"@type":"BreadcrumbList","@id":"https:\/\/www.grupotecnomotriz.com\/site\/producto\/2108\/#breadcrumb","itemListElement":[{"@type":"ListItem","position":1,"name":"Portada","item":"https:\/\/www.grupotecnomotriz.com\/site\/"},{"@type":"ListItem","position":2,"name":"Cat\u00e1logo","item":"https:\/\/www.grupotecnomotriz.com\/site\/tienda\/"},{"@type":"ListItem","position":3,"name":"Mercedes-Benz GLB"}]},{"@type":"WebSite","@id":"https:\/\/www.grupotecnomotriz.com\/site\/#website","url":"https:\/\/www.grupotecnomotriz.com\/site\/","name":"Grupo Tecnomotriz","description":"Taller de enderezado y pintura Tecnomotriz","potentialAction":[{"@type":"SearchAction","target":{"@type":"EntryPoint","urlTemplate":"https:\/\/www.grupotecnomotriz.com\/site\/?s={search_term_string}"},"query-input":{"@type":"PropertyValueSpecification","valueRequired":true,"valueName":"search_term_string"}}],"inLanguage":"es-CR"}]}},"_links":{"self":[{"href":"https:\/\/www.grupotecnomotriz.com\/site\/wp-json\/wp\/v2\/product\/2108","targetHints":{"allow":["GET"]}}],"collection":[{"href":"https:\/\/www.grupotecnomotriz.com\/site\/wp-json\/wp\/v2\/product"}],"about":[{"href":"https:\/\/www.grupotecnomotriz.com\/site\/wp-json\/wp\/v2\/types\/product"}],"wp:featuredmedia":[{"embeddable":true,"href":"https:\/\/www.grupotecnomotriz.com\/site\/wp-json\/wp\/v2\/media\/2291"}],"wp:attachment":[{"href":"https:\/\/www.grupotecnomotriz.com\/site\/wp-json\/wp\/v2\/media?parent=2108"}],"wp:term":[{"taxonomy":"product_brand","embeddable":true,"href":"https:\/\/www.grupotecnomotriz.com\/site\/wp-json\/wp\/v2\/product_brand?post=2108"},{"taxonomy":"product_cat","embeddable":true,"href":"https:\/\/www.grupotecnomotriz.com\/site\/wp-json\/wp\/v2\/product_cat?post=2108"},{"taxonomy":"product_tag","embeddable":true,"href":"https:\/\/www.grupotecnomotriz.com\/site\/wp-json\/wp\/v2\/product_tag?post=2108"}],"curies":[{"name":"wp","href":"https:\/\/api.w.org\/{rel}","templated":true}]}}