{"id":2095,"date":"2026-01-13T19:30:52","date_gmt":"2026-01-13T19:30:52","guid":{"rendered":"https:\/\/www.grupotecnomotriz.com\/site\/?post_type=product&#038;p=2095"},"modified":"2026-01-29T22:11:01","modified_gmt":"2026-01-29T22:11:01","slug":"ford-bronco-raptor","status":"publish","type":"product","link":"https:\/\/www.grupotecnomotriz.com\/site\/producto\/ford-bronco-raptor\/","title":{"rendered":"Ford Bronco Raptor"},"content":{"rendered":"<table style=\"height: 745px;\" width=\"313\">\n<tbody>\n<tr>\n<td>A\u00f1o<\/td>\n<td>2023<\/td>\n<\/tr>\n<tr>\n<td>Motor<\/td>\n<td>3.0L<\/td>\n<\/tr>\n<tr>\n<td>V6 EcoBoost<\/td>\n<td>2956 cc<\/td>\n<\/tr>\n<tr>\n<td>Caballaje<\/td>\n<td>418 hp<\/td>\n<\/tr>\n<tr>\n<td>lb-ft<\/td>\n<td>440<\/td>\n<\/tr>\n<tr>\n<td>Transmisi\u00f3n<\/td>\n<td>10 velocidades<\/td>\n<\/tr>\n<tr>\n<td>Tracci\u00f3n<\/td>\n<td>4\u00d74 avanzada<\/td>\n<\/tr>\n<tr>\n<td>Dise\u00f1o<\/td>\n<td>Raptor<\/td>\n<\/tr>\n<tr>\n<td>Guardabarros<\/td>\n<td>Anchos<\/td>\n<\/tr>\n<tr>\n<td>Parachoques<\/td>\n<td>Acero<\/td>\n<\/tr>\n<tr>\n<td>Rines<\/td>\n<td>17&#8243; beadlock<\/td>\n<\/tr>\n<tr>\n<td>Llantas<\/td>\n<td>37&#8243;<\/td>\n<\/tr>\n<tr>\n<td>Postura<\/td>\n<td>Extrema<\/td>\n<\/tr>\n<tr>\n<td>Asientos<\/td>\n<td>Deportivos<\/td>\n<\/tr>\n<tr>\n<td>Pantalla central<\/td>\n<td>12&#8243;<\/td>\n<\/tr>\n<tr>\n<td>Cluster<\/td>\n<td>Digital<\/td>\n<\/tr>\n<tr>\n<td>Volante<\/td>\n<td>Forrado<\/td>\n<\/tr>\n<tr>\n<td>Materiales<\/td>\n<td>Resistentes<\/td>\n<\/tr>\n<tr>\n<td>Detalles<\/td>\n<td>Raptor<\/td>\n<\/tr>\n<tr>\n<td>Suspensi\u00f3n<\/td>\n<td>FOX Live Valve<\/td>\n<\/tr>\n<tr>\n<td>Bloqueos<\/td>\n<td>Delantero y Trasero<\/td>\n<\/tr>\n<tr>\n<td>Modos<\/td>\n<td>GOAT avanzados<\/td>\n<\/tr>\n<tr>\n<td>C\u00e1mara<\/td>\n<td>360\u00b0<\/td>\n<\/tr>\n<tr>\n<td>Trail Control<\/td>\n<td>Escape activo<\/td>\n<\/tr>\n<tr>\n<td>Millaje<\/td>\n<td>5725.8 mi<\/td>\n<\/tr>\n<\/tbody>\n<\/table>\n<p>&nbsp;<\/p>\n","protected":false},"excerpt":{"rendered":"<p>A\u00f1o 2023 Motor 3.0L V6 EcoBoost 2956 cc Caballaje 418 hp lb-ft 440 Transmisi\u00f3n 10 velocidades Tracci\u00f3n 4\u00d74 avanzada Dise\u00f1o Raptor Guardabarros Anchos Parachoques Acero Rines 17&#8243; beadlock Llantas 37&#8243; Postura Extrema Asientos Deportivos Pantalla central 12&#8243; Cluster Digital Volante Forrado Materiales Resistentes Detalles Raptor Suspensi\u00f3n FOX Live Valve Bloqueos Delantero y Trasero Modos GOAT [&hellip;]<\/p>\n","protected":false},"featured_media":2300,"template":"","meta":[],"product_brand":[],"product_cat":[84],"product_tag":[],"class_list":{"0":"post-2095","1":"product","2":"type-product","3":"status-publish","4":"has-post-thumbnail","6":"product_cat-todo-terreno","8":"first","9":"instock","10":"shipping-taxable","11":"purchasable","12":"product-type-simple"},"yoast_head":"<!-- This site is optimized with the Yoast SEO plugin v26.4 - https:\/\/yoast.com\/wordpress\/plugins\/seo\/ -->\n<title>Ford Bronco Raptor - Grupo Tecnomotriz<\/title>\n<meta name=\"robots\" content=\"index, follow, max-snippet:-1, max-image-preview:large, max-video-preview:-1\" \/>\n<link rel=\"canonical\" href=\"https:\/\/www.grupotecnomotriz.com\/site\/producto\/ford-bronco-raptor\/\" \/>\n<meta property=\"og:locale\" content=\"es_ES\" \/>\n<meta property=\"og:type\" content=\"article\" \/>\n<meta property=\"og:title\" content=\"Ford Bronco Raptor - Grupo Tecnomotriz\" \/>\n<meta property=\"og:description\" content=\"A\u00f1o 2023 Motor 3.0L V6 EcoBoost 2956 cc Caballaje 418 hp lb-ft 440 Transmisi\u00f3n 10 velocidades Tracci\u00f3n 4\u00d74 avanzada Dise\u00f1o Raptor Guardabarros Anchos Parachoques Acero Rines 17&#8243; beadlock Llantas 37&#8243; Postura Extrema Asientos Deportivos Pantalla central 12&#8243; Cluster Digital Volante Forrado Materiales Resistentes Detalles Raptor Suspensi\u00f3n FOX Live Valve Bloqueos Delantero y Trasero Modos GOAT [&hellip;]\" \/>\n<meta property=\"og:url\" content=\"https:\/\/www.grupotecnomotriz.com\/site\/producto\/ford-bronco-raptor\/\" \/>\n<meta property=\"og:site_name\" content=\"Grupo Tecnomotriz\" \/>\n<meta property=\"article:modified_time\" content=\"2026-01-29T22:11:01+00:00\" \/>\n<meta property=\"og:image\" content=\"https:\/\/www.grupotecnomotriz.com\/site\/wp-content\/uploads\/2026\/01\/1-6-1024x731.png\" \/>\n\t<meta property=\"og:image:width\" content=\"1024\" \/>\n\t<meta property=\"og:image:height\" content=\"731\" \/>\n\t<meta property=\"og:image:type\" content=\"image\/png\" \/>\n<meta name=\"twitter:card\" content=\"summary_large_image\" \/>\n<meta name=\"twitter:label1\" content=\"Est. reading time\" \/>\n\t<meta name=\"twitter:data1\" content=\"1 minuto\" \/>\n<script type=\"application\/ld+json\" class=\"yoast-schema-graph\">{\"@context\":\"https:\/\/schema.org\",\"@graph\":[{\"@type\":\"WebPage\",\"@id\":\"https:\/\/www.grupotecnomotriz.com\/site\/producto\/ford-bronco-raptor\/\",\"url\":\"https:\/\/www.grupotecnomotriz.com\/site\/producto\/ford-bronco-raptor\/\",\"name\":\"Ford Bronco Raptor - Grupo Tecnomotriz\",\"isPartOf\":{\"@id\":\"https:\/\/www.grupotecnomotriz.com\/site\/#website\"},\"primaryImageOfPage\":{\"@id\":\"https:\/\/www.grupotecnomotriz.com\/site\/producto\/ford-bronco-raptor\/#primaryimage\"},\"image\":{\"@id\":\"https:\/\/www.grupotecnomotriz.com\/site\/producto\/ford-bronco-raptor\/#primaryimage\"},\"thumbnailUrl\":\"https:\/\/www.grupotecnomotriz.com\/site\/wp-content\/uploads\/2026\/01\/1-6-scaled.png\",\"datePublished\":\"2026-01-13T19:30:52+00:00\",\"dateModified\":\"2026-01-29T22:11:01+00:00\",\"breadcrumb\":{\"@id\":\"https:\/\/www.grupotecnomotriz.com\/site\/producto\/ford-bronco-raptor\/#breadcrumb\"},\"inLanguage\":\"es-CR\",\"potentialAction\":[{\"@type\":\"ReadAction\",\"target\":[\"https:\/\/www.grupotecnomotriz.com\/site\/producto\/ford-bronco-raptor\/\"]}]},{\"@type\":\"ImageObject\",\"inLanguage\":\"es-CR\",\"@id\":\"https:\/\/www.grupotecnomotriz.com\/site\/producto\/ford-bronco-raptor\/#primaryimage\",\"url\":\"https:\/\/www.grupotecnomotriz.com\/site\/wp-content\/uploads\/2026\/01\/1-6-scaled.png\",\"contentUrl\":\"https:\/\/www.grupotecnomotriz.com\/site\/wp-content\/uploads\/2026\/01\/1-6-scaled.png\",\"width\":2560,\"height\":1827},{\"@type\":\"BreadcrumbList\",\"@id\":\"https:\/\/www.grupotecnomotriz.com\/site\/producto\/ford-bronco-raptor\/#breadcrumb\",\"itemListElement\":[{\"@type\":\"ListItem\",\"position\":1,\"name\":\"Portada\",\"item\":\"https:\/\/www.grupotecnomotriz.com\/site\/\"},{\"@type\":\"ListItem\",\"position\":2,\"name\":\"Cat\u00e1logo\",\"item\":\"https:\/\/www.grupotecnomotriz.com\/site\/tienda\/\"},{\"@type\":\"ListItem\",\"position\":3,\"name\":\"Ford Bronco Raptor\"}]},{\"@type\":\"WebSite\",\"@id\":\"https:\/\/www.grupotecnomotriz.com\/site\/#website\",\"url\":\"https:\/\/www.grupotecnomotriz.com\/site\/\",\"name\":\"Grupo Tecnomotriz\",\"description\":\"Taller de enderezado y pintura Tecnomotriz\",\"potentialAction\":[{\"@type\":\"SearchAction\",\"target\":{\"@type\":\"EntryPoint\",\"urlTemplate\":\"https:\/\/www.grupotecnomotriz.com\/site\/?s={search_term_string}\"},\"query-input\":{\"@type\":\"PropertyValueSpecification\",\"valueRequired\":true,\"valueName\":\"search_term_string\"}}],\"inLanguage\":\"es-CR\"}]}<\/script>\n<!-- \/ Yoast SEO plugin. -->","yoast_head_json":{"title":"Ford Bronco Raptor - Grupo Tecnomotriz","robots":{"index":"index","follow":"follow","max-snippet":"max-snippet:-1","max-image-preview":"max-image-preview:large","max-video-preview":"max-video-preview:-1"},"canonical":"https:\/\/www.grupotecnomotriz.com\/site\/producto\/ford-bronco-raptor\/","og_locale":"es_ES","og_type":"article","og_title":"Ford Bronco Raptor - Grupo Tecnomotriz","og_description":"A\u00f1o 2023 Motor 3.0L V6 EcoBoost 2956 cc Caballaje 418 hp lb-ft 440 Transmisi\u00f3n 10 velocidades Tracci\u00f3n 4\u00d74 avanzada Dise\u00f1o Raptor Guardabarros Anchos Parachoques Acero Rines 17&#8243; beadlock Llantas 37&#8243; Postura Extrema Asientos Deportivos Pantalla central 12&#8243; Cluster Digital Volante Forrado Materiales Resistentes Detalles Raptor Suspensi\u00f3n FOX Live Valve Bloqueos Delantero y Trasero Modos GOAT [&hellip;]","og_url":"https:\/\/www.grupotecnomotriz.com\/site\/producto\/ford-bronco-raptor\/","og_site_name":"Grupo Tecnomotriz","article_modified_time":"2026-01-29T22:11:01+00:00","og_image":[{"width":1024,"height":731,"url":"https:\/\/www.grupotecnomotriz.com\/site\/wp-content\/uploads\/2026\/01\/1-6-1024x731.png","type":"image\/png"}],"twitter_card":"summary_large_image","twitter_misc":{"Est. reading time":"1 minuto"},"schema":{"@context":"https:\/\/schema.org","@graph":[{"@type":"WebPage","@id":"https:\/\/www.grupotecnomotriz.com\/site\/producto\/ford-bronco-raptor\/","url":"https:\/\/www.grupotecnomotriz.com\/site\/producto\/ford-bronco-raptor\/","name":"Ford Bronco Raptor - Grupo Tecnomotriz","isPartOf":{"@id":"https:\/\/www.grupotecnomotriz.com\/site\/#website"},"primaryImageOfPage":{"@id":"https:\/\/www.grupotecnomotriz.com\/site\/producto\/ford-bronco-raptor\/#primaryimage"},"image":{"@id":"https:\/\/www.grupotecnomotriz.com\/site\/producto\/ford-bronco-raptor\/#primaryimage"},"thumbnailUrl":"https:\/\/www.grupotecnomotriz.com\/site\/wp-content\/uploads\/2026\/01\/1-6-scaled.png","datePublished":"2026-01-13T19:30:52+00:00","dateModified":"2026-01-29T22:11:01+00:00","breadcrumb":{"@id":"https:\/\/www.grupotecnomotriz.com\/site\/producto\/ford-bronco-raptor\/#breadcrumb"},"inLanguage":"es-CR","potentialAction":[{"@type":"ReadAction","target":["https:\/\/www.grupotecnomotriz.com\/site\/producto\/ford-bronco-raptor\/"]}]},{"@type":"ImageObject","inLanguage":"es-CR","@id":"https:\/\/www.grupotecnomotriz.com\/site\/producto\/ford-bronco-raptor\/#primaryimage","url":"https:\/\/www.grupotecnomotriz.com\/site\/wp-content\/uploads\/2026\/01\/1-6-scaled.png","contentUrl":"https:\/\/www.grupotecnomotriz.com\/site\/wp-content\/uploads\/2026\/01\/1-6-scaled.png","width":2560,"height":1827},{"@type":"BreadcrumbList","@id":"https:\/\/www.grupotecnomotriz.com\/site\/producto\/ford-bronco-raptor\/#breadcrumb","itemListElement":[{"@type":"ListItem","position":1,"name":"Portada","item":"https:\/\/www.grupotecnomotriz.com\/site\/"},{"@type":"ListItem","position":2,"name":"Cat\u00e1logo","item":"https:\/\/www.grupotecnomotriz.com\/site\/tienda\/"},{"@type":"ListItem","position":3,"name":"Ford Bronco Raptor"}]},{"@type":"WebSite","@id":"https:\/\/www.grupotecnomotriz.com\/site\/#website","url":"https:\/\/www.grupotecnomotriz.com\/site\/","name":"Grupo Tecnomotriz","description":"Taller de enderezado y pintura Tecnomotriz","potentialAction":[{"@type":"SearchAction","target":{"@type":"EntryPoint","urlTemplate":"https:\/\/www.grupotecnomotriz.com\/site\/?s={search_term_string}"},"query-input":{"@type":"PropertyValueSpecification","valueRequired":true,"valueName":"search_term_string"}}],"inLanguage":"es-CR"}]}},"_links":{"self":[{"href":"https:\/\/www.grupotecnomotriz.com\/site\/wp-json\/wp\/v2\/product\/2095","targetHints":{"allow":["GET"]}}],"collection":[{"href":"https:\/\/www.grupotecnomotriz.com\/site\/wp-json\/wp\/v2\/product"}],"about":[{"href":"https:\/\/www.grupotecnomotriz.com\/site\/wp-json\/wp\/v2\/types\/product"}],"wp:featuredmedia":[{"embeddable":true,"href":"https:\/\/www.grupotecnomotriz.com\/site\/wp-json\/wp\/v2\/media\/2300"}],"wp:attachment":[{"href":"https:\/\/www.grupotecnomotriz.com\/site\/wp-json\/wp\/v2\/media?parent=2095"}],"wp:term":[{"taxonomy":"product_brand","embeddable":true,"href":"https:\/\/www.grupotecnomotriz.com\/site\/wp-json\/wp\/v2\/product_brand?post=2095"},{"taxonomy":"product_cat","embeddable":true,"href":"https:\/\/www.grupotecnomotriz.com\/site\/wp-json\/wp\/v2\/product_cat?post=2095"},{"taxonomy":"product_tag","embeddable":true,"href":"https:\/\/www.grupotecnomotriz.com\/site\/wp-json\/wp\/v2\/product_tag?post=2095"}],"curies":[{"name":"wp","href":"https:\/\/api.w.org\/{rel}","templated":true}]}}