{"id":1983,"date":"2026-01-09T19:47:06","date_gmt":"2026-01-09T19:47:06","guid":{"rendered":"https:\/\/www.grupotecnomotriz.com\/site\/?post_type=product&#038;p=1983"},"modified":"2026-01-29T22:12:23","modified_gmt":"2026-01-29T22:12:23","slug":"bmw-x6-xdrive-30d","status":"publish","type":"product","link":"https:\/\/www.grupotecnomotriz.com\/site\/producto\/bmw-x6-xdrive-30d\/","title":{"rendered":"BMW X6 xDrive 30D"},"content":{"rendered":"<table style=\"height: 304px;\" width=\"260\">\n<tbody>\n<tr>\n<td>A\u00f1o<\/td>\n<td>2018<\/td>\n<\/tr>\n<tr>\n<td>Motor<\/td>\n<td>3000 c.c.<\/td>\n<\/tr>\n<tr>\n<td>Cilindraje<\/td>\n<td>6<\/td>\n<\/tr>\n<tr>\n<td>Potencia<\/td>\n<td>190 hp<\/td>\n<\/tr>\n<tr>\n<td>Combustible<\/td>\n<td>Di\u00e9sel<\/td>\n<\/tr>\n<tr>\n<td>Tracci\u00f3n<\/td>\n<td>4&#215;4<\/td>\n<\/tr>\n<tr>\n<td>Interiores<\/td>\n<td>Cuero<\/td>\n<\/tr>\n<tr>\n<td>Techo<\/td>\n<td>Sunroof<\/td>\n<\/tr>\n<tr>\n<td>Aros<\/td>\n<td>De lujo<\/td>\n<\/tr>\n<tr>\n<td>Kilometraje<\/td>\n<td>78000 km.<\/td>\n<\/tr>\n<\/tbody>\n<\/table>\n<p>&nbsp;<\/p>\n<p>(No incluye traspaso ni gastos legales) Financiamiento disponible. El kilometraje mostrado es aproximado, ya que el auto puede seguir en uso mientras se encuentra publicado. Nos reservamos el derecho de actualizar la informaci\u00f3n cuando sea necesario.<\/p>\n","protected":false},"excerpt":{"rendered":"<p>A\u00f1o 2018 Motor 3000 c.c. Cilindraje 6 Potencia 190 hp Combustible Di\u00e9sel Tracci\u00f3n 4&#215;4 Interiores Cuero Techo Sunroof Aros De lujo Kilometraje 78000 km. &nbsp; (No incluye traspaso ni gastos legales) Financiamiento disponible. El kilometraje mostrado es aproximado, ya que el auto puede seguir en uso mientras se encuentra publicado. Nos reservamos el derecho de [&hellip;]<\/p>\n","protected":false},"featured_media":2743,"template":"","meta":[],"product_brand":[],"product_cat":[81],"product_tag":[],"class_list":{"0":"post-1983","1":"product","2":"type-product","3":"status-publish","4":"has-post-thumbnail","6":"product_cat-suv","8":"first","9":"outofstock","10":"shipping-taxable","11":"purchasable","12":"product-type-simple"},"yoast_head":"<!-- This site is optimized with the Yoast SEO plugin v26.4 - https:\/\/yoast.com\/wordpress\/plugins\/seo\/ -->\n<title>BMW X6 xDrive 30D - Grupo Tecnomotriz<\/title>\n<meta name=\"robots\" content=\"index, follow, max-snippet:-1, max-image-preview:large, max-video-preview:-1\" \/>\n<link rel=\"canonical\" href=\"https:\/\/www.grupotecnomotriz.com\/site\/producto\/bmw-x6-xdrive-30d\/\" \/>\n<meta property=\"og:locale\" content=\"es_ES\" \/>\n<meta property=\"og:type\" content=\"article\" \/>\n<meta property=\"og:title\" content=\"BMW X6 xDrive 30D - Grupo Tecnomotriz\" \/>\n<meta property=\"og:description\" content=\"A\u00f1o 2018 Motor 3000 c.c. Cilindraje 6 Potencia 190 hp Combustible Di\u00e9sel Tracci\u00f3n 4&#215;4 Interiores Cuero Techo Sunroof Aros De lujo Kilometraje 78000 km. &nbsp; (No incluye traspaso ni gastos legales) Financiamiento disponible. El kilometraje mostrado es aproximado, ya que el auto puede seguir en uso mientras se encuentra publicado. Nos reservamos el derecho de [&hellip;]\" \/>\n<meta property=\"og:url\" content=\"https:\/\/www.grupotecnomotriz.com\/site\/producto\/bmw-x6-xdrive-30d\/\" \/>\n<meta property=\"og:site_name\" content=\"Grupo Tecnomotriz\" \/>\n<meta property=\"article:modified_time\" content=\"2026-01-29T22:12:23+00:00\" \/>\n<meta property=\"og:image\" content=\"https:\/\/www.grupotecnomotriz.com\/site\/wp-content\/uploads\/2026\/01\/5-4-1-1024x731.png\" \/>\n\t<meta property=\"og:image:width\" content=\"1024\" \/>\n\t<meta property=\"og:image:height\" content=\"731\" \/>\n\t<meta property=\"og:image:type\" content=\"image\/png\" \/>\n<meta name=\"twitter:card\" content=\"summary_large_image\" \/>\n<meta name=\"twitter:label1\" content=\"Est. reading time\" \/>\n\t<meta name=\"twitter:data1\" content=\"1 minuto\" \/>\n<script type=\"application\/ld+json\" class=\"yoast-schema-graph\">{\"@context\":\"https:\/\/schema.org\",\"@graph\":[{\"@type\":\"WebPage\",\"@id\":\"https:\/\/www.grupotecnomotriz.com\/site\/producto\/bmw-x6-xdrive-30d\/\",\"url\":\"https:\/\/www.grupotecnomotriz.com\/site\/producto\/bmw-x6-xdrive-30d\/\",\"name\":\"BMW X6 xDrive 30D - Grupo Tecnomotriz\",\"isPartOf\":{\"@id\":\"https:\/\/www.grupotecnomotriz.com\/site\/#website\"},\"primaryImageOfPage\":{\"@id\":\"https:\/\/www.grupotecnomotriz.com\/site\/producto\/bmw-x6-xdrive-30d\/#primaryimage\"},\"image\":{\"@id\":\"https:\/\/www.grupotecnomotriz.com\/site\/producto\/bmw-x6-xdrive-30d\/#primaryimage\"},\"thumbnailUrl\":\"https:\/\/www.grupotecnomotriz.com\/site\/wp-content\/uploads\/2026\/01\/5-4-1.png\",\"datePublished\":\"2026-01-09T19:47:06+00:00\",\"dateModified\":\"2026-01-29T22:12:23+00:00\",\"breadcrumb\":{\"@id\":\"https:\/\/www.grupotecnomotriz.com\/site\/producto\/bmw-x6-xdrive-30d\/#breadcrumb\"},\"inLanguage\":\"es-CR\",\"potentialAction\":[{\"@type\":\"ReadAction\",\"target\":[\"https:\/\/www.grupotecnomotriz.com\/site\/producto\/bmw-x6-xdrive-30d\/\"]}]},{\"@type\":\"ImageObject\",\"inLanguage\":\"es-CR\",\"@id\":\"https:\/\/www.grupotecnomotriz.com\/site\/producto\/bmw-x6-xdrive-30d\/#primaryimage\",\"url\":\"https:\/\/www.grupotecnomotriz.com\/site\/wp-content\/uploads\/2026\/01\/5-4-1.png\",\"contentUrl\":\"https:\/\/www.grupotecnomotriz.com\/site\/wp-content\/uploads\/2026\/01\/5-4-1.png\",\"width\":2048,\"height\":1462},{\"@type\":\"BreadcrumbList\",\"@id\":\"https:\/\/www.grupotecnomotriz.com\/site\/producto\/bmw-x6-xdrive-30d\/#breadcrumb\",\"itemListElement\":[{\"@type\":\"ListItem\",\"position\":1,\"name\":\"Portada\",\"item\":\"https:\/\/www.grupotecnomotriz.com\/site\/\"},{\"@type\":\"ListItem\",\"position\":2,\"name\":\"Cat\u00e1logo\",\"item\":\"https:\/\/www.grupotecnomotriz.com\/site\/tienda\/\"},{\"@type\":\"ListItem\",\"position\":3,\"name\":\"BMW X6 xDrive 30D\"}]},{\"@type\":\"WebSite\",\"@id\":\"https:\/\/www.grupotecnomotriz.com\/site\/#website\",\"url\":\"https:\/\/www.grupotecnomotriz.com\/site\/\",\"name\":\"Grupo Tecnomotriz\",\"description\":\"Taller de enderezado y pintura Tecnomotriz\",\"potentialAction\":[{\"@type\":\"SearchAction\",\"target\":{\"@type\":\"EntryPoint\",\"urlTemplate\":\"https:\/\/www.grupotecnomotriz.com\/site\/?s={search_term_string}\"},\"query-input\":{\"@type\":\"PropertyValueSpecification\",\"valueRequired\":true,\"valueName\":\"search_term_string\"}}],\"inLanguage\":\"es-CR\"}]}<\/script>\n<!-- \/ Yoast SEO plugin. -->","yoast_head_json":{"title":"BMW X6 xDrive 30D - Grupo Tecnomotriz","robots":{"index":"index","follow":"follow","max-snippet":"max-snippet:-1","max-image-preview":"max-image-preview:large","max-video-preview":"max-video-preview:-1"},"canonical":"https:\/\/www.grupotecnomotriz.com\/site\/producto\/bmw-x6-xdrive-30d\/","og_locale":"es_ES","og_type":"article","og_title":"BMW X6 xDrive 30D - Grupo Tecnomotriz","og_description":"A\u00f1o 2018 Motor 3000 c.c. Cilindraje 6 Potencia 190 hp Combustible Di\u00e9sel Tracci\u00f3n 4&#215;4 Interiores Cuero Techo Sunroof Aros De lujo Kilometraje 78000 km. &nbsp; (No incluye traspaso ni gastos legales) Financiamiento disponible. El kilometraje mostrado es aproximado, ya que el auto puede seguir en uso mientras se encuentra publicado. Nos reservamos el derecho de [&hellip;]","og_url":"https:\/\/www.grupotecnomotriz.com\/site\/producto\/bmw-x6-xdrive-30d\/","og_site_name":"Grupo Tecnomotriz","article_modified_time":"2026-01-29T22:12:23+00:00","og_image":[{"width":1024,"height":731,"url":"https:\/\/www.grupotecnomotriz.com\/site\/wp-content\/uploads\/2026\/01\/5-4-1-1024x731.png","type":"image\/png"}],"twitter_card":"summary_large_image","twitter_misc":{"Est. reading time":"1 minuto"},"schema":{"@context":"https:\/\/schema.org","@graph":[{"@type":"WebPage","@id":"https:\/\/www.grupotecnomotriz.com\/site\/producto\/bmw-x6-xdrive-30d\/","url":"https:\/\/www.grupotecnomotriz.com\/site\/producto\/bmw-x6-xdrive-30d\/","name":"BMW X6 xDrive 30D - Grupo Tecnomotriz","isPartOf":{"@id":"https:\/\/www.grupotecnomotriz.com\/site\/#website"},"primaryImageOfPage":{"@id":"https:\/\/www.grupotecnomotriz.com\/site\/producto\/bmw-x6-xdrive-30d\/#primaryimage"},"image":{"@id":"https:\/\/www.grupotecnomotriz.com\/site\/producto\/bmw-x6-xdrive-30d\/#primaryimage"},"thumbnailUrl":"https:\/\/www.grupotecnomotriz.com\/site\/wp-content\/uploads\/2026\/01\/5-4-1.png","datePublished":"2026-01-09T19:47:06+00:00","dateModified":"2026-01-29T22:12:23+00:00","breadcrumb":{"@id":"https:\/\/www.grupotecnomotriz.com\/site\/producto\/bmw-x6-xdrive-30d\/#breadcrumb"},"inLanguage":"es-CR","potentialAction":[{"@type":"ReadAction","target":["https:\/\/www.grupotecnomotriz.com\/site\/producto\/bmw-x6-xdrive-30d\/"]}]},{"@type":"ImageObject","inLanguage":"es-CR","@id":"https:\/\/www.grupotecnomotriz.com\/site\/producto\/bmw-x6-xdrive-30d\/#primaryimage","url":"https:\/\/www.grupotecnomotriz.com\/site\/wp-content\/uploads\/2026\/01\/5-4-1.png","contentUrl":"https:\/\/www.grupotecnomotriz.com\/site\/wp-content\/uploads\/2026\/01\/5-4-1.png","width":2048,"height":1462},{"@type":"BreadcrumbList","@id":"https:\/\/www.grupotecnomotriz.com\/site\/producto\/bmw-x6-xdrive-30d\/#breadcrumb","itemListElement":[{"@type":"ListItem","position":1,"name":"Portada","item":"https:\/\/www.grupotecnomotriz.com\/site\/"},{"@type":"ListItem","position":2,"name":"Cat\u00e1logo","item":"https:\/\/www.grupotecnomotriz.com\/site\/tienda\/"},{"@type":"ListItem","position":3,"name":"BMW X6 xDrive 30D"}]},{"@type":"WebSite","@id":"https:\/\/www.grupotecnomotriz.com\/site\/#website","url":"https:\/\/www.grupotecnomotriz.com\/site\/","name":"Grupo Tecnomotriz","description":"Taller de enderezado y pintura Tecnomotriz","potentialAction":[{"@type":"SearchAction","target":{"@type":"EntryPoint","urlTemplate":"https:\/\/www.grupotecnomotriz.com\/site\/?s={search_term_string}"},"query-input":{"@type":"PropertyValueSpecification","valueRequired":true,"valueName":"search_term_string"}}],"inLanguage":"es-CR"}]}},"_links":{"self":[{"href":"https:\/\/www.grupotecnomotriz.com\/site\/wp-json\/wp\/v2\/product\/1983","targetHints":{"allow":["GET"]}}],"collection":[{"href":"https:\/\/www.grupotecnomotriz.com\/site\/wp-json\/wp\/v2\/product"}],"about":[{"href":"https:\/\/www.grupotecnomotriz.com\/site\/wp-json\/wp\/v2\/types\/product"}],"wp:featuredmedia":[{"embeddable":true,"href":"https:\/\/www.grupotecnomotriz.com\/site\/wp-json\/wp\/v2\/media\/2743"}],"wp:attachment":[{"href":"https:\/\/www.grupotecnomotriz.com\/site\/wp-json\/wp\/v2\/media?parent=1983"}],"wp:term":[{"taxonomy":"product_brand","embeddable":true,"href":"https:\/\/www.grupotecnomotriz.com\/site\/wp-json\/wp\/v2\/product_brand?post=1983"},{"taxonomy":"product_cat","embeddable":true,"href":"https:\/\/www.grupotecnomotriz.com\/site\/wp-json\/wp\/v2\/product_cat?post=1983"},{"taxonomy":"product_tag","embeddable":true,"href":"https:\/\/www.grupotecnomotriz.com\/site\/wp-json\/wp\/v2\/product_tag?post=1983"}],"curies":[{"name":"wp","href":"https:\/\/api.w.org\/{rel}","templated":true}]}}