{"id":1981,"date":"2026-01-09T19:41:43","date_gmt":"2026-01-09T19:41:43","guid":{"rendered":"https:\/\/www.grupotecnomotriz.com\/site\/?post_type=product&#038;p=1981"},"modified":"2026-01-29T22:12:56","modified_gmt":"2026-01-29T22:12:56","slug":"jeep-grand-cherokee","status":"publish","type":"product","link":"https:\/\/www.grupotecnomotriz.com\/site\/producto\/jeep-grand-cherokee\/","title":{"rendered":"Jeep Grand Cherokee"},"content":{"rendered":"<table style=\"height: 366px;\" width=\"289\">\n<tbody>\n<tr>\n<td>A\u00f1o<\/td>\n<td>2023<\/td>\n<\/tr>\n<tr>\n<td>Paquete<\/td>\n<td>Limited<\/td>\n<\/tr>\n<tr>\n<td>Motor<\/td>\n<td>3600 c.c.<\/td>\n<\/tr>\n<tr>\n<td>Tracci\u00f3n<\/td>\n<td>4&#215;4<\/td>\n<\/tr>\n<tr>\n<td>Interiores<\/td>\n<td>Cuero<\/td>\n<\/tr>\n<tr>\n<td>Techo<\/td>\n<td>Panor\u00e1mico<\/td>\n<\/tr>\n<tr>\n<td>Pantalla<\/td>\n<td>Uconnect 10.1&#8221;<\/td>\n<\/tr>\n<tr>\n<td>Pantalla<\/td>\n<td>Para pasajeros<\/td>\n<\/tr>\n<tr>\n<td>Transmisi\u00f3n<\/td>\n<td>Autom\u00e1tica<\/td>\n<\/tr>\n<tr>\n<td>Combustible<\/td>\n<td>Gasolina<\/td>\n<\/tr>\n<tr>\n<td>Potencia<\/td>\n<td>300hp<\/td>\n<\/tr>\n<tr>\n<td>Kilometraje<\/td>\n<td>15100 km<\/td>\n<\/tr>\n<\/tbody>\n<\/table>\n","protected":false},"excerpt":{"rendered":"<p>A\u00f1o 2023 Paquete Limited Motor 3600 c.c. Tracci\u00f3n 4&#215;4 Interiores Cuero Techo Panor\u00e1mico Pantalla Uconnect 10.1&#8221; Pantalla Para pasajeros Transmisi\u00f3n Autom\u00e1tica Combustible Gasolina Potencia 300hp Kilometraje 15100 km<\/p>\n","protected":false},"featured_media":2744,"template":"","meta":[],"product_brand":[],"product_cat":[84],"product_tag":[],"class_list":{"0":"post-1981","1":"product","2":"type-product","3":"status-publish","4":"has-post-thumbnail","6":"product_cat-todo-terreno","8":"first","9":"outofstock","10":"shipping-taxable","11":"purchasable","12":"product-type-simple"},"yoast_head":"<!-- This site is optimized with the Yoast SEO plugin v26.4 - https:\/\/yoast.com\/wordpress\/plugins\/seo\/ -->\n<title>Jeep Grand Cherokee - Grupo Tecnomotriz<\/title>\n<meta name=\"robots\" content=\"index, follow, max-snippet:-1, max-image-preview:large, max-video-preview:-1\" \/>\n<link rel=\"canonical\" href=\"https:\/\/www.grupotecnomotriz.com\/site\/producto\/jeep-grand-cherokee\/\" \/>\n<meta property=\"og:locale\" content=\"es_ES\" \/>\n<meta property=\"og:type\" content=\"article\" \/>\n<meta property=\"og:title\" content=\"Jeep Grand Cherokee - Grupo Tecnomotriz\" \/>\n<meta property=\"og:description\" content=\"A\u00f1o 2023 Paquete Limited Motor 3600 c.c. Tracci\u00f3n 4&#215;4 Interiores Cuero Techo Panor\u00e1mico Pantalla Uconnect 10.1&#8221; Pantalla Para pasajeros Transmisi\u00f3n Autom\u00e1tica Combustible Gasolina Potencia 300hp Kilometraje 15100 km\" \/>\n<meta property=\"og:url\" content=\"https:\/\/www.grupotecnomotriz.com\/site\/producto\/jeep-grand-cherokee\/\" \/>\n<meta property=\"og:site_name\" content=\"Grupo Tecnomotriz\" \/>\n<meta property=\"article:modified_time\" content=\"2026-01-29T22:12:56+00:00\" \/>\n<meta property=\"og:image\" content=\"https:\/\/www.grupotecnomotriz.com\/site\/wp-content\/uploads\/2026\/01\/2-4-1-1024x731.png\" \/>\n\t<meta property=\"og:image:width\" content=\"1024\" \/>\n\t<meta property=\"og:image:height\" content=\"731\" \/>\n\t<meta property=\"og:image:type\" content=\"image\/png\" \/>\n<meta name=\"twitter:card\" content=\"summary_large_image\" \/>\n<meta name=\"twitter:label1\" content=\"Est. reading time\" \/>\n\t<meta name=\"twitter:data1\" content=\"1 minuto\" \/>\n<script type=\"application\/ld+json\" class=\"yoast-schema-graph\">{\"@context\":\"https:\/\/schema.org\",\"@graph\":[{\"@type\":\"WebPage\",\"@id\":\"https:\/\/www.grupotecnomotriz.com\/site\/producto\/jeep-grand-cherokee\/\",\"url\":\"https:\/\/www.grupotecnomotriz.com\/site\/producto\/jeep-grand-cherokee\/\",\"name\":\"Jeep Grand Cherokee - Grupo Tecnomotriz\",\"isPartOf\":{\"@id\":\"https:\/\/www.grupotecnomotriz.com\/site\/#website\"},\"primaryImageOfPage\":{\"@id\":\"https:\/\/www.grupotecnomotriz.com\/site\/producto\/jeep-grand-cherokee\/#primaryimage\"},\"image\":{\"@id\":\"https:\/\/www.grupotecnomotriz.com\/site\/producto\/jeep-grand-cherokee\/#primaryimage\"},\"thumbnailUrl\":\"https:\/\/www.grupotecnomotriz.com\/site\/wp-content\/uploads\/2026\/01\/2-4-1.png\",\"datePublished\":\"2026-01-09T19:41:43+00:00\",\"dateModified\":\"2026-01-29T22:12:56+00:00\",\"breadcrumb\":{\"@id\":\"https:\/\/www.grupotecnomotriz.com\/site\/producto\/jeep-grand-cherokee\/#breadcrumb\"},\"inLanguage\":\"es-CR\",\"potentialAction\":[{\"@type\":\"ReadAction\",\"target\":[\"https:\/\/www.grupotecnomotriz.com\/site\/producto\/jeep-grand-cherokee\/\"]}]},{\"@type\":\"ImageObject\",\"inLanguage\":\"es-CR\",\"@id\":\"https:\/\/www.grupotecnomotriz.com\/site\/producto\/jeep-grand-cherokee\/#primaryimage\",\"url\":\"https:\/\/www.grupotecnomotriz.com\/site\/wp-content\/uploads\/2026\/01\/2-4-1.png\",\"contentUrl\":\"https:\/\/www.grupotecnomotriz.com\/site\/wp-content\/uploads\/2026\/01\/2-4-1.png\",\"width\":2048,\"height\":1462},{\"@type\":\"BreadcrumbList\",\"@id\":\"https:\/\/www.grupotecnomotriz.com\/site\/producto\/jeep-grand-cherokee\/#breadcrumb\",\"itemListElement\":[{\"@type\":\"ListItem\",\"position\":1,\"name\":\"Portada\",\"item\":\"https:\/\/www.grupotecnomotriz.com\/site\/\"},{\"@type\":\"ListItem\",\"position\":2,\"name\":\"Cat\u00e1logo\",\"item\":\"https:\/\/www.grupotecnomotriz.com\/site\/tienda\/\"},{\"@type\":\"ListItem\",\"position\":3,\"name\":\"Jeep Grand Cherokee\"}]},{\"@type\":\"WebSite\",\"@id\":\"https:\/\/www.grupotecnomotriz.com\/site\/#website\",\"url\":\"https:\/\/www.grupotecnomotriz.com\/site\/\",\"name\":\"Grupo Tecnomotriz\",\"description\":\"Taller de enderezado y pintura Tecnomotriz\",\"potentialAction\":[{\"@type\":\"SearchAction\",\"target\":{\"@type\":\"EntryPoint\",\"urlTemplate\":\"https:\/\/www.grupotecnomotriz.com\/site\/?s={search_term_string}\"},\"query-input\":{\"@type\":\"PropertyValueSpecification\",\"valueRequired\":true,\"valueName\":\"search_term_string\"}}],\"inLanguage\":\"es-CR\"}]}<\/script>\n<!-- \/ Yoast SEO plugin. -->","yoast_head_json":{"title":"Jeep Grand Cherokee - Grupo Tecnomotriz","robots":{"index":"index","follow":"follow","max-snippet":"max-snippet:-1","max-image-preview":"max-image-preview:large","max-video-preview":"max-video-preview:-1"},"canonical":"https:\/\/www.grupotecnomotriz.com\/site\/producto\/jeep-grand-cherokee\/","og_locale":"es_ES","og_type":"article","og_title":"Jeep Grand Cherokee - Grupo Tecnomotriz","og_description":"A\u00f1o 2023 Paquete Limited Motor 3600 c.c. Tracci\u00f3n 4&#215;4 Interiores Cuero Techo Panor\u00e1mico Pantalla Uconnect 10.1&#8221; Pantalla Para pasajeros Transmisi\u00f3n Autom\u00e1tica Combustible Gasolina Potencia 300hp Kilometraje 15100 km","og_url":"https:\/\/www.grupotecnomotriz.com\/site\/producto\/jeep-grand-cherokee\/","og_site_name":"Grupo Tecnomotriz","article_modified_time":"2026-01-29T22:12:56+00:00","og_image":[{"width":1024,"height":731,"url":"https:\/\/www.grupotecnomotriz.com\/site\/wp-content\/uploads\/2026\/01\/2-4-1-1024x731.png","type":"image\/png"}],"twitter_card":"summary_large_image","twitter_misc":{"Est. reading time":"1 minuto"},"schema":{"@context":"https:\/\/schema.org","@graph":[{"@type":"WebPage","@id":"https:\/\/www.grupotecnomotriz.com\/site\/producto\/jeep-grand-cherokee\/","url":"https:\/\/www.grupotecnomotriz.com\/site\/producto\/jeep-grand-cherokee\/","name":"Jeep Grand Cherokee - Grupo Tecnomotriz","isPartOf":{"@id":"https:\/\/www.grupotecnomotriz.com\/site\/#website"},"primaryImageOfPage":{"@id":"https:\/\/www.grupotecnomotriz.com\/site\/producto\/jeep-grand-cherokee\/#primaryimage"},"image":{"@id":"https:\/\/www.grupotecnomotriz.com\/site\/producto\/jeep-grand-cherokee\/#primaryimage"},"thumbnailUrl":"https:\/\/www.grupotecnomotriz.com\/site\/wp-content\/uploads\/2026\/01\/2-4-1.png","datePublished":"2026-01-09T19:41:43+00:00","dateModified":"2026-01-29T22:12:56+00:00","breadcrumb":{"@id":"https:\/\/www.grupotecnomotriz.com\/site\/producto\/jeep-grand-cherokee\/#breadcrumb"},"inLanguage":"es-CR","potentialAction":[{"@type":"ReadAction","target":["https:\/\/www.grupotecnomotriz.com\/site\/producto\/jeep-grand-cherokee\/"]}]},{"@type":"ImageObject","inLanguage":"es-CR","@id":"https:\/\/www.grupotecnomotriz.com\/site\/producto\/jeep-grand-cherokee\/#primaryimage","url":"https:\/\/www.grupotecnomotriz.com\/site\/wp-content\/uploads\/2026\/01\/2-4-1.png","contentUrl":"https:\/\/www.grupotecnomotriz.com\/site\/wp-content\/uploads\/2026\/01\/2-4-1.png","width":2048,"height":1462},{"@type":"BreadcrumbList","@id":"https:\/\/www.grupotecnomotriz.com\/site\/producto\/jeep-grand-cherokee\/#breadcrumb","itemListElement":[{"@type":"ListItem","position":1,"name":"Portada","item":"https:\/\/www.grupotecnomotriz.com\/site\/"},{"@type":"ListItem","position":2,"name":"Cat\u00e1logo","item":"https:\/\/www.grupotecnomotriz.com\/site\/tienda\/"},{"@type":"ListItem","position":3,"name":"Jeep Grand Cherokee"}]},{"@type":"WebSite","@id":"https:\/\/www.grupotecnomotriz.com\/site\/#website","url":"https:\/\/www.grupotecnomotriz.com\/site\/","name":"Grupo Tecnomotriz","description":"Taller de enderezado y pintura Tecnomotriz","potentialAction":[{"@type":"SearchAction","target":{"@type":"EntryPoint","urlTemplate":"https:\/\/www.grupotecnomotriz.com\/site\/?s={search_term_string}"},"query-input":{"@type":"PropertyValueSpecification","valueRequired":true,"valueName":"search_term_string"}}],"inLanguage":"es-CR"}]}},"_links":{"self":[{"href":"https:\/\/www.grupotecnomotriz.com\/site\/wp-json\/wp\/v2\/product\/1981","targetHints":{"allow":["GET"]}}],"collection":[{"href":"https:\/\/www.grupotecnomotriz.com\/site\/wp-json\/wp\/v2\/product"}],"about":[{"href":"https:\/\/www.grupotecnomotriz.com\/site\/wp-json\/wp\/v2\/types\/product"}],"wp:featuredmedia":[{"embeddable":true,"href":"https:\/\/www.grupotecnomotriz.com\/site\/wp-json\/wp\/v2\/media\/2744"}],"wp:attachment":[{"href":"https:\/\/www.grupotecnomotriz.com\/site\/wp-json\/wp\/v2\/media?parent=1981"}],"wp:term":[{"taxonomy":"product_brand","embeddable":true,"href":"https:\/\/www.grupotecnomotriz.com\/site\/wp-json\/wp\/v2\/product_brand?post=1981"},{"taxonomy":"product_cat","embeddable":true,"href":"https:\/\/www.grupotecnomotriz.com\/site\/wp-json\/wp\/v2\/product_cat?post=1981"},{"taxonomy":"product_tag","embeddable":true,"href":"https:\/\/www.grupotecnomotriz.com\/site\/wp-json\/wp\/v2\/product_tag?post=1981"}],"curies":[{"name":"wp","href":"https:\/\/api.w.org\/{rel}","templated":true}]}}