{"id":1500,"date":"2025-11-28T15:34:56","date_gmt":"2025-11-28T15:34:56","guid":{"rendered":"https:\/\/www.grupotecnomotriz.com\/site\/?post_type=product&#038;p=1500"},"modified":"2026-01-29T22:29:08","modified_gmt":"2026-01-29T22:29:08","slug":"bmw-x3","status":"publish","type":"product","link":"https:\/\/www.grupotecnomotriz.com\/site\/producto\/bmw-x3\/","title":{"rendered":"BMW X3"},"content":{"rendered":"<table style=\"height: 396px;\" width=\"333\">\n<tbody>\n<tr>\n<td>A\u00f1o<\/td>\n<td>2019<\/td>\n<\/tr>\n<tr>\n<td>Versi\u00f3n<\/td>\n<td>M40i<\/td>\n<\/tr>\n<tr>\n<td>Motor<\/td>\n<td>3000 c.c.<\/td>\n<\/tr>\n<tr>\n<td>Combustible<\/td>\n<td>Gasolina<\/td>\n<\/tr>\n<tr>\n<td>Tracci\u00f3n<\/td>\n<td>4&#215;4<\/td>\n<\/tr>\n<tr>\n<td>Aceleraci\u00f3n de 0km\/100km<\/td>\n<td>4.8s<\/td>\n<\/tr>\n<tr>\n<td>Transmisi\u00f3n<\/td>\n<td>Autom\u00e1tica<\/td>\n<\/tr>\n<tr>\n<td>Potencia<\/td>\n<td>265km<\/td>\n<\/tr>\n<tr>\n<td>Control<\/td>\n<td>Crucero<\/td>\n<\/tr>\n<tr>\n<td>Asientos<\/td>\n<td>El\u00e9ctricos<\/td>\n<\/tr>\n<tr>\n<td>Interiores<\/td>\n<td>Cuero<\/td>\n<\/tr>\n<tr>\n<td>Techo<\/td>\n<td>Panor\u00e1mico<\/td>\n<\/tr>\n<tr>\n<td>Kilometraje<\/td>\n<td>75500km<\/td>\n<\/tr>\n<\/tbody>\n<\/table>\n<p>&nbsp;<\/p>\n<p>(No incluye traspaso ni gastos legales) El kilometraje mostrado es aproximado, ya que el auto puede seguir en uso mientras se encuentra publicado. Nos reservamos el derecho de actualizar la informaci\u00f3n cuando sea necesario.<\/p>\n","protected":false},"excerpt":{"rendered":"<p>A\u00f1o 2019 Versi\u00f3n M40i Motor 3000 c.c. Combustible Gasolina Tracci\u00f3n 4&#215;4 Aceleraci\u00f3n de 0km\/100km 4.8s Transmisi\u00f3n Autom\u00e1tica Potencia 265km Control Crucero Asientos El\u00e9ctricos Interiores Cuero Techo Panor\u00e1mico Kilometraje 75500km &nbsp; (No incluye traspaso ni gastos legales) El kilometraje mostrado es aproximado, ya que el auto puede seguir en uso mientras se encuentra publicado. Nos reservamos [&hellip;]<\/p>\n","protected":false},"featured_media":2748,"template":"","meta":[],"product_brand":[],"product_cat":[81],"product_tag":[],"class_list":{"0":"post-1500","1":"product","2":"type-product","3":"status-publish","4":"has-post-thumbnail","6":"product_cat-suv","8":"first","9":"outofstock","10":"shipping-taxable","11":"purchasable","12":"product-type-simple"},"yoast_head":"<!-- This site is optimized with the Yoast SEO plugin v26.4 - https:\/\/yoast.com\/wordpress\/plugins\/seo\/ -->\n<title>BMW X3 - Grupo Tecnomotriz<\/title>\n<meta name=\"robots\" content=\"index, follow, max-snippet:-1, max-image-preview:large, max-video-preview:-1\" \/>\n<link rel=\"canonical\" href=\"https:\/\/www.grupotecnomotriz.com\/site\/producto\/bmw-x3\/\" \/>\n<meta property=\"og:locale\" content=\"es_ES\" \/>\n<meta property=\"og:type\" content=\"article\" \/>\n<meta property=\"og:title\" content=\"BMW X3 - Grupo Tecnomotriz\" \/>\n<meta property=\"og:description\" content=\"A\u00f1o 2019 Versi\u00f3n M40i Motor 3000 c.c. Combustible Gasolina Tracci\u00f3n 4&#215;4 Aceleraci\u00f3n de 0km\/100km 4.8s Transmisi\u00f3n Autom\u00e1tica Potencia 265km Control Crucero Asientos El\u00e9ctricos Interiores Cuero Techo Panor\u00e1mico Kilometraje 75500km &nbsp; (No incluye traspaso ni gastos legales) El kilometraje mostrado es aproximado, ya que el auto puede seguir en uso mientras se encuentra publicado. Nos reservamos [&hellip;]\" \/>\n<meta property=\"og:url\" content=\"https:\/\/www.grupotecnomotriz.com\/site\/producto\/bmw-x3\/\" \/>\n<meta property=\"og:site_name\" content=\"Grupo Tecnomotriz\" \/>\n<meta property=\"article:modified_time\" content=\"2026-01-29T22:29:08+00:00\" \/>\n<meta property=\"og:image\" content=\"https:\/\/www.grupotecnomotriz.com\/site\/wp-content\/uploads\/2025\/11\/9-4-1-1024x731.png\" \/>\n\t<meta property=\"og:image:width\" content=\"1024\" \/>\n\t<meta property=\"og:image:height\" content=\"731\" \/>\n\t<meta property=\"og:image:type\" content=\"image\/png\" \/>\n<meta name=\"twitter:card\" content=\"summary_large_image\" \/>\n<meta name=\"twitter:label1\" content=\"Est. reading time\" \/>\n\t<meta name=\"twitter:data1\" content=\"1 minuto\" \/>\n<script type=\"application\/ld+json\" class=\"yoast-schema-graph\">{\"@context\":\"https:\/\/schema.org\",\"@graph\":[{\"@type\":\"WebPage\",\"@id\":\"https:\/\/www.grupotecnomotriz.com\/site\/producto\/bmw-x3\/\",\"url\":\"https:\/\/www.grupotecnomotriz.com\/site\/producto\/bmw-x3\/\",\"name\":\"BMW X3 - Grupo Tecnomotriz\",\"isPartOf\":{\"@id\":\"https:\/\/www.grupotecnomotriz.com\/site\/#website\"},\"primaryImageOfPage\":{\"@id\":\"https:\/\/www.grupotecnomotriz.com\/site\/producto\/bmw-x3\/#primaryimage\"},\"image\":{\"@id\":\"https:\/\/www.grupotecnomotriz.com\/site\/producto\/bmw-x3\/#primaryimage\"},\"thumbnailUrl\":\"https:\/\/www.grupotecnomotriz.com\/site\/wp-content\/uploads\/2025\/11\/9-4-1.png\",\"datePublished\":\"2025-11-28T15:34:56+00:00\",\"dateModified\":\"2026-01-29T22:29:08+00:00\",\"breadcrumb\":{\"@id\":\"https:\/\/www.grupotecnomotriz.com\/site\/producto\/bmw-x3\/#breadcrumb\"},\"inLanguage\":\"es-CR\",\"potentialAction\":[{\"@type\":\"ReadAction\",\"target\":[\"https:\/\/www.grupotecnomotriz.com\/site\/producto\/bmw-x3\/\"]}]},{\"@type\":\"ImageObject\",\"inLanguage\":\"es-CR\",\"@id\":\"https:\/\/www.grupotecnomotriz.com\/site\/producto\/bmw-x3\/#primaryimage\",\"url\":\"https:\/\/www.grupotecnomotriz.com\/site\/wp-content\/uploads\/2025\/11\/9-4-1.png\",\"contentUrl\":\"https:\/\/www.grupotecnomotriz.com\/site\/wp-content\/uploads\/2025\/11\/9-4-1.png\",\"width\":2048,\"height\":1462},{\"@type\":\"BreadcrumbList\",\"@id\":\"https:\/\/www.grupotecnomotriz.com\/site\/producto\/bmw-x3\/#breadcrumb\",\"itemListElement\":[{\"@type\":\"ListItem\",\"position\":1,\"name\":\"Portada\",\"item\":\"https:\/\/www.grupotecnomotriz.com\/site\/\"},{\"@type\":\"ListItem\",\"position\":2,\"name\":\"Cat\u00e1logo\",\"item\":\"https:\/\/www.grupotecnomotriz.com\/site\/tienda\/\"},{\"@type\":\"ListItem\",\"position\":3,\"name\":\"BMW X3\"}]},{\"@type\":\"WebSite\",\"@id\":\"https:\/\/www.grupotecnomotriz.com\/site\/#website\",\"url\":\"https:\/\/www.grupotecnomotriz.com\/site\/\",\"name\":\"Grupo Tecnomotriz\",\"description\":\"Taller de enderezado y pintura Tecnomotriz\",\"potentialAction\":[{\"@type\":\"SearchAction\",\"target\":{\"@type\":\"EntryPoint\",\"urlTemplate\":\"https:\/\/www.grupotecnomotriz.com\/site\/?s={search_term_string}\"},\"query-input\":{\"@type\":\"PropertyValueSpecification\",\"valueRequired\":true,\"valueName\":\"search_term_string\"}}],\"inLanguage\":\"es-CR\"}]}<\/script>\n<!-- \/ Yoast SEO plugin. -->","yoast_head_json":{"title":"BMW X3 - Grupo Tecnomotriz","robots":{"index":"index","follow":"follow","max-snippet":"max-snippet:-1","max-image-preview":"max-image-preview:large","max-video-preview":"max-video-preview:-1"},"canonical":"https:\/\/www.grupotecnomotriz.com\/site\/producto\/bmw-x3\/","og_locale":"es_ES","og_type":"article","og_title":"BMW X3 - Grupo Tecnomotriz","og_description":"A\u00f1o 2019 Versi\u00f3n M40i Motor 3000 c.c. Combustible Gasolina Tracci\u00f3n 4&#215;4 Aceleraci\u00f3n de 0km\/100km 4.8s Transmisi\u00f3n Autom\u00e1tica Potencia 265km Control Crucero Asientos El\u00e9ctricos Interiores Cuero Techo Panor\u00e1mico Kilometraje 75500km &nbsp; (No incluye traspaso ni gastos legales) El kilometraje mostrado es aproximado, ya que el auto puede seguir en uso mientras se encuentra publicado. Nos reservamos [&hellip;]","og_url":"https:\/\/www.grupotecnomotriz.com\/site\/producto\/bmw-x3\/","og_site_name":"Grupo Tecnomotriz","article_modified_time":"2026-01-29T22:29:08+00:00","og_image":[{"width":1024,"height":731,"url":"https:\/\/www.grupotecnomotriz.com\/site\/wp-content\/uploads\/2025\/11\/9-4-1-1024x731.png","type":"image\/png"}],"twitter_card":"summary_large_image","twitter_misc":{"Est. reading time":"1 minuto"},"schema":{"@context":"https:\/\/schema.org","@graph":[{"@type":"WebPage","@id":"https:\/\/www.grupotecnomotriz.com\/site\/producto\/bmw-x3\/","url":"https:\/\/www.grupotecnomotriz.com\/site\/producto\/bmw-x3\/","name":"BMW X3 - Grupo Tecnomotriz","isPartOf":{"@id":"https:\/\/www.grupotecnomotriz.com\/site\/#website"},"primaryImageOfPage":{"@id":"https:\/\/www.grupotecnomotriz.com\/site\/producto\/bmw-x3\/#primaryimage"},"image":{"@id":"https:\/\/www.grupotecnomotriz.com\/site\/producto\/bmw-x3\/#primaryimage"},"thumbnailUrl":"https:\/\/www.grupotecnomotriz.com\/site\/wp-content\/uploads\/2025\/11\/9-4-1.png","datePublished":"2025-11-28T15:34:56+00:00","dateModified":"2026-01-29T22:29:08+00:00","breadcrumb":{"@id":"https:\/\/www.grupotecnomotriz.com\/site\/producto\/bmw-x3\/#breadcrumb"},"inLanguage":"es-CR","potentialAction":[{"@type":"ReadAction","target":["https:\/\/www.grupotecnomotriz.com\/site\/producto\/bmw-x3\/"]}]},{"@type":"ImageObject","inLanguage":"es-CR","@id":"https:\/\/www.grupotecnomotriz.com\/site\/producto\/bmw-x3\/#primaryimage","url":"https:\/\/www.grupotecnomotriz.com\/site\/wp-content\/uploads\/2025\/11\/9-4-1.png","contentUrl":"https:\/\/www.grupotecnomotriz.com\/site\/wp-content\/uploads\/2025\/11\/9-4-1.png","width":2048,"height":1462},{"@type":"BreadcrumbList","@id":"https:\/\/www.grupotecnomotriz.com\/site\/producto\/bmw-x3\/#breadcrumb","itemListElement":[{"@type":"ListItem","position":1,"name":"Portada","item":"https:\/\/www.grupotecnomotriz.com\/site\/"},{"@type":"ListItem","position":2,"name":"Cat\u00e1logo","item":"https:\/\/www.grupotecnomotriz.com\/site\/tienda\/"},{"@type":"ListItem","position":3,"name":"BMW X3"}]},{"@type":"WebSite","@id":"https:\/\/www.grupotecnomotriz.com\/site\/#website","url":"https:\/\/www.grupotecnomotriz.com\/site\/","name":"Grupo Tecnomotriz","description":"Taller de enderezado y pintura Tecnomotriz","potentialAction":[{"@type":"SearchAction","target":{"@type":"EntryPoint","urlTemplate":"https:\/\/www.grupotecnomotriz.com\/site\/?s={search_term_string}"},"query-input":{"@type":"PropertyValueSpecification","valueRequired":true,"valueName":"search_term_string"}}],"inLanguage":"es-CR"}]}},"_links":{"self":[{"href":"https:\/\/www.grupotecnomotriz.com\/site\/wp-json\/wp\/v2\/product\/1500","targetHints":{"allow":["GET"]}}],"collection":[{"href":"https:\/\/www.grupotecnomotriz.com\/site\/wp-json\/wp\/v2\/product"}],"about":[{"href":"https:\/\/www.grupotecnomotriz.com\/site\/wp-json\/wp\/v2\/types\/product"}],"wp:featuredmedia":[{"embeddable":true,"href":"https:\/\/www.grupotecnomotriz.com\/site\/wp-json\/wp\/v2\/media\/2748"}],"wp:attachment":[{"href":"https:\/\/www.grupotecnomotriz.com\/site\/wp-json\/wp\/v2\/media?parent=1500"}],"wp:term":[{"taxonomy":"product_brand","embeddable":true,"href":"https:\/\/www.grupotecnomotriz.com\/site\/wp-json\/wp\/v2\/product_brand?post=1500"},{"taxonomy":"product_cat","embeddable":true,"href":"https:\/\/www.grupotecnomotriz.com\/site\/wp-json\/wp\/v2\/product_cat?post=1500"},{"taxonomy":"product_tag","embeddable":true,"href":"https:\/\/www.grupotecnomotriz.com\/site\/wp-json\/wp\/v2\/product_tag?post=1500"}],"curies":[{"name":"wp","href":"https:\/\/api.w.org\/{rel}","templated":true}]}}