{"id":1307,"date":"2025-11-28T15:16:46","date_gmt":"2025-11-28T15:16:46","guid":{"rendered":"https:\/\/www.grupotecnomotriz.com\/site\/?post_type=product&#038;p=1307"},"modified":"2026-01-30T15:08:14","modified_gmt":"2026-01-30T15:08:14","slug":"ford-mustang-mach-e-gt","status":"publish","type":"product","link":"https:\/\/www.grupotecnomotriz.com\/site\/producto\/ford-mustang-mach-e-gt\/","title":{"rendered":"FORD MUSTANG MACH-E GT"},"content":{"rendered":"<table style=\"height: 314px;\" width=\"388\">\n<tbody>\n<tr>\n<td>A\u00f1o<\/td>\n<td>2024<\/td>\n<\/tr>\n<tr>\n<td>Potencia<\/td>\n<td>480 hp<\/td>\n<\/tr>\n<tr>\n<td>Aceleraci\u00f3n de 0-100km<\/td>\n<td>3.7s<\/td>\n<\/tr>\n<tr>\n<td>Bater\u00eda<\/td>\n<td>91 kWh | hasta 451 km<\/td>\n<\/tr>\n<tr>\n<td>Aros<\/td>\n<td>De lujo<\/td>\n<\/tr>\n<tr>\n<td>Tracci\u00f3n<\/td>\n<td>Motores dual<\/td>\n<\/tr>\n<tr>\n<td>Transmisi\u00f3n<\/td>\n<td>Autom\u00e1tico<\/td>\n<\/tr>\n<tr>\n<td>Techo<\/td>\n<td>Panor\u00e1mico<\/td>\n<\/tr>\n<tr>\n<td>Kilometraje<\/td>\n<td>700 km<\/td>\n<\/tr>\n<\/tbody>\n<\/table>\n<p>&nbsp;<\/p>\n<p>$15600 PRIMA $1190 MENSUAL<\/p>\n<p>(No incluye traspaso ni gastos legales) El kilometraje mostrado es aproximado, ya que el auto puede seguir en uso mientras se encuentra publicado. Nos reservamos el derecho de actualizar la informaci\u00f3n cuando sea necesario.<\/p>\n","protected":false},"excerpt":{"rendered":"<p>A\u00f1o 2024 Potencia 480 hp Aceleraci\u00f3n de 0-100km 3.7s Bater\u00eda 91 kWh | hasta 451 km Aros De lujo Tracci\u00f3n Motores dual Transmisi\u00f3n Autom\u00e1tico Techo Panor\u00e1mico Kilometraje 700 km &nbsp; $15600 PRIMA $1190 MENSUAL (No incluye traspaso ni gastos legales) El kilometraje mostrado es aproximado, ya que el auto puede seguir en uso mientras se [&hellip;]<\/p>\n","protected":false},"featured_media":2341,"template":"","meta":[],"product_brand":[],"product_cat":[85,81],"product_tag":[],"class_list":{"0":"post-1307","1":"product","2":"type-product","3":"status-publish","4":"has-post-thumbnail","6":"product_cat-electrico","7":"product_cat-suv","9":"first","10":"instock","11":"shipping-taxable","12":"purchasable","13":"product-type-simple"},"yoast_head":"<!-- This site is optimized with the Yoast SEO plugin v26.4 - https:\/\/yoast.com\/wordpress\/plugins\/seo\/ -->\n<title>FORD MUSTANG MACH-E GT - Grupo Tecnomotriz<\/title>\n<meta name=\"robots\" content=\"index, follow, max-snippet:-1, max-image-preview:large, max-video-preview:-1\" \/>\n<link rel=\"canonical\" href=\"https:\/\/www.grupotecnomotriz.com\/site\/producto\/ford-mustang-mach-e-gt\/\" \/>\n<meta property=\"og:locale\" content=\"es_ES\" \/>\n<meta property=\"og:type\" content=\"article\" \/>\n<meta property=\"og:title\" content=\"FORD MUSTANG MACH-E GT - Grupo Tecnomotriz\" \/>\n<meta property=\"og:description\" content=\"A\u00f1o 2024 Potencia 480 hp Aceleraci\u00f3n de 0-100km 3.7s Bater\u00eda 91 kWh | hasta 451 km Aros De lujo Tracci\u00f3n Motores dual Transmisi\u00f3n Autom\u00e1tico Techo Panor\u00e1mico Kilometraje 700 km &nbsp; $15600 PRIMA $1190 MENSUAL (No incluye traspaso ni gastos legales) El kilometraje mostrado es aproximado, ya que el auto puede seguir en uso mientras se [&hellip;]\" \/>\n<meta property=\"og:url\" content=\"https:\/\/www.grupotecnomotriz.com\/site\/producto\/ford-mustang-mach-e-gt\/\" \/>\n<meta property=\"og:site_name\" content=\"Grupo Tecnomotriz\" \/>\n<meta property=\"article:modified_time\" content=\"2026-01-30T15:08:14+00:00\" \/>\n<meta property=\"og:image\" content=\"https:\/\/www.grupotecnomotriz.com\/site\/wp-content\/uploads\/2025\/11\/570419204_1772737426712285_3690949756711884978_n.jpg\" \/>\n\t<meta property=\"og:image:width\" content=\"960\" \/>\n\t<meta property=\"og:image:height\" content=\"685\" \/>\n\t<meta property=\"og:image:type\" content=\"image\/jpeg\" \/>\n<meta name=\"twitter:card\" content=\"summary_large_image\" \/>\n<meta name=\"twitter:label1\" content=\"Est. reading time\" \/>\n\t<meta name=\"twitter:data1\" content=\"1 minuto\" \/>\n<script type=\"application\/ld+json\" class=\"yoast-schema-graph\">{\"@context\":\"https:\/\/schema.org\",\"@graph\":[{\"@type\":\"WebPage\",\"@id\":\"https:\/\/www.grupotecnomotriz.com\/site\/producto\/ford-mustang-mach-e-gt\/\",\"url\":\"https:\/\/www.grupotecnomotriz.com\/site\/producto\/ford-mustang-mach-e-gt\/\",\"name\":\"FORD MUSTANG MACH-E GT - Grupo Tecnomotriz\",\"isPartOf\":{\"@id\":\"https:\/\/www.grupotecnomotriz.com\/site\/#website\"},\"primaryImageOfPage\":{\"@id\":\"https:\/\/www.grupotecnomotriz.com\/site\/producto\/ford-mustang-mach-e-gt\/#primaryimage\"},\"image\":{\"@id\":\"https:\/\/www.grupotecnomotriz.com\/site\/producto\/ford-mustang-mach-e-gt\/#primaryimage\"},\"thumbnailUrl\":\"https:\/\/www.grupotecnomotriz.com\/site\/wp-content\/uploads\/2025\/11\/570419204_1772737426712285_3690949756711884978_n.jpg\",\"datePublished\":\"2025-11-28T15:16:46+00:00\",\"dateModified\":\"2026-01-30T15:08:14+00:00\",\"breadcrumb\":{\"@id\":\"https:\/\/www.grupotecnomotriz.com\/site\/producto\/ford-mustang-mach-e-gt\/#breadcrumb\"},\"inLanguage\":\"es-CR\",\"potentialAction\":[{\"@type\":\"ReadAction\",\"target\":[\"https:\/\/www.grupotecnomotriz.com\/site\/producto\/ford-mustang-mach-e-gt\/\"]}]},{\"@type\":\"ImageObject\",\"inLanguage\":\"es-CR\",\"@id\":\"https:\/\/www.grupotecnomotriz.com\/site\/producto\/ford-mustang-mach-e-gt\/#primaryimage\",\"url\":\"https:\/\/www.grupotecnomotriz.com\/site\/wp-content\/uploads\/2025\/11\/570419204_1772737426712285_3690949756711884978_n.jpg\",\"contentUrl\":\"https:\/\/www.grupotecnomotriz.com\/site\/wp-content\/uploads\/2025\/11\/570419204_1772737426712285_3690949756711884978_n.jpg\",\"width\":960,\"height\":685},{\"@type\":\"BreadcrumbList\",\"@id\":\"https:\/\/www.grupotecnomotriz.com\/site\/producto\/ford-mustang-mach-e-gt\/#breadcrumb\",\"itemListElement\":[{\"@type\":\"ListItem\",\"position\":1,\"name\":\"Portada\",\"item\":\"https:\/\/www.grupotecnomotriz.com\/site\/\"},{\"@type\":\"ListItem\",\"position\":2,\"name\":\"Cat\u00e1logo\",\"item\":\"https:\/\/www.grupotecnomotriz.com\/site\/tienda\/\"},{\"@type\":\"ListItem\",\"position\":3,\"name\":\"FORD MUSTANG MACH-E GT\"}]},{\"@type\":\"WebSite\",\"@id\":\"https:\/\/www.grupotecnomotriz.com\/site\/#website\",\"url\":\"https:\/\/www.grupotecnomotriz.com\/site\/\",\"name\":\"Grupo Tecnomotriz\",\"description\":\"Taller de enderezado y pintura Tecnomotriz\",\"potentialAction\":[{\"@type\":\"SearchAction\",\"target\":{\"@type\":\"EntryPoint\",\"urlTemplate\":\"https:\/\/www.grupotecnomotriz.com\/site\/?s={search_term_string}\"},\"query-input\":{\"@type\":\"PropertyValueSpecification\",\"valueRequired\":true,\"valueName\":\"search_term_string\"}}],\"inLanguage\":\"es-CR\"}]}<\/script>\n<!-- \/ Yoast SEO plugin. -->","yoast_head_json":{"title":"FORD MUSTANG MACH-E GT - Grupo Tecnomotriz","robots":{"index":"index","follow":"follow","max-snippet":"max-snippet:-1","max-image-preview":"max-image-preview:large","max-video-preview":"max-video-preview:-1"},"canonical":"https:\/\/www.grupotecnomotriz.com\/site\/producto\/ford-mustang-mach-e-gt\/","og_locale":"es_ES","og_type":"article","og_title":"FORD MUSTANG MACH-E GT - Grupo Tecnomotriz","og_description":"A\u00f1o 2024 Potencia 480 hp Aceleraci\u00f3n de 0-100km 3.7s Bater\u00eda 91 kWh | hasta 451 km Aros De lujo Tracci\u00f3n Motores dual Transmisi\u00f3n Autom\u00e1tico Techo Panor\u00e1mico Kilometraje 700 km &nbsp; $15600 PRIMA $1190 MENSUAL (No incluye traspaso ni gastos legales) El kilometraje mostrado es aproximado, ya que el auto puede seguir en uso mientras se [&hellip;]","og_url":"https:\/\/www.grupotecnomotriz.com\/site\/producto\/ford-mustang-mach-e-gt\/","og_site_name":"Grupo Tecnomotriz","article_modified_time":"2026-01-30T15:08:14+00:00","og_image":[{"width":960,"height":685,"url":"https:\/\/www.grupotecnomotriz.com\/site\/wp-content\/uploads\/2025\/11\/570419204_1772737426712285_3690949756711884978_n.jpg","type":"image\/jpeg"}],"twitter_card":"summary_large_image","twitter_misc":{"Est. reading time":"1 minuto"},"schema":{"@context":"https:\/\/schema.org","@graph":[{"@type":"WebPage","@id":"https:\/\/www.grupotecnomotriz.com\/site\/producto\/ford-mustang-mach-e-gt\/","url":"https:\/\/www.grupotecnomotriz.com\/site\/producto\/ford-mustang-mach-e-gt\/","name":"FORD MUSTANG MACH-E GT - Grupo Tecnomotriz","isPartOf":{"@id":"https:\/\/www.grupotecnomotriz.com\/site\/#website"},"primaryImageOfPage":{"@id":"https:\/\/www.grupotecnomotriz.com\/site\/producto\/ford-mustang-mach-e-gt\/#primaryimage"},"image":{"@id":"https:\/\/www.grupotecnomotriz.com\/site\/producto\/ford-mustang-mach-e-gt\/#primaryimage"},"thumbnailUrl":"https:\/\/www.grupotecnomotriz.com\/site\/wp-content\/uploads\/2025\/11\/570419204_1772737426712285_3690949756711884978_n.jpg","datePublished":"2025-11-28T15:16:46+00:00","dateModified":"2026-01-30T15:08:14+00:00","breadcrumb":{"@id":"https:\/\/www.grupotecnomotriz.com\/site\/producto\/ford-mustang-mach-e-gt\/#breadcrumb"},"inLanguage":"es-CR","potentialAction":[{"@type":"ReadAction","target":["https:\/\/www.grupotecnomotriz.com\/site\/producto\/ford-mustang-mach-e-gt\/"]}]},{"@type":"ImageObject","inLanguage":"es-CR","@id":"https:\/\/www.grupotecnomotriz.com\/site\/producto\/ford-mustang-mach-e-gt\/#primaryimage","url":"https:\/\/www.grupotecnomotriz.com\/site\/wp-content\/uploads\/2025\/11\/570419204_1772737426712285_3690949756711884978_n.jpg","contentUrl":"https:\/\/www.grupotecnomotriz.com\/site\/wp-content\/uploads\/2025\/11\/570419204_1772737426712285_3690949756711884978_n.jpg","width":960,"height":685},{"@type":"BreadcrumbList","@id":"https:\/\/www.grupotecnomotriz.com\/site\/producto\/ford-mustang-mach-e-gt\/#breadcrumb","itemListElement":[{"@type":"ListItem","position":1,"name":"Portada","item":"https:\/\/www.grupotecnomotriz.com\/site\/"},{"@type":"ListItem","position":2,"name":"Cat\u00e1logo","item":"https:\/\/www.grupotecnomotriz.com\/site\/tienda\/"},{"@type":"ListItem","position":3,"name":"FORD MUSTANG MACH-E GT"}]},{"@type":"WebSite","@id":"https:\/\/www.grupotecnomotriz.com\/site\/#website","url":"https:\/\/www.grupotecnomotriz.com\/site\/","name":"Grupo Tecnomotriz","description":"Taller de enderezado y pintura Tecnomotriz","potentialAction":[{"@type":"SearchAction","target":{"@type":"EntryPoint","urlTemplate":"https:\/\/www.grupotecnomotriz.com\/site\/?s={search_term_string}"},"query-input":{"@type":"PropertyValueSpecification","valueRequired":true,"valueName":"search_term_string"}}],"inLanguage":"es-CR"}]}},"_links":{"self":[{"href":"https:\/\/www.grupotecnomotriz.com\/site\/wp-json\/wp\/v2\/product\/1307","targetHints":{"allow":["GET"]}}],"collection":[{"href":"https:\/\/www.grupotecnomotriz.com\/site\/wp-json\/wp\/v2\/product"}],"about":[{"href":"https:\/\/www.grupotecnomotriz.com\/site\/wp-json\/wp\/v2\/types\/product"}],"wp:featuredmedia":[{"embeddable":true,"href":"https:\/\/www.grupotecnomotriz.com\/site\/wp-json\/wp\/v2\/media\/2341"}],"wp:attachment":[{"href":"https:\/\/www.grupotecnomotriz.com\/site\/wp-json\/wp\/v2\/media?parent=1307"}],"wp:term":[{"taxonomy":"product_brand","embeddable":true,"href":"https:\/\/www.grupotecnomotriz.com\/site\/wp-json\/wp\/v2\/product_brand?post=1307"},{"taxonomy":"product_cat","embeddable":true,"href":"https:\/\/www.grupotecnomotriz.com\/site\/wp-json\/wp\/v2\/product_cat?post=1307"},{"taxonomy":"product_tag","embeddable":true,"href":"https:\/\/www.grupotecnomotriz.com\/site\/wp-json\/wp\/v2\/product_tag?post=1307"}],"curies":[{"name":"wp","href":"https:\/\/api.w.org\/{rel}","templated":true}]}}