{"id":993,"date":"2022-02-11T02:59:06","date_gmt":"2022-02-11T02:59:06","guid":{"rendered":"http:\/\/tecnomotrizcombackup.local\/?page_id=993"},"modified":"2022-02-11T02:59:06","modified_gmt":"2022-02-11T02:59:06","slug":"reclamo-seguros","status":"publish","type":"page","link":"https:\/\/www.grupotecnomotriz.com\/site\/reclamo-seguros\/","title":{"rendered":"Reclamo de Seguros"},"content":{"rendered":"<div id='sec1' class='monolit_sec monolit_page_sec content'>\n\n \n\n    <section>\n            <div class=\"container\">\n                <div class=\"row\">\n                <div class=\"wpb_column vc_column_container vc_col-sm-12 vc_col-md-8\"><div class=\"vc_column-inner\"><div class=\"wpb_wrapper\">\n\t<div class=\"wpb_text_column wpb_content_element \" >\n\t\t<div class=\"wpb_wrapper\">\n\t\t\t<h2 class=\"section-title\">Detallado <strong> Profesional<\/strong><\/h2>\n<p class=\"no-rep\">En Grupo Tecnomotriz le brindamos toda la asesor\u00eda que necesita para reclamar su seguro.<\/p>\n<p class=\"no-rep\"><strong>Nuestros asesores y asesoras le brindan las soluciones a medida de cada aseguradora, garantizando la mejor soluci\u00f3n en el tr\u00e1mite, consulte por todos nuestros servicios.<\/strong><\/p>\n<p class=\"no-rep\">Trabajamos con altos est\u00e1ndares de calidad internacional y medidas del fabricante en todas las marcas, somos avalados y autrizados por las principales aseguradoras de Costa Rica.<\/p>\n<div class=\"process-box\">\n<ul class=\"creat-list\">\n<li><\/li>\n<li><\/li>\n<\/ul>\n<\/div>\n\n\t\t<\/div>\n\t<\/div>\n[contact-form-7 id=&#8221;515&#8243;]<\/div><\/div><\/div><div class=\"wpb_column vc_column_container vc_col-sm-12 vc_col-md-4\"><div class=\"vc_column-inner\"><div class=\"wpb_wrapper\"><\/div><\/div><\/div>            <\/div>\n        <\/div>\n    <\/section>\n<\/div>\n\n<div id='sec2' class='monolit_sec monolit_page_sec content dark-bg'>\n\n    <!-- parallax image  -->                        \n    <div class=\"parallax-inner\">\n        <div class=\"bg\" data-bg=\"https:\/\/www.grupotecnomotriz.com\/site\/wp-content\/uploads\/2022\/02\/TN-mer.jpg\" data-top-bottom=\"transform: translateY(300px);\" data-bottom-top=\"transform: translateY(-300px);\"><\/div>\n        <div class=\"overlay\" style=\"opacity:0.8;\"><\/div>\n    <\/div>\n    <!-- parallax image  end -->  \n \n\n    <section>\n            <div class=\"container\">\n                <div class=\"row\">\n                <div class=\"wpb_column vc_column_container vc_col-sm-12\"><div class=\"vc_column-inner\"><div class=\"wpb_wrapper\"><div class=\"vc_row wpb_row vc_inner vc_row-fluid\"><div class=\"wpb_column vc_column_container vc_col-sm-12 vc_col-md-4\"><div class=\"vc_column-inner\"><div class=\"wpb_wrapper\">\n\t<div class=\"wpb_text_column wpb_content_element \" >\n\t\t<div class=\"wpb_wrapper\">\n\t\t\t<h2 class=\"section-title\">Nuestros<strong> Valores<\/strong><\/h2>\n\n\t\t<\/div>\n\t<\/div>\n<\/div><\/div><\/div><div class=\"wpb_column vc_column_container vc_col-sm-12 vc_col-md-8\"><div class=\"vc_column-inner\"><div class=\"wpb_wrapper\">\n\t<div class=\"wpb_text_column wpb_content_element \" >\n\t\t<div class=\"wpb_wrapper\">\n\t\t\t<p class=\"no-rep\">En Grupo Tecnomotriz hemos desarrollado una cultura de colaboraci\u00f3n y trabajo conjunto, esto desarroll\u00f3 un intenso sentido de responsabilidad individual y colectiva que se traslada a cada servicio que brindamos, <strong>estamos muy orgullosos de nuestro gran equipo.<\/strong><\/p>\n\n\t\t<\/div>\n\t<\/div>\n<\/div><\/div><\/div><\/div><div class=\"vc_row wpb_row vc_inner vc_row-fluid\"><div class=\"wpb_column vc_column_container vc_col-sm-12 vc_col-md-4\"><div class=\"vc_column-inner\"><div class=\"wpb_wrapper\"><\/div><\/div><\/div><div class=\"wpb_column vc_column_container vc_col-sm-12 vc_col-md-8\"><div class=\"vc_column-inner\"><div class=\"wpb_wrapper\">\n\t<div class=\"wpb_text_column wpb_content_element \" >\n\t\t<div class=\"wpb_wrapper\">\n\t\t\t<p>Somos<strong> Pasi\u00f3n<\/strong> | Somos<strong> Respeto<\/strong> | Somos<strong> Equidad<\/strong><br \/>\nSomos<strong> Integridad<\/strong> | Somos<strong> Innovaci\u00f3n<\/strong> | Somos<strong> Perseverancia<\/strong><\/p>\n\n\t\t<\/div>\n\t<\/div>\n\n\t<div class=\"wpb_text_column wpb_content_element \" >\n\t\t<div class=\"wpb_wrapper\">\n\t\t\t<p class=\"no-rep\">Y somos un espacio abierto para usted y su veh\u00edculo, porque nuestro enfoque est\u00e1 en hacerle vivir una gran experiencia de servicio, de soluciones, <strong> y por supuesto de calidad superior.<\/strong><\/p>\n\n\t\t<\/div>\n\t<\/div>\n<\/div><\/div><\/div><\/div><\/div><\/div><\/div>            <\/div>\n        <\/div>\n    <\/section>\n<\/div>\n\n<div id='sec3' class='monolit_sec monolit_page_sec content'>\n\n \n\n    <section>\n            <div class=\"container\">\n                <div class=\"row\">\n                <div class=\"wpb_column vc_column_container vc_col-sm-12\"><div class=\"vc_column-inner\"><div class=\"wpb_wrapper\">\n\t<div class=\"wpb_text_column wpb_content_element \" >\n\t\t<div class=\"wpb_wrapper\">\n\t\t\t<h2 class=\"section-title dec-title\"><span class=\"no-rep\">\u00danico <strong> Taller Boutique<\/strong><\/span><\/h2>\n<p class=\"no-rep\">Nuestras amplias y modernas instalaciones, la relaci\u00f3n de marcas, pilotos y veh\u00edculos de alto performance nos han llevado por un camino de aprendizaje, tambi\u00e9n el desarrollo de alianzas para la distribuci\u00f3n y venta de accesorios, mercader\u00eda y productos indispensables para vos.<\/p>\n\n\t\t<\/div>\n\t<\/div>\n\n\t<div class=\"wpb_text_column wpb_content_element \" >\n\t\t<div class=\"wpb_wrapper\">\n\t\t\t<div class=\"custom-link-holder\"><a class=\"btn anim-button\" href=\"\/taller-boutique\" data-top-bottom=\"transform: translateY(-50px);\" data-bottom-top=\"transform: translateY(50px);\"><span class=\"no-rep\">\u00bfTaller boutique?<\/span><\/a><\/div>\n\n\t\t<\/div>\n\t<\/div>\n<\/div><\/div><\/div>            <\/div>\n        <\/div>\n    <\/section>\n<\/div>\n\n<div  class='monolit_sec monolit_page_sec content dark-bg'>\n\n    <!-- parallax image  -->                        \n    <div class=\"parallax-inner\">\n        <div class=\"bg\" data-bg=\"https:\/\/www.grupotecnomotriz.com\/site\/wp-content\/uploads\/2022\/02\/racing.jpg\" data-top-bottom=\"transform: translateY(300px);\" data-bottom-top=\"transform: translateY(-300px);\"><\/div>\n        <div class=\"overlay\" style=\"opacity:0.8;\"><\/div>\n    <\/div>\n    <!-- parallax image  end -->  \n \n\n    <section>\n            <div class=\"container\">\n                <div class=\"row\">\n                <div class=\"wpb_column vc_column_container vc_col-sm-12\"><div class=\"vc_column-inner\"><div class=\"wpb_wrapper\"><div class=\"vc_row wpb_row vc_inner vc_row-fluid\"><div class=\"wpb_column vc_column_container vc_col-sm-12 vc_col-md-4\"><div class=\"vc_column-inner\"><div class=\"wpb_wrapper\">\n\t<div class=\"wpb_text_column wpb_content_element \" >\n\t\t<div class=\"wpb_wrapper\">\n\t\t\t<h2 class=\"section-title\">Marcas<strong> Premium<\/strong><\/h2>\n\n\t\t<\/div>\n\t<\/div>\n<\/div><\/div><\/div><div class=\"wpb_column vc_column_container vc_col-sm-12 vc_col-md-8\"><div class=\"vc_column-inner\"><div class=\"wpb_wrapper\">[ultimate_carousel arrows=&#8221;off&#8221; dots=&#8221;off&#8221;]\n\t<div  class=\"wpb_single_image wpb_content_element vc_align_center\">\n\t\t\n\t\t<figure class=\"wpb_wrapper vc_figure\">\n\t\t\t<div class=\"vc_single_image-wrapper   vc_box_border_grey\"><img decoding=\"async\" width=\"150\" height=\"150\" data-src=\"https:\/\/www.grupotecnomotriz.com\/site\/wp-content\/uploads\/2022\/02\/porsche-150x150.png\" class=\"vc_single_image-img attachment-thumbnail lazyload\" alt=\"\" title=\"porsche\" data-srcset=\"https:\/\/www.grupotecnomotriz.com\/site\/wp-content\/uploads\/2022\/02\/porsche-150x150.png 150w, https:\/\/www.grupotecnomotriz.com\/site\/wp-content\/uploads\/2022\/02\/porsche-300x300.png 300w, https:\/\/www.grupotecnomotriz.com\/site\/wp-content\/uploads\/2022\/02\/porsche-100x100.png 100w, https:\/\/www.grupotecnomotriz.com\/site\/wp-content\/uploads\/2022\/02\/porsche-500x500.png 500w, https:\/\/www.grupotecnomotriz.com\/site\/wp-content\/uploads\/2022\/02\/porsche.png 594w\" data-sizes=\"(max-width: 150px) 100vw, 150px\" src=\"data:image\/svg+xml;base64,PHN2ZyB3aWR0aD0iMSIgaGVpZ2h0PSIxIiB4bWxucz0iaHR0cDovL3d3dy53My5vcmcvMjAwMC9zdmciPjwvc3ZnPg==\" style=\"--smush-placeholder-width: 150px; --smush-placeholder-aspect-ratio: 150\/150;\" \/><\/div>\n\t\t<\/figure>\n\t<\/div>\n\n\t<div  class=\"wpb_single_image wpb_content_element vc_align_center\">\n\t\t\n\t\t<figure class=\"wpb_wrapper vc_figure\">\n\t\t\t<div class=\"vc_single_image-wrapper   vc_box_border_grey\"><img decoding=\"async\" width=\"150\" height=\"150\" data-src=\"https:\/\/www.grupotecnomotriz.com\/site\/wp-content\/uploads\/2022\/02\/jaguar-150x150.png\" class=\"vc_single_image-img attachment-thumbnail lazyload\" alt=\"\" title=\"jaguar\" data-srcset=\"https:\/\/www.grupotecnomotriz.com\/site\/wp-content\/uploads\/2022\/02\/jaguar-150x150.png 150w, https:\/\/www.grupotecnomotriz.com\/site\/wp-content\/uploads\/2022\/02\/jaguar-300x300.png 300w, https:\/\/www.grupotecnomotriz.com\/site\/wp-content\/uploads\/2022\/02\/jaguar-100x100.png 100w, https:\/\/www.grupotecnomotriz.com\/site\/wp-content\/uploads\/2022\/02\/jaguar-500x500.png 500w, https:\/\/www.grupotecnomotriz.com\/site\/wp-content\/uploads\/2022\/02\/jaguar.png 594w\" data-sizes=\"(max-width: 150px) 100vw, 150px\" src=\"data:image\/svg+xml;base64,PHN2ZyB3aWR0aD0iMSIgaGVpZ2h0PSIxIiB4bWxucz0iaHR0cDovL3d3dy53My5vcmcvMjAwMC9zdmciPjwvc3ZnPg==\" style=\"--smush-placeholder-width: 150px; --smush-placeholder-aspect-ratio: 150\/150;\" \/><\/div>\n\t\t<\/figure>\n\t<\/div>\n\n\t<div  class=\"wpb_single_image wpb_content_element vc_align_center\">\n\t\t\n\t\t<figure class=\"wpb_wrapper vc_figure\">\n\t\t\t<div class=\"vc_single_image-wrapper   vc_box_border_grey\"><img decoding=\"async\" width=\"150\" height=\"150\" data-src=\"https:\/\/www.grupotecnomotriz.com\/site\/wp-content\/uploads\/2022\/02\/lamborgini-150x150.png\" class=\"vc_single_image-img attachment-thumbnail lazyload\" alt=\"\" title=\"lamborgini\" data-srcset=\"https:\/\/www.grupotecnomotriz.com\/site\/wp-content\/uploads\/2022\/02\/lamborgini-150x150.png 150w, https:\/\/www.grupotecnomotriz.com\/site\/wp-content\/uploads\/2022\/02\/lamborgini-300x300.png 300w, https:\/\/www.grupotecnomotriz.com\/site\/wp-content\/uploads\/2022\/02\/lamborgini-100x100.png 100w, https:\/\/www.grupotecnomotriz.com\/site\/wp-content\/uploads\/2022\/02\/lamborgini-500x500.png 500w, https:\/\/www.grupotecnomotriz.com\/site\/wp-content\/uploads\/2022\/02\/lamborgini.png 594w\" data-sizes=\"(max-width: 150px) 100vw, 150px\" src=\"data:image\/svg+xml;base64,PHN2ZyB3aWR0aD0iMSIgaGVpZ2h0PSIxIiB4bWxucz0iaHR0cDovL3d3dy53My5vcmcvMjAwMC9zdmciPjwvc3ZnPg==\" style=\"--smush-placeholder-width: 150px; --smush-placeholder-aspect-ratio: 150\/150;\" \/><\/div>\n\t\t<\/figure>\n\t<\/div>\n\n\t<div  class=\"wpb_single_image wpb_content_element vc_align_center\">\n\t\t\n\t\t<figure class=\"wpb_wrapper vc_figure\">\n\t\t\t<div class=\"vc_single_image-wrapper   vc_box_border_grey\"><img decoding=\"async\" width=\"150\" height=\"150\" data-src=\"https:\/\/www.grupotecnomotriz.com\/site\/wp-content\/uploads\/2022\/02\/tesla-150x150.png\" class=\"vc_single_image-img attachment-thumbnail lazyload\" alt=\"\" title=\"tesla\" data-srcset=\"https:\/\/www.grupotecnomotriz.com\/site\/wp-content\/uploads\/2022\/02\/tesla-150x150.png 150w, https:\/\/www.grupotecnomotriz.com\/site\/wp-content\/uploads\/2022\/02\/tesla-300x300.png 300w, https:\/\/www.grupotecnomotriz.com\/site\/wp-content\/uploads\/2022\/02\/tesla-100x100.png 100w, https:\/\/www.grupotecnomotriz.com\/site\/wp-content\/uploads\/2022\/02\/tesla-500x500.png 500w, https:\/\/www.grupotecnomotriz.com\/site\/wp-content\/uploads\/2022\/02\/tesla.png 594w\" data-sizes=\"(max-width: 150px) 100vw, 150px\" src=\"data:image\/svg+xml;base64,PHN2ZyB3aWR0aD0iMSIgaGVpZ2h0PSIxIiB4bWxucz0iaHR0cDovL3d3dy53My5vcmcvMjAwMC9zdmciPjwvc3ZnPg==\" style=\"--smush-placeholder-width: 150px; --smush-placeholder-aspect-ratio: 150\/150;\" \/><\/div>\n\t\t<\/figure>\n\t<\/div>\n\n\t<div  class=\"wpb_single_image wpb_content_element vc_align_center\">\n\t\t\n\t\t<figure class=\"wpb_wrapper vc_figure\">\n\t\t\t<div class=\"vc_single_image-wrapper   vc_box_border_grey\"><img decoding=\"async\" width=\"150\" height=\"150\" data-src=\"https:\/\/www.grupotecnomotriz.com\/site\/wp-content\/uploads\/2022\/02\/ferrari-150x150.png\" class=\"vc_single_image-img attachment-thumbnail lazyload\" alt=\"\" title=\"ferrari\" data-srcset=\"https:\/\/www.grupotecnomotriz.com\/site\/wp-content\/uploads\/2022\/02\/ferrari-150x150.png 150w, https:\/\/www.grupotecnomotriz.com\/site\/wp-content\/uploads\/2022\/02\/ferrari-300x300.png 300w, https:\/\/www.grupotecnomotriz.com\/site\/wp-content\/uploads\/2022\/02\/ferrari-100x100.png 100w, https:\/\/www.grupotecnomotriz.com\/site\/wp-content\/uploads\/2022\/02\/ferrari-500x500.png 500w, https:\/\/www.grupotecnomotriz.com\/site\/wp-content\/uploads\/2022\/02\/ferrari.png 594w\" data-sizes=\"(max-width: 150px) 100vw, 150px\" src=\"data:image\/svg+xml;base64,PHN2ZyB3aWR0aD0iMSIgaGVpZ2h0PSIxIiB4bWxucz0iaHR0cDovL3d3dy53My5vcmcvMjAwMC9zdmciPjwvc3ZnPg==\" style=\"--smush-placeholder-width: 150px; --smush-placeholder-aspect-ratio: 150\/150;\" \/><\/div>\n\t\t<\/figure>\n\t<\/div>\n\n\t<div  class=\"wpb_single_image wpb_content_element vc_align_center\">\n\t\t\n\t\t<figure class=\"wpb_wrapper vc_figure\">\n\t\t\t<div class=\"vc_single_image-wrapper   vc_box_border_grey\"><img decoding=\"async\" width=\"150\" height=\"150\" data-src=\"https:\/\/www.grupotecnomotriz.com\/site\/wp-content\/uploads\/2022\/02\/landrover-150x150.png\" class=\"vc_single_image-img attachment-thumbnail lazyload\" alt=\"\" title=\"landrover\" data-srcset=\"https:\/\/www.grupotecnomotriz.com\/site\/wp-content\/uploads\/2022\/02\/landrover-150x150.png 150w, https:\/\/www.grupotecnomotriz.com\/site\/wp-content\/uploads\/2022\/02\/landrover-300x300.png 300w, https:\/\/www.grupotecnomotriz.com\/site\/wp-content\/uploads\/2022\/02\/landrover-100x100.png 100w, https:\/\/www.grupotecnomotriz.com\/site\/wp-content\/uploads\/2022\/02\/landrover-500x500.png 500w, https:\/\/www.grupotecnomotriz.com\/site\/wp-content\/uploads\/2022\/02\/landrover.png 594w\" data-sizes=\"(max-width: 150px) 100vw, 150px\" src=\"data:image\/svg+xml;base64,PHN2ZyB3aWR0aD0iMSIgaGVpZ2h0PSIxIiB4bWxucz0iaHR0cDovL3d3dy53My5vcmcvMjAwMC9zdmciPjwvc3ZnPg==\" style=\"--smush-placeholder-width: 150px; --smush-placeholder-aspect-ratio: 150\/150;\" \/><\/div>\n\t\t<\/figure>\n\t<\/div>\n\n\t<div  class=\"wpb_single_image wpb_content_element vc_align_center\">\n\t\t\n\t\t<figure class=\"wpb_wrapper vc_figure\">\n\t\t\t<div class=\"vc_single_image-wrapper   vc_box_border_grey\"><img decoding=\"async\" width=\"150\" height=\"150\" data-src=\"https:\/\/www.grupotecnomotriz.com\/site\/wp-content\/uploads\/2022\/02\/audi-150x150.png\" class=\"vc_single_image-img attachment-thumbnail lazyload\" alt=\"\" title=\"audi\" data-srcset=\"https:\/\/www.grupotecnomotriz.com\/site\/wp-content\/uploads\/2022\/02\/audi-150x150.png 150w, https:\/\/www.grupotecnomotriz.com\/site\/wp-content\/uploads\/2022\/02\/audi-300x300.png 300w, https:\/\/www.grupotecnomotriz.com\/site\/wp-content\/uploads\/2022\/02\/audi-100x100.png 100w, https:\/\/www.grupotecnomotriz.com\/site\/wp-content\/uploads\/2022\/02\/audi-500x500.png 500w, https:\/\/www.grupotecnomotriz.com\/site\/wp-content\/uploads\/2022\/02\/audi.png 594w\" data-sizes=\"(max-width: 150px) 100vw, 150px\" src=\"data:image\/svg+xml;base64,PHN2ZyB3aWR0aD0iMSIgaGVpZ2h0PSIxIiB4bWxucz0iaHR0cDovL3d3dy53My5vcmcvMjAwMC9zdmciPjwvc3ZnPg==\" style=\"--smush-placeholder-width: 150px; --smush-placeholder-aspect-ratio: 150\/150;\" \/><\/div>\n\t\t<\/figure>\n\t<\/div>\n\n\t<div  class=\"wpb_single_image wpb_content_element vc_align_center\">\n\t\t\n\t\t<figure class=\"wpb_wrapper vc_figure\">\n\t\t\t<div class=\"vc_single_image-wrapper   vc_box_border_grey\"><img decoding=\"async\" width=\"150\" height=\"150\" data-src=\"https:\/\/www.grupotecnomotriz.com\/site\/wp-content\/uploads\/2022\/02\/bmw-150x150.png\" class=\"vc_single_image-img attachment-thumbnail lazyload\" alt=\"\" title=\"bmw\" data-srcset=\"https:\/\/www.grupotecnomotriz.com\/site\/wp-content\/uploads\/2022\/02\/bmw-150x150.png 150w, https:\/\/www.grupotecnomotriz.com\/site\/wp-content\/uploads\/2022\/02\/bmw-300x300.png 300w, https:\/\/www.grupotecnomotriz.com\/site\/wp-content\/uploads\/2022\/02\/bmw-100x100.png 100w, https:\/\/www.grupotecnomotriz.com\/site\/wp-content\/uploads\/2022\/02\/bmw-500x500.png 500w, https:\/\/www.grupotecnomotriz.com\/site\/wp-content\/uploads\/2022\/02\/bmw.png 594w\" data-sizes=\"(max-width: 150px) 100vw, 150px\" src=\"data:image\/svg+xml;base64,PHN2ZyB3aWR0aD0iMSIgaGVpZ2h0PSIxIiB4bWxucz0iaHR0cDovL3d3dy53My5vcmcvMjAwMC9zdmciPjwvc3ZnPg==\" style=\"--smush-placeholder-width: 150px; --smush-placeholder-aspect-ratio: 150\/150;\" \/><\/div>\n\t\t<\/figure>\n\t<\/div>\n\n\t<div  class=\"wpb_single_image wpb_content_element vc_align_center\">\n\t\t\n\t\t<figure class=\"wpb_wrapper vc_figure\">\n\t\t\t<div class=\"vc_single_image-wrapper   vc_box_border_grey\"><img decoding=\"async\" width=\"150\" height=\"150\" data-src=\"https:\/\/www.grupotecnomotriz.com\/site\/wp-content\/uploads\/2022\/02\/benz-150x150.png\" class=\"vc_single_image-img attachment-thumbnail lazyload\" alt=\"\" title=\"benz\" data-srcset=\"https:\/\/www.grupotecnomotriz.com\/site\/wp-content\/uploads\/2022\/02\/benz-150x150.png 150w, https:\/\/www.grupotecnomotriz.com\/site\/wp-content\/uploads\/2022\/02\/benz-300x300.png 300w, https:\/\/www.grupotecnomotriz.com\/site\/wp-content\/uploads\/2022\/02\/benz-100x100.png 100w, https:\/\/www.grupotecnomotriz.com\/site\/wp-content\/uploads\/2022\/02\/benz-500x500.png 500w, https:\/\/www.grupotecnomotriz.com\/site\/wp-content\/uploads\/2022\/02\/benz.png 594w\" data-sizes=\"(max-width: 150px) 100vw, 150px\" src=\"data:image\/svg+xml;base64,PHN2ZyB3aWR0aD0iMSIgaGVpZ2h0PSIxIiB4bWxucz0iaHR0cDovL3d3dy53My5vcmcvMjAwMC9zdmciPjwvc3ZnPg==\" style=\"--smush-placeholder-width: 150px; --smush-placeholder-aspect-ratio: 150\/150;\" \/><\/div>\n\t\t<\/figure>\n\t<\/div>\n[\/ultimate_carousel]<\/div><\/div><\/div><\/div><\/div><\/div><\/div>            <\/div>\n        <\/div>\n    <\/section>\n<\/div>\n","protected":false},"excerpt":{"rendered":"Detallado Profesional En Grupo Tecnomotriz le brindamos toda la asesor\u00eda que necesita para reclamar su seguro. Nuestros asesores y asesoras le brindan las soluciones a medida de cada aseguradora, garantizando la mejor soluci\u00f3n en el tr\u00e1mite, consulte por todos nuestros servicios. Trabajamos con altos est\u00e1ndares de calidad internacional y medidas del fabricante en todas las [...]","protected":false},"author":1,"featured_media":0,"parent":0,"menu_order":0,"comment_status":"closed","ping_status":"closed","template":"page-fullwidth.php","meta":{"footnotes":""},"class_list":["post-993","page","type-page","status-publish","hentry"],"yoast_head":"<!-- This site is optimized with the Yoast SEO plugin v26.4 - https:\/\/yoast.com\/wordpress\/plugins\/seo\/ -->\n<title>Reclamo de Seguros Veh\u00edculares | Grupo Tecnomotriz<\/title>\n<meta name=\"robots\" content=\"index, follow, max-snippet:-1, max-image-preview:large, max-video-preview:-1\" \/>\n<link rel=\"canonical\" href=\"https:\/\/www.grupotecnomotriz.com\/site\/reclamo-seguros\/\" \/>\n<meta property=\"og:locale\" content=\"es_ES\" \/>\n<meta property=\"og:type\" content=\"article\" \/>\n<meta property=\"og:title\" content=\"Reclamo de Seguros Veh\u00edculares | Grupo Tecnomotriz\" \/>\n<meta property=\"og:url\" content=\"https:\/\/www.grupotecnomotriz.com\/site\/reclamo-seguros\/\" \/>\n<meta property=\"og:site_name\" content=\"Grupo Tecnomotriz\" \/>\n<meta name=\"twitter:card\" content=\"summary_large_image\" \/>\n<meta name=\"twitter:label1\" content=\"Est. reading time\" \/>\n\t<meta name=\"twitter:data1\" content=\"2 minutos\" \/>\n<script type=\"application\/ld+json\" class=\"yoast-schema-graph\">{\"@context\":\"https:\/\/schema.org\",\"@graph\":[{\"@type\":\"WebPage\",\"@id\":\"https:\/\/www.grupotecnomotriz.com\/site\/reclamo-seguros\/\",\"url\":\"https:\/\/www.grupotecnomotriz.com\/site\/reclamo-seguros\/\",\"name\":\"Reclamo de Seguros Veh\u00edculares | Grupo Tecnomotriz\",\"isPartOf\":{\"@id\":\"https:\/\/www.grupotecnomotriz.com\/site\/#website\"},\"datePublished\":\"2022-02-11T02:59:06+00:00\",\"breadcrumb\":{\"@id\":\"https:\/\/www.grupotecnomotriz.com\/site\/reclamo-seguros\/#breadcrumb\"},\"inLanguage\":\"es-CR\",\"potentialAction\":[{\"@type\":\"ReadAction\",\"target\":[\"https:\/\/www.grupotecnomotriz.com\/site\/reclamo-seguros\/\"]}]},{\"@type\":\"BreadcrumbList\",\"@id\":\"https:\/\/www.grupotecnomotriz.com\/site\/reclamo-seguros\/#breadcrumb\",\"itemListElement\":[{\"@type\":\"ListItem\",\"position\":1,\"name\":\"Portada\",\"item\":\"https:\/\/www.grupotecnomotriz.com\/site\/\"},{\"@type\":\"ListItem\",\"position\":2,\"name\":\"Reclamo de Seguros\"}]},{\"@type\":\"WebSite\",\"@id\":\"https:\/\/www.grupotecnomotriz.com\/site\/#website\",\"url\":\"https:\/\/www.grupotecnomotriz.com\/site\/\",\"name\":\"Grupo Tecnomotriz\",\"description\":\"Taller de enderezado y pintura Tecnomotriz\",\"potentialAction\":[{\"@type\":\"SearchAction\",\"target\":{\"@type\":\"EntryPoint\",\"urlTemplate\":\"https:\/\/www.grupotecnomotriz.com\/site\/?s={search_term_string}\"},\"query-input\":{\"@type\":\"PropertyValueSpecification\",\"valueRequired\":true,\"valueName\":\"search_term_string\"}}],\"inLanguage\":\"es-CR\"}]}<\/script>\n<!-- \/ Yoast SEO plugin. -->","yoast_head_json":{"title":"Reclamo de Seguros Veh\u00edculares | Grupo Tecnomotriz","robots":{"index":"index","follow":"follow","max-snippet":"max-snippet:-1","max-image-preview":"max-image-preview:large","max-video-preview":"max-video-preview:-1"},"canonical":"https:\/\/www.grupotecnomotriz.com\/site\/reclamo-seguros\/","og_locale":"es_ES","og_type":"article","og_title":"Reclamo de Seguros Veh\u00edculares | Grupo Tecnomotriz","og_url":"https:\/\/www.grupotecnomotriz.com\/site\/reclamo-seguros\/","og_site_name":"Grupo Tecnomotriz","twitter_card":"summary_large_image","twitter_misc":{"Est. reading time":"2 minutos"},"schema":{"@context":"https:\/\/schema.org","@graph":[{"@type":"WebPage","@id":"https:\/\/www.grupotecnomotriz.com\/site\/reclamo-seguros\/","url":"https:\/\/www.grupotecnomotriz.com\/site\/reclamo-seguros\/","name":"Reclamo de Seguros Veh\u00edculares | Grupo Tecnomotriz","isPartOf":{"@id":"https:\/\/www.grupotecnomotriz.com\/site\/#website"},"datePublished":"2022-02-11T02:59:06+00:00","breadcrumb":{"@id":"https:\/\/www.grupotecnomotriz.com\/site\/reclamo-seguros\/#breadcrumb"},"inLanguage":"es-CR","potentialAction":[{"@type":"ReadAction","target":["https:\/\/www.grupotecnomotriz.com\/site\/reclamo-seguros\/"]}]},{"@type":"BreadcrumbList","@id":"https:\/\/www.grupotecnomotriz.com\/site\/reclamo-seguros\/#breadcrumb","itemListElement":[{"@type":"ListItem","position":1,"name":"Portada","item":"https:\/\/www.grupotecnomotriz.com\/site\/"},{"@type":"ListItem","position":2,"name":"Reclamo de Seguros"}]},{"@type":"WebSite","@id":"https:\/\/www.grupotecnomotriz.com\/site\/#website","url":"https:\/\/www.grupotecnomotriz.com\/site\/","name":"Grupo Tecnomotriz","description":"Taller de enderezado y pintura Tecnomotriz","potentialAction":[{"@type":"SearchAction","target":{"@type":"EntryPoint","urlTemplate":"https:\/\/www.grupotecnomotriz.com\/site\/?s={search_term_string}"},"query-input":{"@type":"PropertyValueSpecification","valueRequired":true,"valueName":"search_term_string"}}],"inLanguage":"es-CR"}]}},"_links":{"self":[{"href":"https:\/\/www.grupotecnomotriz.com\/site\/wp-json\/wp\/v2\/pages\/993","targetHints":{"allow":["GET"]}}],"collection":[{"href":"https:\/\/www.grupotecnomotriz.com\/site\/wp-json\/wp\/v2\/pages"}],"about":[{"href":"https:\/\/www.grupotecnomotriz.com\/site\/wp-json\/wp\/v2\/types\/page"}],"author":[{"embeddable":true,"href":"https:\/\/www.grupotecnomotriz.com\/site\/wp-json\/wp\/v2\/users\/1"}],"replies":[{"embeddable":true,"href":"https:\/\/www.grupotecnomotriz.com\/site\/wp-json\/wp\/v2\/comments?post=993"}],"version-history":[{"count":1,"href":"https:\/\/www.grupotecnomotriz.com\/site\/wp-json\/wp\/v2\/pages\/993\/revisions"}],"predecessor-version":[{"id":994,"href":"https:\/\/www.grupotecnomotriz.com\/site\/wp-json\/wp\/v2\/pages\/993\/revisions\/994"}],"wp:attachment":[{"href":"https:\/\/www.grupotecnomotriz.com\/site\/wp-json\/wp\/v2\/media?parent=993"}],"curies":[{"name":"wp","href":"https:\/\/api.w.org\/{rel}","templated":true}]}}