{"id":382,"date":"2016-03-08T10:29:56","date_gmt":"2016-03-08T10:29:56","guid":{"rendered":"http:\/\/demowp.cththemes.net\/monolit\/?page_id=382"},"modified":"2024-10-10T21:56:31","modified_gmt":"2024-10-10T21:56:31","slug":"taller-boutique","status":"publish","type":"page","link":"https:\/\/www.grupotecnomotriz.com\/site\/taller-boutique\/","title":{"rendered":"Taller Boutique"},"content":{"rendered":"<div  class='monolit_sec monolit_fulh_sec content full-height'>\n                      \n            <div class=\"container-fluid full-height\">\n                <div class=\"row full-height \">\n                <div class=\"wpb_column vc_column_container vc_col-sm-12\"><div class=\"vc_column-inner vc_custom_1455730804223\"><div class=\"wpb_wrapper\"><div class=\"hero-wrap hero-wrap-home-youtube-video \">\n    <div class=\"media-container\" data-top-bottom=\"transform: translateY(300px);\" data-bottom-top=\"transform: translateY(-300px);\">\n        <div class=\"video-mask\"><\/div>\n        <div class=\"mob-bg bg\" \n                 data-bg=\"https:\/\/www.grupotecnomotriz.com\/site\/wp-content\/uploads\/2022\/02\/racing.jpg\"\n        ><\/div>\n        <div  class=\"background-youtube\" data-vid=\"OAkpQhb0ZXQ\" data-mv=\"1\" data-ql=\"highres\" data-pos=\"1\"> <\/div>\n    <\/div>\n    <div class=\"overlay\" style=\"opacity:0.2;\"><\/div>\n    <div class=\"hero-wrap-item center-item\">\n        <h2>Taller Boutique<\/h2>\n<h3>\u00danicos en Costa Rica<\/h3>\n    <\/div>\n        <a href=\"#sec1\" class=\"hero-scroll-link custom-scroll-link\" data-top-bottom=\"transform: translateY(50px);\" data-bottom-top=\"transform: translateY(-50px);\"><i class=\"fa fa-angle-down\"><\/i><\/a>\n    <\/div><\/div><\/div><\/div>            <\/div>\n        <\/div>\n<\/div>\n\n<div  class='monolit_sec monolit_page_sec content dark-bg'>\n\n \n\n    <section>\n            <div class=\"container\">\n                <div class=\"row\">\n                <div class=\"wpb_column vc_column_container vc_col-sm-12\"><div class=\"vc_column-inner\"><div class=\"wpb_wrapper\"><div class=\"wpb_images_carousel wpb_content_element vc_clearfix\"><div class=\"wpb_wrapper\"><div id=\"vc_images-carousel-1-1776537323\" data-ride=\"vc_carousel\" data-wrap=\"true\" style=\"width: 100%;\" data-interval=\"2000\" data-auto-height=\"yes\" data-mode=\"horizontal\" data-partial=\"false\" data-per-view=\"6\" data-hide-on-end=\"false\" class=\"vc_slide vc_images_carousel\"><div class=\"vc_carousel-inner\"><div class=\"vc_carousel-slideline\"><div class=\"vc_carousel-slideline-inner\"><div class=\"vc_item\"><div class=\"vc_inner\"><img decoding=\"async\" data-src=\"https:\/\/www.grupotecnomotriz.com\/site\/wp-content\/uploads\/2022\/02\/porsche-200x200.png\" width=\"200\" height=\"200\" alt=\"porsche\" title=\"porsche\" src=\"data:image\/svg+xml;base64,PHN2ZyB3aWR0aD0iMSIgaGVpZ2h0PSIxIiB4bWxucz0iaHR0cDovL3d3dy53My5vcmcvMjAwMC9zdmciPjwvc3ZnPg==\" class=\"lazyload\" style=\"--smush-placeholder-width: 200px; --smush-placeholder-aspect-ratio: 200\/200;\" \/><\/div><\/div><div class=\"vc_item\"><div class=\"vc_inner\"><img decoding=\"async\" data-src=\"https:\/\/www.grupotecnomotriz.com\/site\/wp-content\/uploads\/2022\/02\/suzuki-200x200.png\" width=\"200\" height=\"200\" alt=\"suzuki\" title=\"suzuki\" src=\"data:image\/svg+xml;base64,PHN2ZyB3aWR0aD0iMSIgaGVpZ2h0PSIxIiB4bWxucz0iaHR0cDovL3d3dy53My5vcmcvMjAwMC9zdmciPjwvc3ZnPg==\" class=\"lazyload\" style=\"--smush-placeholder-width: 200px; --smush-placeholder-aspect-ratio: 200\/200;\" \/><\/div><\/div><div class=\"vc_item\"><div class=\"vc_inner\"><img decoding=\"async\" data-src=\"https:\/\/www.grupotecnomotriz.com\/site\/wp-content\/uploads\/2022\/02\/nissan-200x200.png\" width=\"200\" height=\"200\" alt=\"nissan\" title=\"nissan\" src=\"data:image\/svg+xml;base64,PHN2ZyB3aWR0aD0iMSIgaGVpZ2h0PSIxIiB4bWxucz0iaHR0cDovL3d3dy53My5vcmcvMjAwMC9zdmciPjwvc3ZnPg==\" class=\"lazyload\" style=\"--smush-placeholder-width: 200px; --smush-placeholder-aspect-ratio: 200\/200;\" \/><\/div><\/div><div class=\"vc_item\"><div class=\"vc_inner\"><img decoding=\"async\" data-src=\"https:\/\/www.grupotecnomotriz.com\/site\/wp-content\/uploads\/2022\/02\/peugeot-200x200.png\" width=\"200\" height=\"200\" alt=\"peugeot\" title=\"peugeot\" src=\"data:image\/svg+xml;base64,PHN2ZyB3aWR0aD0iMSIgaGVpZ2h0PSIxIiB4bWxucz0iaHR0cDovL3d3dy53My5vcmcvMjAwMC9zdmciPjwvc3ZnPg==\" class=\"lazyload\" style=\"--smush-placeholder-width: 200px; --smush-placeholder-aspect-ratio: 200\/200;\" \/><\/div><\/div><div class=\"vc_item\"><div class=\"vc_inner\"><img decoding=\"async\" data-src=\"https:\/\/www.grupotecnomotriz.com\/site\/wp-content\/uploads\/2022\/02\/lexus-200x200.png\" width=\"200\" height=\"200\" alt=\"lexus\" title=\"lexus\" src=\"data:image\/svg+xml;base64,PHN2ZyB3aWR0aD0iMSIgaGVpZ2h0PSIxIiB4bWxucz0iaHR0cDovL3d3dy53My5vcmcvMjAwMC9zdmciPjwvc3ZnPg==\" class=\"lazyload\" style=\"--smush-placeholder-width: 200px; --smush-placeholder-aspect-ratio: 200\/200;\" \/><\/div><\/div><div class=\"vc_item\"><div class=\"vc_inner\"><img decoding=\"async\" data-src=\"https:\/\/www.grupotecnomotriz.com\/site\/wp-content\/uploads\/2022\/02\/mazda-200x200.png\" width=\"200\" height=\"200\" alt=\"mazda\" title=\"mazda\" src=\"data:image\/svg+xml;base64,PHN2ZyB3aWR0aD0iMSIgaGVpZ2h0PSIxIiB4bWxucz0iaHR0cDovL3d3dy53My5vcmcvMjAwMC9zdmciPjwvc3ZnPg==\" class=\"lazyload\" style=\"--smush-placeholder-width: 200px; --smush-placeholder-aspect-ratio: 200\/200;\" \/><\/div><\/div><div class=\"vc_item\"><div class=\"vc_inner\"><img decoding=\"async\" data-src=\"https:\/\/www.grupotecnomotriz.com\/site\/wp-content\/uploads\/2022\/02\/mitsubishi-200x200.png\" width=\"200\" height=\"200\" alt=\"mitsubishi\" title=\"mitsubishi\" src=\"data:image\/svg+xml;base64,PHN2ZyB3aWR0aD0iMSIgaGVpZ2h0PSIxIiB4bWxucz0iaHR0cDovL3d3dy53My5vcmcvMjAwMC9zdmciPjwvc3ZnPg==\" class=\"lazyload\" style=\"--smush-placeholder-width: 200px; --smush-placeholder-aspect-ratio: 200\/200;\" \/><\/div><\/div><div class=\"vc_item\"><div class=\"vc_inner\"><img decoding=\"async\" data-src=\"https:\/\/www.grupotecnomotriz.com\/site\/wp-content\/uploads\/2022\/02\/lamborgini-200x200.png\" width=\"200\" height=\"200\" alt=\"lamborgini\" title=\"lamborgini\" src=\"data:image\/svg+xml;base64,PHN2ZyB3aWR0aD0iMSIgaGVpZ2h0PSIxIiB4bWxucz0iaHR0cDovL3d3dy53My5vcmcvMjAwMC9zdmciPjwvc3ZnPg==\" class=\"lazyload\" style=\"--smush-placeholder-width: 200px; --smush-placeholder-aspect-ratio: 200\/200;\" \/><\/div><\/div><div class=\"vc_item\"><div class=\"vc_inner\"><img decoding=\"async\" data-src=\"https:\/\/www.grupotecnomotriz.com\/site\/wp-content\/uploads\/2022\/02\/jeep-200x200.png\" width=\"200\" height=\"200\" alt=\"jeep\" title=\"jeep\" src=\"data:image\/svg+xml;base64,PHN2ZyB3aWR0aD0iMSIgaGVpZ2h0PSIxIiB4bWxucz0iaHR0cDovL3d3dy53My5vcmcvMjAwMC9zdmciPjwvc3ZnPg==\" class=\"lazyload\" style=\"--smush-placeholder-width: 200px; --smush-placeholder-aspect-ratio: 200\/200;\" \/><\/div><\/div><div class=\"vc_item\"><div class=\"vc_inner\"><img decoding=\"async\" data-src=\"https:\/\/www.grupotecnomotriz.com\/site\/wp-content\/uploads\/2022\/02\/landrover-200x200.png\" width=\"200\" height=\"200\" alt=\"landrover\" title=\"landrover\" src=\"data:image\/svg+xml;base64,PHN2ZyB3aWR0aD0iMSIgaGVpZ2h0PSIxIiB4bWxucz0iaHR0cDovL3d3dy53My5vcmcvMjAwMC9zdmciPjwvc3ZnPg==\" class=\"lazyload\" style=\"--smush-placeholder-width: 200px; --smush-placeholder-aspect-ratio: 200\/200;\" \/><\/div><\/div><div class=\"vc_item\"><div class=\"vc_inner\"><img decoding=\"async\" data-src=\"https:\/\/www.grupotecnomotriz.com\/site\/wp-content\/uploads\/2022\/02\/honda-200x200.png\" width=\"200\" height=\"200\" alt=\"honda\" title=\"honda\" src=\"data:image\/svg+xml;base64,PHN2ZyB3aWR0aD0iMSIgaGVpZ2h0PSIxIiB4bWxucz0iaHR0cDovL3d3dy53My5vcmcvMjAwMC9zdmciPjwvc3ZnPg==\" class=\"lazyload\" style=\"--smush-placeholder-width: 200px; --smush-placeholder-aspect-ratio: 200\/200;\" \/><\/div><\/div><div class=\"vc_item\"><div class=\"vc_inner\"><img decoding=\"async\" data-src=\"https:\/\/www.grupotecnomotriz.com\/site\/wp-content\/uploads\/2022\/02\/hyundai-200x200.png\" width=\"200\" height=\"200\" alt=\"hyundai\" title=\"hyundai\" src=\"data:image\/svg+xml;base64,PHN2ZyB3aWR0aD0iMSIgaGVpZ2h0PSIxIiB4bWxucz0iaHR0cDovL3d3dy53My5vcmcvMjAwMC9zdmciPjwvc3ZnPg==\" class=\"lazyload\" style=\"--smush-placeholder-width: 200px; --smush-placeholder-aspect-ratio: 200\/200;\" \/><\/div><\/div><div class=\"vc_item\"><div class=\"vc_inner\"><img decoding=\"async\" data-src=\"https:\/\/www.grupotecnomotriz.com\/site\/wp-content\/uploads\/2022\/02\/jaguar-200x200.png\" width=\"200\" height=\"200\" alt=\"jaguar\" title=\"jaguar\" src=\"data:image\/svg+xml;base64,PHN2ZyB3aWR0aD0iMSIgaGVpZ2h0PSIxIiB4bWxucz0iaHR0cDovL3d3dy53My5vcmcvMjAwMC9zdmciPjwvc3ZnPg==\" class=\"lazyload\" style=\"--smush-placeholder-width: 200px; --smush-placeholder-aspect-ratio: 200\/200;\" \/><\/div><\/div><div class=\"vc_item\"><div class=\"vc_inner\"><img decoding=\"async\" data-src=\"https:\/\/www.grupotecnomotriz.com\/site\/wp-content\/uploads\/2022\/02\/ferrari-200x200.png\" width=\"200\" height=\"200\" alt=\"ferrari\" title=\"ferrari\" src=\"data:image\/svg+xml;base64,PHN2ZyB3aWR0aD0iMSIgaGVpZ2h0PSIxIiB4bWxucz0iaHR0cDovL3d3dy53My5vcmcvMjAwMC9zdmciPjwvc3ZnPg==\" class=\"lazyload\" style=\"--smush-placeholder-width: 200px; --smush-placeholder-aspect-ratio: 200\/200;\" \/><\/div><\/div><div class=\"vc_item\"><div class=\"vc_inner\"><img decoding=\"async\" data-src=\"https:\/\/www.grupotecnomotriz.com\/site\/wp-content\/uploads\/2022\/02\/ford-200x200.png\" width=\"200\" height=\"200\" alt=\"ford\" title=\"ford\" src=\"data:image\/svg+xml;base64,PHN2ZyB3aWR0aD0iMSIgaGVpZ2h0PSIxIiB4bWxucz0iaHR0cDovL3d3dy53My5vcmcvMjAwMC9zdmciPjwvc3ZnPg==\" class=\"lazyload\" style=\"--smush-placeholder-width: 200px; --smush-placeholder-aspect-ratio: 200\/200;\" \/><\/div><\/div><div class=\"vc_item\"><div class=\"vc_inner\"><img decoding=\"async\" data-src=\"https:\/\/www.grupotecnomotriz.com\/site\/wp-content\/uploads\/2022\/02\/bmw-200x200.png\" width=\"200\" height=\"200\" alt=\"bmw\" title=\"bmw\" src=\"data:image\/svg+xml;base64,PHN2ZyB3aWR0aD0iMSIgaGVpZ2h0PSIxIiB4bWxucz0iaHR0cDovL3d3dy53My5vcmcvMjAwMC9zdmciPjwvc3ZnPg==\" class=\"lazyload\" style=\"--smush-placeholder-width: 200px; --smush-placeholder-aspect-ratio: 200\/200;\" \/><\/div><\/div><div class=\"vc_item\"><div class=\"vc_inner\"><img decoding=\"async\" data-src=\"https:\/\/www.grupotecnomotriz.com\/site\/wp-content\/uploads\/2022\/02\/chevi-200x200.png\" width=\"200\" height=\"200\" alt=\"chevi\" title=\"chevi\" src=\"data:image\/svg+xml;base64,PHN2ZyB3aWR0aD0iMSIgaGVpZ2h0PSIxIiB4bWxucz0iaHR0cDovL3d3dy53My5vcmcvMjAwMC9zdmciPjwvc3ZnPg==\" class=\"lazyload\" style=\"--smush-placeholder-width: 200px; --smush-placeholder-aspect-ratio: 200\/200;\" \/><\/div><\/div><div class=\"vc_item\"><div class=\"vc_inner\"><img decoding=\"async\" data-src=\"https:\/\/www.grupotecnomotriz.com\/site\/wp-content\/uploads\/2022\/02\/audi-200x200.png\" width=\"200\" height=\"200\" alt=\"audi\" title=\"audi\" src=\"data:image\/svg+xml;base64,PHN2ZyB3aWR0aD0iMSIgaGVpZ2h0PSIxIiB4bWxucz0iaHR0cDovL3d3dy53My5vcmcvMjAwMC9zdmciPjwvc3ZnPg==\" class=\"lazyload\" style=\"--smush-placeholder-width: 200px; --smush-placeholder-aspect-ratio: 200\/200;\" \/><\/div><\/div><div class=\"vc_item\"><div class=\"vc_inner\"><img decoding=\"async\" data-src=\"https:\/\/www.grupotecnomotriz.com\/site\/wp-content\/uploads\/2022\/02\/benz-200x200.png\" width=\"200\" height=\"200\" alt=\"benz\" title=\"benz\" src=\"data:image\/svg+xml;base64,PHN2ZyB3aWR0aD0iMSIgaGVpZ2h0PSIxIiB4bWxucz0iaHR0cDovL3d3dy53My5vcmcvMjAwMC9zdmciPjwvc3ZnPg==\" class=\"lazyload\" style=\"--smush-placeholder-width: 200px; --smush-placeholder-aspect-ratio: 200\/200;\" \/><\/div><\/div><div class=\"vc_item\"><div class=\"vc_inner\"><img decoding=\"async\" data-src=\"https:\/\/www.grupotecnomotriz.com\/site\/wp-content\/uploads\/2022\/02\/subaru-200x200.png\" width=\"200\" height=\"200\" alt=\"subaru\" title=\"subaru\" src=\"data:image\/svg+xml;base64,PHN2ZyB3aWR0aD0iMSIgaGVpZ2h0PSIxIiB4bWxucz0iaHR0cDovL3d3dy53My5vcmcvMjAwMC9zdmciPjwvc3ZnPg==\" class=\"lazyload\" style=\"--smush-placeholder-width: 200px; --smush-placeholder-aspect-ratio: 200\/200;\" \/><\/div><\/div><div class=\"vc_item\"><div class=\"vc_inner\"><img decoding=\"async\" data-src=\"https:\/\/www.grupotecnomotriz.com\/site\/wp-content\/uploads\/2022\/02\/toyota-200x200.png\" width=\"200\" height=\"200\" alt=\"toyota\" title=\"toyota\" src=\"data:image\/svg+xml;base64,PHN2ZyB3aWR0aD0iMSIgaGVpZ2h0PSIxIiB4bWxucz0iaHR0cDovL3d3dy53My5vcmcvMjAwMC9zdmciPjwvc3ZnPg==\" class=\"lazyload\" style=\"--smush-placeholder-width: 200px; --smush-placeholder-aspect-ratio: 200\/200;\" \/><\/div><\/div><div class=\"vc_item\"><div class=\"vc_inner\"><img decoding=\"async\" data-src=\"https:\/\/www.grupotecnomotriz.com\/site\/wp-content\/uploads\/2022\/02\/tesla-200x200.png\" width=\"200\" height=\"200\" alt=\"tesla\" title=\"tesla\" src=\"data:image\/svg+xml;base64,PHN2ZyB3aWR0aD0iMSIgaGVpZ2h0PSIxIiB4bWxucz0iaHR0cDovL3d3dy53My5vcmcvMjAwMC9zdmciPjwvc3ZnPg==\" class=\"lazyload\" style=\"--smush-placeholder-width: 200px; --smush-placeholder-aspect-ratio: 200\/200;\" \/><\/div><\/div><div class=\"vc_item\"><div class=\"vc_inner\"><img decoding=\"async\" data-src=\"https:\/\/www.grupotecnomotriz.com\/site\/wp-content\/uploads\/2024\/10\/mclaren-logo-0-scaled-200x200.png\" width=\"200\" height=\"200\" alt=\"mclaren-logo-0\" title=\"mclaren-logo-0\" src=\"data:image\/svg+xml;base64,PHN2ZyB3aWR0aD0iMSIgaGVpZ2h0PSIxIiB4bWxucz0iaHR0cDovL3d3dy53My5vcmcvMjAwMC9zdmciPjwvc3ZnPg==\" class=\"lazyload\" style=\"--smush-placeholder-width: 200px; --smush-placeholder-aspect-ratio: 200\/200;\" \/><\/div><\/div><\/div><\/div><\/div><\/div><\/div><\/div><div class=\"vc_empty_space\"   style=\"height: 32px\"><span class=\"vc_empty_space_inner\"><\/span><\/div><div class=\"vc_empty_space\"   style=\"height: 32px\"><span class=\"vc_empty_space_inner\"><\/span><\/div>\n\t<div class=\"wpb_text_column wpb_content_element \" >\n\t\t<div class=\"wpb_wrapper\">\n\t\t\t<h2 class=\"section-title\" style=\"text-align: center;\"><span style=\"color: #fff;\">Todo <strong> en un solo lugar<\/strong><\/span><\/h2>\n<p class=\"no-rep\"><span style=\"color: #ffffff;\">Al ser un taller de alto performance descubrimos la necesidad de tener un espacio preparado para todas las necesidades que puedan surgir en nuestros clientes, y justamente por eso nos hemos convertido en el primer <strong><em>Taller Boutique de Costa Rica<\/em><\/strong><\/span><\/p>\n<p class=\"no-rep\"><span style=\"color: #ffffff;\">En nuestro taller boutique usted podr\u00e1 conseguir el servicio que busca, es decir recibimos su veh\u00edculo con problemas de c\u00f3digos, aire acondicionado, rayones o accidentes y le garantizamos el tr\u00e1mite del seguro, las partes, los accesorios, los repuestos, la reparaci\u00f3n y la aplicaci\u00f3n de pintura con estandares de calidad internacional.<\/span><\/p>\n\n\t\t<\/div>\n\t<\/div>\n<div class=\"vc_empty_space\"   style=\"height: 32px\"><span class=\"vc_empty_space_inner\"><\/span><\/div><div class=\"vc_separator wpb_content_element vc_separator_align_center vc_sep_width_50 vc_sep_border_width_2 vc_sep_pos_align_center vc_separator_no_text vc_sep_color_white\" ><span class=\"vc_sep_holder vc_sep_holder_l\"><span class=\"vc_sep_line\"><\/span><\/span><span class=\"vc_sep_holder vc_sep_holder_r\"><span class=\"vc_sep_line\"><\/span><\/span>\n<\/div>\n\t<div class=\"wpb_text_column wpb_content_element \" >\n\t\t<div class=\"wpb_wrapper\">\n\t\t\t<div class=\"botones btn-white\" style=\"text-align: center;\"><a class=\"btn-center\" href=\"\/servicios\"> Conocer los servicios Premium <\/a><\/div>\n\n\t\t<\/div>\n\t<\/div>\n<\/div><\/div><\/div>            <\/div>\n        <\/div>\n    <\/section>\n<\/div>\n\n<div class=\"clearfix\"><\/div><div class=\"vc_row wpb_row vc_row-fluid\"><div class=\"wpb_column vc_column_container vc_col-sm-12\"><div class=\"vc_column-inner\"><div class=\"wpb_wrapper\"><\/div><\/div><\/div><\/div><div class=\"clearfix\"><\/div>\n","protected":false},"excerpt":{"rendered":"Taller Boutique \u00danicos en Costa Rica Todo en un solo lugar Al ser un taller de alto performance descubrimos la necesidad de tener un espacio preparado para todas las necesidades que puedan surgir en nuestros clientes, y justamente por eso nos hemos convertido en el primer Taller Boutique de Costa Rica En nuestro taller boutique [...]","protected":false},"author":1,"featured_media":0,"parent":0,"menu_order":0,"comment_status":"closed","ping_status":"closed","template":"homepage.php","meta":{"footnotes":""},"class_list":["post-382","page","type-page","status-publish","hentry"],"yoast_head":"<!-- This site is optimized with the Yoast SEO plugin v26.4 - https:\/\/yoast.com\/wordpress\/plugins\/seo\/ -->\n<title>Taller Boutique | Grupo Tecnomotriz<\/title>\n<meta name=\"robots\" content=\"index, follow, max-snippet:-1, max-image-preview:large, max-video-preview:-1\" \/>\n<link rel=\"canonical\" href=\"https:\/\/www.grupotecnomotriz.com\/site\/taller-boutique\/\" \/>\n<meta property=\"og:locale\" content=\"es_ES\" \/>\n<meta property=\"og:type\" content=\"article\" \/>\n<meta property=\"og:title\" content=\"Taller Boutique | Grupo Tecnomotriz\" \/>\n<meta property=\"og:url\" content=\"https:\/\/www.grupotecnomotriz.com\/site\/taller-boutique\/\" \/>\n<meta property=\"og:site_name\" content=\"Grupo Tecnomotriz\" \/>\n<meta property=\"article:modified_time\" content=\"2024-10-10T21:56:31+00:00\" \/>\n<meta name=\"twitter:card\" content=\"summary_large_image\" \/>\n<meta name=\"twitter:label1\" content=\"Est. reading time\" \/>\n\t<meta name=\"twitter:data1\" content=\"1 minuto\" \/>\n<script type=\"application\/ld+json\" class=\"yoast-schema-graph\">{\"@context\":\"https:\/\/schema.org\",\"@graph\":[{\"@type\":\"WebPage\",\"@id\":\"https:\/\/www.grupotecnomotriz.com\/site\/taller-boutique\/\",\"url\":\"https:\/\/www.grupotecnomotriz.com\/site\/taller-boutique\/\",\"name\":\"Taller Boutique | Grupo Tecnomotriz\",\"isPartOf\":{\"@id\":\"https:\/\/www.grupotecnomotriz.com\/site\/#website\"},\"datePublished\":\"2016-03-08T10:29:56+00:00\",\"dateModified\":\"2024-10-10T21:56:31+00:00\",\"breadcrumb\":{\"@id\":\"https:\/\/www.grupotecnomotriz.com\/site\/taller-boutique\/#breadcrumb\"},\"inLanguage\":\"es-CR\",\"potentialAction\":[{\"@type\":\"ReadAction\",\"target\":[\"https:\/\/www.grupotecnomotriz.com\/site\/taller-boutique\/\"]}]},{\"@type\":\"BreadcrumbList\",\"@id\":\"https:\/\/www.grupotecnomotriz.com\/site\/taller-boutique\/#breadcrumb\",\"itemListElement\":[{\"@type\":\"ListItem\",\"position\":1,\"name\":\"Portada\",\"item\":\"https:\/\/www.grupotecnomotriz.com\/site\/\"},{\"@type\":\"ListItem\",\"position\":2,\"name\":\"Taller Boutique\"}]},{\"@type\":\"WebSite\",\"@id\":\"https:\/\/www.grupotecnomotriz.com\/site\/#website\",\"url\":\"https:\/\/www.grupotecnomotriz.com\/site\/\",\"name\":\"Grupo Tecnomotriz\",\"description\":\"Taller de enderezado y pintura Tecnomotriz\",\"potentialAction\":[{\"@type\":\"SearchAction\",\"target\":{\"@type\":\"EntryPoint\",\"urlTemplate\":\"https:\/\/www.grupotecnomotriz.com\/site\/?s={search_term_string}\"},\"query-input\":{\"@type\":\"PropertyValueSpecification\",\"valueRequired\":true,\"valueName\":\"search_term_string\"}}],\"inLanguage\":\"es-CR\"}]}<\/script>\n<!-- \/ Yoast SEO plugin. -->","yoast_head_json":{"title":"Taller Boutique | Grupo Tecnomotriz","robots":{"index":"index","follow":"follow","max-snippet":"max-snippet:-1","max-image-preview":"max-image-preview:large","max-video-preview":"max-video-preview:-1"},"canonical":"https:\/\/www.grupotecnomotriz.com\/site\/taller-boutique\/","og_locale":"es_ES","og_type":"article","og_title":"Taller Boutique | Grupo Tecnomotriz","og_url":"https:\/\/www.grupotecnomotriz.com\/site\/taller-boutique\/","og_site_name":"Grupo Tecnomotriz","article_modified_time":"2024-10-10T21:56:31+00:00","twitter_card":"summary_large_image","twitter_misc":{"Est. reading time":"1 minuto"},"schema":{"@context":"https:\/\/schema.org","@graph":[{"@type":"WebPage","@id":"https:\/\/www.grupotecnomotriz.com\/site\/taller-boutique\/","url":"https:\/\/www.grupotecnomotriz.com\/site\/taller-boutique\/","name":"Taller Boutique | Grupo Tecnomotriz","isPartOf":{"@id":"https:\/\/www.grupotecnomotriz.com\/site\/#website"},"datePublished":"2016-03-08T10:29:56+00:00","dateModified":"2024-10-10T21:56:31+00:00","breadcrumb":{"@id":"https:\/\/www.grupotecnomotriz.com\/site\/taller-boutique\/#breadcrumb"},"inLanguage":"es-CR","potentialAction":[{"@type":"ReadAction","target":["https:\/\/www.grupotecnomotriz.com\/site\/taller-boutique\/"]}]},{"@type":"BreadcrumbList","@id":"https:\/\/www.grupotecnomotriz.com\/site\/taller-boutique\/#breadcrumb","itemListElement":[{"@type":"ListItem","position":1,"name":"Portada","item":"https:\/\/www.grupotecnomotriz.com\/site\/"},{"@type":"ListItem","position":2,"name":"Taller Boutique"}]},{"@type":"WebSite","@id":"https:\/\/www.grupotecnomotriz.com\/site\/#website","url":"https:\/\/www.grupotecnomotriz.com\/site\/","name":"Grupo Tecnomotriz","description":"Taller de enderezado y pintura Tecnomotriz","potentialAction":[{"@type":"SearchAction","target":{"@type":"EntryPoint","urlTemplate":"https:\/\/www.grupotecnomotriz.com\/site\/?s={search_term_string}"},"query-input":{"@type":"PropertyValueSpecification","valueRequired":true,"valueName":"search_term_string"}}],"inLanguage":"es-CR"}]}},"_links":{"self":[{"href":"https:\/\/www.grupotecnomotriz.com\/site\/wp-json\/wp\/v2\/pages\/382","targetHints":{"allow":["GET"]}}],"collection":[{"href":"https:\/\/www.grupotecnomotriz.com\/site\/wp-json\/wp\/v2\/pages"}],"about":[{"href":"https:\/\/www.grupotecnomotriz.com\/site\/wp-json\/wp\/v2\/types\/page"}],"author":[{"embeddable":true,"href":"https:\/\/www.grupotecnomotriz.com\/site\/wp-json\/wp\/v2\/users\/1"}],"replies":[{"embeddable":true,"href":"https:\/\/www.grupotecnomotriz.com\/site\/wp-json\/wp\/v2\/comments?post=382"}],"version-history":[{"count":59,"href":"https:\/\/www.grupotecnomotriz.com\/site\/wp-json\/wp\/v2\/pages\/382\/revisions"}],"predecessor-version":[{"id":1149,"href":"https:\/\/www.grupotecnomotriz.com\/site\/wp-json\/wp\/v2\/pages\/382\/revisions\/1149"}],"wp:attachment":[{"href":"https:\/\/www.grupotecnomotriz.com\/site\/wp-json\/wp\/v2\/media?parent=382"}],"curies":[{"name":"wp","href":"https:\/\/api.w.org\/{rel}","templated":true}]}}