{"id":172,"date":"2016-02-21T15:46:30","date_gmt":"2016-02-21T15:46:30","guid":{"rendered":"http:\/\/demowp.cththemes.net\/monolit\/?page_id=172"},"modified":"2024-10-10T21:43:02","modified_gmt":"2024-10-10T21:43:02","slug":"contacto","status":"publish","type":"page","link":"https:\/\/www.grupotecnomotriz.com\/site\/contacto\/","title":{"rendered":"Contacto"},"content":{"rendered":"<div  class='monolit_sec monolit_page_sec content'>\n\n \n\n    <section>\n            <div class=\"container\">\n                <div class=\"row\">\n                <div class=\"wpb_column vc_column_container vc_col-sm-12 vc_col-md-8\"><div class=\"vc_column-inner\"><div class=\"wpb_wrapper\">\n\t<div class=\"wpb_text_column wpb_content_element \" >\n\t\t<div class=\"wpb_wrapper\">\n\t\t\t<h2 class=\"section-title\">C\u00f3mo <strong>contactarnos?<\/strong><\/h2>\n<p>Para todos en Grupo Tecnomotriz ser\u00e1 un gusto atenderle y mostrarle el abanico de opciones que tenemos para los automoviles m\u00e1s prestigiosos del mercado.<\/p>\n<p>Ac\u00e1 podr\u00e1 encontrar todo lo que necesita para comunicarse con nosotros y los distintos departamentos de nuestro Garage Premium en Zapote.<\/p>\n\n\t\t<\/div>\n\t<\/div>\n<\/div><\/div><\/div><div class=\"wpb_column vc_column_container vc_col-sm-12 vc_col-md-8\"><div class=\"vc_column-inner\"><div class=\"wpb_wrapper\"><div class=\"vc_row wpb_row vc_inner vc_row-fluid vc_custom_1456151205880\"><div class=\"wpb_column vc_column_container vc_col-sm-12 vc_col-md-4\"><div class=\"vc_column-inner\"><div class=\"wpb_wrapper\">\n\t<div class=\"wpb_text_column wpb_content_element \" >\n\t\t<div class=\"wpb_wrapper\">\n\t\t\t<h4 class=\"contact-details\">Oficina de Zapote<\/h4>\n<ul class=\"contact-details\">\n<li><a href=\"tel:(+506)22251550\">(+506) 2225 1550<\/a><\/li>\n<li><a href=\"https:\/\/ul.waze.com\/ul?preview_venue_id=180813923.1808466912.21887165&amp;navigate=yes&amp;utm_campaign=default&amp;utm_source=waze_website&amp;utm_medium=lm_share_location\">Waze a Grupo Tecnomotriz<\/a><\/li>\n<li><a href=\"mailto:info@grupotecnomotriz.com\">info@grupotenomotriz.com<\/a><\/li>\n<\/ul>\n\n\t\t<\/div>\n\t<\/div>\n<\/div><\/div><\/div><div class=\"wpb_column vc_column_container vc_col-sm-12 vc_col-md-4\"><div class=\"vc_column-inner\"><div class=\"wpb_wrapper\">\n\t<div class=\"wpb_text_column wpb_content_element \" >\n\t\t<div class=\"wpb_wrapper\">\n\t\t\t<h4 class=\"contact-details\">Servicios:<\/h4>\n<ul class=\"contact-details\">\n<li><\/li>\n<li><\/li>\n<li><a href=\"\/servicios\" rel=\"noopener\">Servicios Premium<\/a><\/li>\n<\/ul>\n\n\t\t<\/div>\n\t<\/div>\n<\/div><\/div><\/div><div class=\"wpb_column vc_column_container vc_col-sm-12 vc_col-md-4\"><div class=\"vc_column-inner\"><div class=\"wpb_wrapper\">\n\t<div class=\"wpb_text_column wpb_content_element \" >\n\t\t<div class=\"wpb_wrapper\">\n\t\t\t<h4 class=\"contact-details\">Informaci\u00f3n:<\/h4>\n<ul class=\"contact-details\">\n<li>L a V: 8AM &#8211; 5PM<\/li>\n<li>S: 8AM &#8211; 3PM | <em>Domingo Cerrado<\/em><\/li>\n<li><a href=\"\/empleo\" target=\"_blank\" rel=\"noopener\">Trabaje con nosotros<\/a><\/li>\n<\/ul>\n\n\t\t<\/div>\n\t<\/div>\n<\/div><\/div><\/div><\/div><\/div><\/div><\/div><div class=\"wpb_column vc_column_container vc_col-sm-12\"><div class=\"vc_column-inner\"><div class=\"wpb_wrapper\"><div class=\"vc_empty_space\"   style=\"height: 15px\"><span class=\"vc_empty_space_inner\"><\/span><\/div><div class=\"wpb_gmaps_widget wpb_content_element\"><div class=\"wpb_wrapper\"><div class=\"wpb_map_wraper\"><iframe data-src=\"https:\/\/www.google.com\/maps\/embed?pb=!1m18!1m12!1m3!1d3930.1583380902143!2d-84.05572058520652!3d9.920767892905486!2m3!1f0!2f0!3f0!3m2!1i1024!2i768!4f13.1!3m3!1m2!1s0x8fa0e3994b8fdb57%3A0x4db3c916d684e3e0!2sTecnomotriz!5e0!3m2!1ses!2scr!4v1644515090468!5m2!1ses!2scr\" width=\"600\" height=\"450\" style=\"border:0;\" allowfullscreen=\"\" src=\"data:image\/svg+xml;base64,PHN2ZyB3aWR0aD0iMSIgaGVpZ2h0PSIxIiB4bWxucz0iaHR0cDovL3d3dy53My5vcmcvMjAwMC9zdmciPjwvc3ZnPg==\" class=\"lazyload\" data-load-mode=\"1\"><\/iframe><\/div><\/div><\/div><\/div><\/div><\/div>            <\/div>\n        <\/div>\n    <\/section>\n<\/div>\n\n<div class=\"clearfix\"><\/div><div class=\"vc_row wpb_row vc_row-fluid\"><div class=\"wpb_column vc_column_container vc_col-sm-12\"><div class=\"vc_column-inner\"><div class=\"wpb_wrapper\"><div class=\"vc_empty_space\"   style=\"height: 32px\"><span class=\"vc_empty_space_inner\"><\/span><\/div><\/div><\/div><\/div><\/div><div class=\"clearfix\"><\/div>\n","protected":false},"excerpt":{"rendered":"C\u00f3mo contactarnos? Para todos en Grupo Tecnomotriz ser\u00e1 un gusto atenderle y mostrarle el abanico de opciones que tenemos para los automoviles m\u00e1s prestigiosos del mercado. Ac\u00e1 podr\u00e1 encontrar todo lo que necesita para comunicarse con nosotros y los distintos departamentos de nuestro Garage Premium en Zapote. Oficina de Zapote (+506) 2225 1550 Waze a [...]","protected":false},"author":1,"featured_media":0,"parent":0,"menu_order":0,"comment_status":"closed","ping_status":"closed","template":"redux-templates_full_width","meta":{"footnotes":""},"class_list":["post-172","page","type-page","status-publish","hentry"],"yoast_head":"<!-- This site is optimized with the Yoast SEO plugin v26.4 - https:\/\/yoast.com\/wordpress\/plugins\/seo\/ -->\n<title>CContacto | Grupo Tecnomotriz<\/title>\n<meta name=\"robots\" content=\"index, follow, max-snippet:-1, max-image-preview:large, max-video-preview:-1\" \/>\n<link rel=\"canonical\" href=\"https:\/\/www.grupotecnomotriz.com\/site\/contacto\/\" \/>\n<meta property=\"og:locale\" content=\"es_ES\" \/>\n<meta property=\"og:type\" content=\"article\" \/>\n<meta property=\"og:title\" content=\"CContacto | Grupo Tecnomotriz\" \/>\n<meta property=\"og:url\" content=\"https:\/\/www.grupotecnomotriz.com\/site\/contacto\/\" \/>\n<meta property=\"og:site_name\" content=\"Grupo Tecnomotriz\" \/>\n<meta property=\"article:modified_time\" content=\"2024-10-10T21:43:02+00:00\" \/>\n<meta name=\"twitter:card\" content=\"summary_large_image\" \/>\n<meta name=\"twitter:label1\" content=\"Est. reading time\" \/>\n\t<meta name=\"twitter:data1\" content=\"1 minuto\" \/>\n<script type=\"application\/ld+json\" class=\"yoast-schema-graph\">{\"@context\":\"https:\/\/schema.org\",\"@graph\":[{\"@type\":\"WebPage\",\"@id\":\"https:\/\/www.grupotecnomotriz.com\/site\/contacto\/\",\"url\":\"https:\/\/www.grupotecnomotriz.com\/site\/contacto\/\",\"name\":\"CContacto | Grupo Tecnomotriz\",\"isPartOf\":{\"@id\":\"https:\/\/www.grupotecnomotriz.com\/site\/#website\"},\"datePublished\":\"2016-02-21T15:46:30+00:00\",\"dateModified\":\"2024-10-10T21:43:02+00:00\",\"breadcrumb\":{\"@id\":\"https:\/\/www.grupotecnomotriz.com\/site\/contacto\/#breadcrumb\"},\"inLanguage\":\"es-CR\",\"potentialAction\":[{\"@type\":\"ReadAction\",\"target\":[\"https:\/\/www.grupotecnomotriz.com\/site\/contacto\/\"]}]},{\"@type\":\"BreadcrumbList\",\"@id\":\"https:\/\/www.grupotecnomotriz.com\/site\/contacto\/#breadcrumb\",\"itemListElement\":[{\"@type\":\"ListItem\",\"position\":1,\"name\":\"Portada\",\"item\":\"https:\/\/www.grupotecnomotriz.com\/site\/\"},{\"@type\":\"ListItem\",\"position\":2,\"name\":\"Contacto\"}]},{\"@type\":\"WebSite\",\"@id\":\"https:\/\/www.grupotecnomotriz.com\/site\/#website\",\"url\":\"https:\/\/www.grupotecnomotriz.com\/site\/\",\"name\":\"Grupo Tecnomotriz\",\"description\":\"Taller de enderezado y pintura Tecnomotriz\",\"potentialAction\":[{\"@type\":\"SearchAction\",\"target\":{\"@type\":\"EntryPoint\",\"urlTemplate\":\"https:\/\/www.grupotecnomotriz.com\/site\/?s={search_term_string}\"},\"query-input\":{\"@type\":\"PropertyValueSpecification\",\"valueRequired\":true,\"valueName\":\"search_term_string\"}}],\"inLanguage\":\"es-CR\"}]}<\/script>\n<!-- \/ Yoast SEO plugin. -->","yoast_head_json":{"title":"CContacto | Grupo Tecnomotriz","robots":{"index":"index","follow":"follow","max-snippet":"max-snippet:-1","max-image-preview":"max-image-preview:large","max-video-preview":"max-video-preview:-1"},"canonical":"https:\/\/www.grupotecnomotriz.com\/site\/contacto\/","og_locale":"es_ES","og_type":"article","og_title":"CContacto | Grupo Tecnomotriz","og_url":"https:\/\/www.grupotecnomotriz.com\/site\/contacto\/","og_site_name":"Grupo Tecnomotriz","article_modified_time":"2024-10-10T21:43:02+00:00","twitter_card":"summary_large_image","twitter_misc":{"Est. reading time":"1 minuto"},"schema":{"@context":"https:\/\/schema.org","@graph":[{"@type":"WebPage","@id":"https:\/\/www.grupotecnomotriz.com\/site\/contacto\/","url":"https:\/\/www.grupotecnomotriz.com\/site\/contacto\/","name":"CContacto | Grupo Tecnomotriz","isPartOf":{"@id":"https:\/\/www.grupotecnomotriz.com\/site\/#website"},"datePublished":"2016-02-21T15:46:30+00:00","dateModified":"2024-10-10T21:43:02+00:00","breadcrumb":{"@id":"https:\/\/www.grupotecnomotriz.com\/site\/contacto\/#breadcrumb"},"inLanguage":"es-CR","potentialAction":[{"@type":"ReadAction","target":["https:\/\/www.grupotecnomotriz.com\/site\/contacto\/"]}]},{"@type":"BreadcrumbList","@id":"https:\/\/www.grupotecnomotriz.com\/site\/contacto\/#breadcrumb","itemListElement":[{"@type":"ListItem","position":1,"name":"Portada","item":"https:\/\/www.grupotecnomotriz.com\/site\/"},{"@type":"ListItem","position":2,"name":"Contacto"}]},{"@type":"WebSite","@id":"https:\/\/www.grupotecnomotriz.com\/site\/#website","url":"https:\/\/www.grupotecnomotriz.com\/site\/","name":"Grupo Tecnomotriz","description":"Taller de enderezado y pintura Tecnomotriz","potentialAction":[{"@type":"SearchAction","target":{"@type":"EntryPoint","urlTemplate":"https:\/\/www.grupotecnomotriz.com\/site\/?s={search_term_string}"},"query-input":{"@type":"PropertyValueSpecification","valueRequired":true,"valueName":"search_term_string"}}],"inLanguage":"es-CR"}]}},"_links":{"self":[{"href":"https:\/\/www.grupotecnomotriz.com\/site\/wp-json\/wp\/v2\/pages\/172","targetHints":{"allow":["GET"]}}],"collection":[{"href":"https:\/\/www.grupotecnomotriz.com\/site\/wp-json\/wp\/v2\/pages"}],"about":[{"href":"https:\/\/www.grupotecnomotriz.com\/site\/wp-json\/wp\/v2\/types\/page"}],"author":[{"embeddable":true,"href":"https:\/\/www.grupotecnomotriz.com\/site\/wp-json\/wp\/v2\/users\/1"}],"replies":[{"embeddable":true,"href":"https:\/\/www.grupotecnomotriz.com\/site\/wp-json\/wp\/v2\/comments?post=172"}],"version-history":[{"count":31,"href":"https:\/\/www.grupotecnomotriz.com\/site\/wp-json\/wp\/v2\/pages\/172\/revisions"}],"predecessor-version":[{"id":1146,"href":"https:\/\/www.grupotecnomotriz.com\/site\/wp-json\/wp\/v2\/pages\/172\/revisions\/1146"}],"wp:attachment":[{"href":"https:\/\/www.grupotecnomotriz.com\/site\/wp-json\/wp\/v2\/media?parent=172"}],"curies":[{"name":"wp","href":"https:\/\/api.w.org\/{rel}","templated":true}]}}