{"id":135,"date":"2016-02-21T09:01:31","date_gmt":"2016-02-21T09:01:31","guid":{"rendered":"http:\/\/demowp.cththemes.net\/monolit\/?page_id=135"},"modified":"2022-04-05T00:45:52","modified_gmt":"2022-04-05T00:45:52","slug":"servicios","status":"publish","type":"page","link":"https:\/\/www.grupotecnomotriz.com\/site\/servicios\/","title":{"rendered":"Servicios"},"content":{"rendered":"<div  class='monolit_sec monolit_page_sec content dark-bg'>\n\n \n\n    <section>\n            <div class=\"container\">\n                <div class=\"row\">\n                <div class=\"wpb_column vc_column_container vc_col-sm-12 vc_col-md-8\"><div class=\"vc_column-inner\"><div class=\"wpb_wrapper\">\n\t<div class=\"wpb_text_column wpb_content_element \" >\n\t\t<div class=\"wpb_wrapper\">\n\t\t\t<h2 class=\"section-title\">\u00bfQu\u00e9 servicio <strong> necesitas? <\/strong><\/h2>\n<p>Tenemos clara nuestra raz\u00f3n de ser y eso nos conecta con nuestros inicios, somos r\u00e1pidos, efectivos y organizados, logramos ir mucho m\u00e1s all\u00e1 del servicio, somos ejes de transformaci\u00f3n, somos soluciones simples para grandes proyectos, somos Grupo Tecnomotriz.<\/p>\n\n\t\t<\/div>\n\t<\/div>\n<\/div><\/div><\/div><div class=\"wpb_column vc_column_container vc_col-sm-12\"><div class=\"vc_column-inner\"><div class=\"wpb_wrapper\"><div class=\"vc_empty_space\"   style=\"height: 32px\"><span class=\"vc_empty_space_inner\"><\/span><\/div>\n<div class=\"clients-list clients-three-columns  \" \n>\n\t\n\t\t        <a href=\"\/site\/grua-plataforma\" target=\"_blank\">\n\t    \t            <img fetchpriority=\"high\" decoding=\"async\" width=\"730\" height=\"730\" src=\"https:\/\/www.grupotecnomotriz.com\/site\/wp-content\/uploads\/2022\/02\/plataforma.jpg\" class=\"respimg\" alt=\"\" srcset=\"https:\/\/www.grupotecnomotriz.com\/site\/wp-content\/uploads\/2022\/02\/plataforma.jpg 730w, https:\/\/www.grupotecnomotriz.com\/site\/wp-content\/uploads\/2022\/02\/plataforma-300x300.jpg 300w, https:\/\/www.grupotecnomotriz.com\/site\/wp-content\/uploads\/2022\/02\/plataforma-100x100.jpg 100w, https:\/\/www.grupotecnomotriz.com\/site\/wp-content\/uploads\/2022\/02\/plataforma-500x500.jpg 500w, https:\/\/www.grupotecnomotriz.com\/site\/wp-content\/uploads\/2022\/02\/plataforma-150x150.jpg 150w\" sizes=\"(max-width: 730px) 100vw, 730px\" \/>\t    \n\t        <\/a>\n\n\t\n\t\t        <a href=\"\/site\/mecanica-accidente\" target=\"_blank\">\n\t    \t            <img decoding=\"async\" width=\"730\" height=\"730\" data-src=\"https:\/\/www.grupotecnomotriz.com\/site\/wp-content\/uploads\/2022\/02\/Meca-Accidente.jpg\" class=\"respimg lazyload\" alt=\"\" data-srcset=\"https:\/\/www.grupotecnomotriz.com\/site\/wp-content\/uploads\/2022\/02\/Meca-Accidente.jpg 730w, https:\/\/www.grupotecnomotriz.com\/site\/wp-content\/uploads\/2022\/02\/Meca-Accidente-300x300.jpg 300w, https:\/\/www.grupotecnomotriz.com\/site\/wp-content\/uploads\/2022\/02\/Meca-Accidente-100x100.jpg 100w, https:\/\/www.grupotecnomotriz.com\/site\/wp-content\/uploads\/2022\/02\/Meca-Accidente-500x500.jpg 500w, https:\/\/www.grupotecnomotriz.com\/site\/wp-content\/uploads\/2022\/02\/Meca-Accidente-150x150.jpg 150w\" data-sizes=\"(max-width: 730px) 100vw, 730px\" src=\"data:image\/svg+xml;base64,PHN2ZyB3aWR0aD0iMSIgaGVpZ2h0PSIxIiB4bWxucz0iaHR0cDovL3d3dy53My5vcmcvMjAwMC9zdmciPjwvc3ZnPg==\" style=\"--smush-placeholder-width: 730px; --smush-placeholder-aspect-ratio: 730\/730;\" \/>\t    \n\t        <\/a>\n\n\t\n\t\t        <a href=\"\/site\/banco-medicion\" target=\"_blank\">\n\t    \t            <img decoding=\"async\" width=\"730\" height=\"730\" data-src=\"https:\/\/www.grupotecnomotriz.com\/site\/wp-content\/uploads\/2022\/02\/Banco-medicion.jpg\" class=\"respimg lazyload\" alt=\"\" data-srcset=\"https:\/\/www.grupotecnomotriz.com\/site\/wp-content\/uploads\/2022\/02\/Banco-medicion.jpg 730w, https:\/\/www.grupotecnomotriz.com\/site\/wp-content\/uploads\/2022\/02\/Banco-medicion-300x300.jpg 300w, https:\/\/www.grupotecnomotriz.com\/site\/wp-content\/uploads\/2022\/02\/Banco-medicion-100x100.jpg 100w, https:\/\/www.grupotecnomotriz.com\/site\/wp-content\/uploads\/2022\/02\/Banco-medicion-500x500.jpg 500w, https:\/\/www.grupotecnomotriz.com\/site\/wp-content\/uploads\/2022\/02\/Banco-medicion-150x150.jpg 150w\" data-sizes=\"(max-width: 730px) 100vw, 730px\" src=\"data:image\/svg+xml;base64,PHN2ZyB3aWR0aD0iMSIgaGVpZ2h0PSIxIiB4bWxucz0iaHR0cDovL3d3dy53My5vcmcvMjAwMC9zdmciPjwvc3ZnPg==\" style=\"--smush-placeholder-width: 730px; --smush-placeholder-aspect-ratio: 730\/730;\" \/>\t    \n\t        <\/a>\n\n\t\n\t\t        <a href=\"\/site\/diagnostico-codigos\" target=\"_blank\">\n\t    \t            <img decoding=\"async\" width=\"730\" height=\"730\" data-src=\"https:\/\/www.grupotecnomotriz.com\/site\/wp-content\/uploads\/2022\/02\/escaner.jpg\" class=\"respimg lazyload\" alt=\"\" data-srcset=\"https:\/\/www.grupotecnomotriz.com\/site\/wp-content\/uploads\/2022\/02\/escaner.jpg 730w, https:\/\/www.grupotecnomotriz.com\/site\/wp-content\/uploads\/2022\/02\/escaner-300x300.jpg 300w, https:\/\/www.grupotecnomotriz.com\/site\/wp-content\/uploads\/2022\/02\/escaner-100x100.jpg 100w, https:\/\/www.grupotecnomotriz.com\/site\/wp-content\/uploads\/2022\/02\/escaner-500x500.jpg 500w, https:\/\/www.grupotecnomotriz.com\/site\/wp-content\/uploads\/2022\/02\/escaner-150x150.jpg 150w\" data-sizes=\"(max-width: 730px) 100vw, 730px\" src=\"data:image\/svg+xml;base64,PHN2ZyB3aWR0aD0iMSIgaGVpZ2h0PSIxIiB4bWxucz0iaHR0cDovL3d3dy53My5vcmcvMjAwMC9zdmciPjwvc3ZnPg==\" style=\"--smush-placeholder-width: 730px; --smush-placeholder-aspect-ratio: 730\/730;\" \/>\t    \n\t        <\/a>\n\n\t\n\t\t        <a href=\"\/site\/tramado-alineado\" target=\"_blank\">\n\t    \t            <img decoding=\"async\" width=\"730\" height=\"730\" data-src=\"https:\/\/www.grupotecnomotriz.com\/site\/wp-content\/uploads\/2022\/02\/tramado.jpg\" class=\"respimg lazyload\" alt=\"\" data-srcset=\"https:\/\/www.grupotecnomotriz.com\/site\/wp-content\/uploads\/2022\/02\/tramado.jpg 730w, https:\/\/www.grupotecnomotriz.com\/site\/wp-content\/uploads\/2022\/02\/tramado-300x300.jpg 300w, https:\/\/www.grupotecnomotriz.com\/site\/wp-content\/uploads\/2022\/02\/tramado-100x100.jpg 100w, https:\/\/www.grupotecnomotriz.com\/site\/wp-content\/uploads\/2022\/02\/tramado-500x500.jpg 500w, https:\/\/www.grupotecnomotriz.com\/site\/wp-content\/uploads\/2022\/02\/tramado-150x150.jpg 150w\" data-sizes=\"(max-width: 730px) 100vw, 730px\" src=\"data:image\/svg+xml;base64,PHN2ZyB3aWR0aD0iMSIgaGVpZ2h0PSIxIiB4bWxucz0iaHR0cDovL3d3dy53My5vcmcvMjAwMC9zdmciPjwvc3ZnPg==\" style=\"--smush-placeholder-width: 730px; --smush-placeholder-aspect-ratio: 730\/730;\" \/>\t    \n\t        <\/a>\n\n\t\n\t\t        <a href=\"\/site\/aire-acondicionado\" target=\"_blank\">\n\t    \t            <img decoding=\"async\" width=\"730\" height=\"730\" data-src=\"https:\/\/www.grupotecnomotriz.com\/site\/wp-content\/uploads\/2022\/02\/Aire.jpg\" class=\"respimg lazyload\" alt=\"\" data-srcset=\"https:\/\/www.grupotecnomotriz.com\/site\/wp-content\/uploads\/2022\/02\/Aire.jpg 730w, https:\/\/www.grupotecnomotriz.com\/site\/wp-content\/uploads\/2022\/02\/Aire-300x300.jpg 300w, https:\/\/www.grupotecnomotriz.com\/site\/wp-content\/uploads\/2022\/02\/Aire-100x100.jpg 100w, https:\/\/www.grupotecnomotriz.com\/site\/wp-content\/uploads\/2022\/02\/Aire-500x500.jpg 500w, https:\/\/www.grupotecnomotriz.com\/site\/wp-content\/uploads\/2022\/02\/Aire-150x150.jpg 150w\" data-sizes=\"(max-width: 730px) 100vw, 730px\" src=\"data:image\/svg+xml;base64,PHN2ZyB3aWR0aD0iMSIgaGVpZ2h0PSIxIiB4bWxucz0iaHR0cDovL3d3dy53My5vcmcvMjAwMC9zdmciPjwvc3ZnPg==\" style=\"--smush-placeholder-width: 730px; --smush-placeholder-aspect-ratio: 730\/730;\" \/>\t    \n\t        <\/a>\n\n\t\n\t\t        <a href=\"\/site\/pintura-automotriz\" target=\"_blank\">\n\t    \t            <img decoding=\"async\" width=\"730\" height=\"730\" data-src=\"https:\/\/www.grupotecnomotriz.com\/site\/wp-content\/uploads\/2022\/02\/horno-presurizado.jpg\" class=\"respimg lazyload\" alt=\"\" data-srcset=\"https:\/\/www.grupotecnomotriz.com\/site\/wp-content\/uploads\/2022\/02\/horno-presurizado.jpg 730w, https:\/\/www.grupotecnomotriz.com\/site\/wp-content\/uploads\/2022\/02\/horno-presurizado-300x300.jpg 300w, https:\/\/www.grupotecnomotriz.com\/site\/wp-content\/uploads\/2022\/02\/horno-presurizado-100x100.jpg 100w, https:\/\/www.grupotecnomotriz.com\/site\/wp-content\/uploads\/2022\/02\/horno-presurizado-500x500.jpg 500w, https:\/\/www.grupotecnomotriz.com\/site\/wp-content\/uploads\/2022\/02\/horno-presurizado-150x150.jpg 150w\" data-sizes=\"(max-width: 730px) 100vw, 730px\" src=\"data:image\/svg+xml;base64,PHN2ZyB3aWR0aD0iMSIgaGVpZ2h0PSIxIiB4bWxucz0iaHR0cDovL3d3dy53My5vcmcvMjAwMC9zdmciPjwvc3ZnPg==\" style=\"--smush-placeholder-width: 730px; --smush-placeholder-aspect-ratio: 730\/730;\" \/>\t    \n\t        <\/a>\n\n\t\n\t\t        <a href=\"\/site\/detallado-profesional\" target=\"_blank\">\n\t    \t            <img decoding=\"async\" width=\"730\" height=\"730\" data-src=\"https:\/\/www.grupotecnomotriz.com\/site\/wp-content\/uploads\/2022\/02\/Detallado.jpg\" class=\"respimg lazyload\" alt=\"\" data-srcset=\"https:\/\/www.grupotecnomotriz.com\/site\/wp-content\/uploads\/2022\/02\/Detallado.jpg 730w, https:\/\/www.grupotecnomotriz.com\/site\/wp-content\/uploads\/2022\/02\/Detallado-300x300.jpg 300w, https:\/\/www.grupotecnomotriz.com\/site\/wp-content\/uploads\/2022\/02\/Detallado-100x100.jpg 100w, https:\/\/www.grupotecnomotriz.com\/site\/wp-content\/uploads\/2022\/02\/Detallado-500x500.jpg 500w, https:\/\/www.grupotecnomotriz.com\/site\/wp-content\/uploads\/2022\/02\/Detallado-150x150.jpg 150w\" data-sizes=\"(max-width: 730px) 100vw, 730px\" src=\"data:image\/svg+xml;base64,PHN2ZyB3aWR0aD0iMSIgaGVpZ2h0PSIxIiB4bWxucz0iaHR0cDovL3d3dy53My5vcmcvMjAwMC9zdmciPjwvc3ZnPg==\" style=\"--smush-placeholder-width: 730px; --smush-placeholder-aspect-ratio: 730\/730;\" \/>\t    \n\t        <\/a>\n\n\t\n\t\t        <a href=\"\/site\/reclamo-seguros\" target=\"_blank\">\n\t    \t            <img decoding=\"async\" width=\"730\" height=\"730\" data-src=\"https:\/\/www.grupotecnomotriz.com\/site\/wp-content\/uploads\/2022\/02\/Reclamosyseguros.jpg\" class=\"respimg lazyload\" alt=\"\" data-srcset=\"https:\/\/www.grupotecnomotriz.com\/site\/wp-content\/uploads\/2022\/02\/Reclamosyseguros.jpg 730w, https:\/\/www.grupotecnomotriz.com\/site\/wp-content\/uploads\/2022\/02\/Reclamosyseguros-300x300.jpg 300w, https:\/\/www.grupotecnomotriz.com\/site\/wp-content\/uploads\/2022\/02\/Reclamosyseguros-100x100.jpg 100w, https:\/\/www.grupotecnomotriz.com\/site\/wp-content\/uploads\/2022\/02\/Reclamosyseguros-500x500.jpg 500w, https:\/\/www.grupotecnomotriz.com\/site\/wp-content\/uploads\/2022\/02\/Reclamosyseguros-150x150.jpg 150w\" data-sizes=\"(max-width: 730px) 100vw, 730px\" src=\"data:image\/svg+xml;base64,PHN2ZyB3aWR0aD0iMSIgaGVpZ2h0PSIxIiB4bWxucz0iaHR0cDovL3d3dy53My5vcmcvMjAwMC9zdmciPjwvc3ZnPg==\" style=\"--smush-placeholder-width: 730px; --smush-placeholder-aspect-ratio: 730\/730;\" \/>\t    \n\t        <\/a>\n\n\t<\/div>\n\n<\/div><\/div><\/div>            <\/div>\n        <\/div>\n    <\/section>\n<\/div>\n\n\n","protected":false},"excerpt":{"rendered":"\u00bfQu\u00e9 servicio necesitas? Tenemos clara nuestra raz\u00f3n de ser y eso nos conecta con nuestros inicios, somos r\u00e1pidos, efectivos y organizados, logramos ir mucho m\u00e1s all\u00e1 del servicio, somos ejes de transformaci\u00f3n, somos soluciones simples para grandes proyectos, somos Grupo Tecnomotriz.","protected":false},"author":1,"featured_media":0,"parent":0,"menu_order":0,"comment_status":"closed","ping_status":"closed","template":"homepage.php","meta":{"footnotes":""},"class_list":["post-135","page","type-page","status-publish","hentry"],"yoast_head":"<!-- This site is optimized with the Yoast SEO plugin v26.4 - https:\/\/yoast.com\/wordpress\/plugins\/seo\/ -->\n<title>Servicios - Grupo Tecnomotriz<\/title>\n<meta name=\"robots\" content=\"index, follow, max-snippet:-1, max-image-preview:large, max-video-preview:-1\" \/>\n<link rel=\"canonical\" href=\"https:\/\/www.grupotecnomotriz.com\/site\/servicios\/\" \/>\n<meta property=\"og:locale\" content=\"es_ES\" \/>\n<meta property=\"og:type\" content=\"article\" \/>\n<meta property=\"og:title\" content=\"Servicios - Grupo Tecnomotriz\" \/>\n<meta property=\"og:url\" content=\"https:\/\/www.grupotecnomotriz.com\/site\/servicios\/\" \/>\n<meta property=\"og:site_name\" content=\"Grupo Tecnomotriz\" \/>\n<meta property=\"article:modified_time\" content=\"2022-04-05T00:45:52+00:00\" \/>\n<meta name=\"twitter:card\" content=\"summary_large_image\" \/>\n<meta name=\"twitter:label1\" content=\"Est. reading time\" \/>\n\t<meta name=\"twitter:data1\" content=\"1 minuto\" \/>\n<script type=\"application\/ld+json\" class=\"yoast-schema-graph\">{\"@context\":\"https:\/\/schema.org\",\"@graph\":[{\"@type\":\"WebPage\",\"@id\":\"https:\/\/www.grupotecnomotriz.com\/site\/servicios\/\",\"url\":\"https:\/\/www.grupotecnomotriz.com\/site\/servicios\/\",\"name\":\"Servicios - Grupo Tecnomotriz\",\"isPartOf\":{\"@id\":\"https:\/\/www.grupotecnomotriz.com\/site\/#website\"},\"datePublished\":\"2016-02-21T09:01:31+00:00\",\"dateModified\":\"2022-04-05T00:45:52+00:00\",\"breadcrumb\":{\"@id\":\"https:\/\/www.grupotecnomotriz.com\/site\/servicios\/#breadcrumb\"},\"inLanguage\":\"es-CR\",\"potentialAction\":[{\"@type\":\"ReadAction\",\"target\":[\"https:\/\/www.grupotecnomotriz.com\/site\/servicios\/\"]}]},{\"@type\":\"BreadcrumbList\",\"@id\":\"https:\/\/www.grupotecnomotriz.com\/site\/servicios\/#breadcrumb\",\"itemListElement\":[{\"@type\":\"ListItem\",\"position\":1,\"name\":\"Portada\",\"item\":\"https:\/\/www.grupotecnomotriz.com\/site\/\"},{\"@type\":\"ListItem\",\"position\":2,\"name\":\"Servicios\"}]},{\"@type\":\"WebSite\",\"@id\":\"https:\/\/www.grupotecnomotriz.com\/site\/#website\",\"url\":\"https:\/\/www.grupotecnomotriz.com\/site\/\",\"name\":\"Grupo Tecnomotriz\",\"description\":\"Taller de enderezado y pintura Tecnomotriz\",\"potentialAction\":[{\"@type\":\"SearchAction\",\"target\":{\"@type\":\"EntryPoint\",\"urlTemplate\":\"https:\/\/www.grupotecnomotriz.com\/site\/?s={search_term_string}\"},\"query-input\":{\"@type\":\"PropertyValueSpecification\",\"valueRequired\":true,\"valueName\":\"search_term_string\"}}],\"inLanguage\":\"es-CR\"}]}<\/script>\n<!-- \/ Yoast SEO plugin. -->","yoast_head_json":{"title":"Servicios - Grupo Tecnomotriz","robots":{"index":"index","follow":"follow","max-snippet":"max-snippet:-1","max-image-preview":"max-image-preview:large","max-video-preview":"max-video-preview:-1"},"canonical":"https:\/\/www.grupotecnomotriz.com\/site\/servicios\/","og_locale":"es_ES","og_type":"article","og_title":"Servicios - Grupo Tecnomotriz","og_url":"https:\/\/www.grupotecnomotriz.com\/site\/servicios\/","og_site_name":"Grupo Tecnomotriz","article_modified_time":"2022-04-05T00:45:52+00:00","twitter_card":"summary_large_image","twitter_misc":{"Est. reading time":"1 minuto"},"schema":{"@context":"https:\/\/schema.org","@graph":[{"@type":"WebPage","@id":"https:\/\/www.grupotecnomotriz.com\/site\/servicios\/","url":"https:\/\/www.grupotecnomotriz.com\/site\/servicios\/","name":"Servicios - Grupo Tecnomotriz","isPartOf":{"@id":"https:\/\/www.grupotecnomotriz.com\/site\/#website"},"datePublished":"2016-02-21T09:01:31+00:00","dateModified":"2022-04-05T00:45:52+00:00","breadcrumb":{"@id":"https:\/\/www.grupotecnomotriz.com\/site\/servicios\/#breadcrumb"},"inLanguage":"es-CR","potentialAction":[{"@type":"ReadAction","target":["https:\/\/www.grupotecnomotriz.com\/site\/servicios\/"]}]},{"@type":"BreadcrumbList","@id":"https:\/\/www.grupotecnomotriz.com\/site\/servicios\/#breadcrumb","itemListElement":[{"@type":"ListItem","position":1,"name":"Portada","item":"https:\/\/www.grupotecnomotriz.com\/site\/"},{"@type":"ListItem","position":2,"name":"Servicios"}]},{"@type":"WebSite","@id":"https:\/\/www.grupotecnomotriz.com\/site\/#website","url":"https:\/\/www.grupotecnomotriz.com\/site\/","name":"Grupo Tecnomotriz","description":"Taller de enderezado y pintura Tecnomotriz","potentialAction":[{"@type":"SearchAction","target":{"@type":"EntryPoint","urlTemplate":"https:\/\/www.grupotecnomotriz.com\/site\/?s={search_term_string}"},"query-input":{"@type":"PropertyValueSpecification","valueRequired":true,"valueName":"search_term_string"}}],"inLanguage":"es-CR"}]}},"_links":{"self":[{"href":"https:\/\/www.grupotecnomotriz.com\/site\/wp-json\/wp\/v2\/pages\/135","targetHints":{"allow":["GET"]}}],"collection":[{"href":"https:\/\/www.grupotecnomotriz.com\/site\/wp-json\/wp\/v2\/pages"}],"about":[{"href":"https:\/\/www.grupotecnomotriz.com\/site\/wp-json\/wp\/v2\/types\/page"}],"author":[{"embeddable":true,"href":"https:\/\/www.grupotecnomotriz.com\/site\/wp-json\/wp\/v2\/users\/1"}],"replies":[{"embeddable":true,"href":"https:\/\/www.grupotecnomotriz.com\/site\/wp-json\/wp\/v2\/comments?post=135"}],"version-history":[{"count":51,"href":"https:\/\/www.grupotecnomotriz.com\/site\/wp-json\/wp\/v2\/pages\/135\/revisions"}],"predecessor-version":[{"id":1131,"href":"https:\/\/www.grupotecnomotriz.com\/site\/wp-json\/wp\/v2\/pages\/135\/revisions\/1131"}],"wp:attachment":[{"href":"https:\/\/www.grupotecnomotriz.com\/site\/wp-json\/wp\/v2\/media?parent=135"}],"curies":[{"name":"wp","href":"https:\/\/api.w.org\/{rel}","templated":true}]}}