{"id":3076,"date":"2026-02-24T17:57:39","date_gmt":"2026-02-24T17:57:39","guid":{"rendered":"https:\/\/www.grupotecnomotriz.com\/site\/?post_type=product&#038;p=3076"},"modified":"2026-02-24T17:57:39","modified_gmt":"2026-02-24T17:57:39","slug":"sea-doo-rtx-rs-y-rtx-x","status":"publish","type":"product","link":"https:\/\/www.grupotecnomotriz.com\/site\/en\/product\/sea-doo-rtx-rs-y-rtx-x\/","title":{"rendered":"Sea Doo RTX RS y RTX X"},"content":{"rendered":"<table style=\"height: 752px;\" width=\"599\">\n<tbody>\n<tr>\n<td>SEA-DOO RTX-X RS 2022(27H)<\/td>\n<td>SEA-DOO RTX-X 2019 (53H)<\/td>\n<\/tr>\n<tr>\n<td>Motor Rotax 1630 ACE<\/td>\n<td>Motor Rotax 1503<\/td>\n<\/tr>\n<tr>\n<td>1630 cc<\/td>\n<td>1503 cc<\/td>\n<\/tr>\n<tr>\n<td>300 hp<\/td>\n<td>260 hp aprox.<\/td>\n<\/tr>\n<tr>\n<td>Sistema iBR<\/td>\n<td>Sistema iBR<\/td>\n<\/tr>\n<tr>\n<td>Refrigeraci\u00f3n cerrada<\/td>\n<td>Refrigeraci\u00f3n cerrada<\/td>\n<\/tr>\n<tr>\n<td>Gasoline<\/td>\n<td>Gasoline<\/td>\n<\/tr>\n<tr>\n<td>Dise\u00f1o racing<\/td>\n<td>Dise\u00f1o deportivo<\/td>\n<\/tr>\n<tr>\n<td>Casco T3<\/td>\n<td>Casco estable<\/td>\n<\/tr>\n<tr>\n<td>Aler\u00f3n trasero<\/td>\n<td>Plataforma Ergolock<\/td>\n<\/tr>\n<tr>\n<td>Plataforma Ergolock-R<\/td>\n<td>Perfil hidrodin\u00e1mico<\/td>\n<\/tr>\n<tr>\n<td>Colores deportivos<\/td>\n<td>Colores cl\u00e1sicos<\/td>\n<\/tr>\n<tr>\n<td>Manillar ajustable<\/td>\n<td>Estilo racing<\/td>\n<\/tr>\n<tr>\n<td>Pantalla digital<\/td>\n<td>Manillar deportivo<\/td>\n<\/tr>\n<tr>\n<td>Asiento deportivo<\/td>\n<td>Pantalla digital<\/td>\n<\/tr>\n<tr>\n<td>Controles race<\/td>\n<td>Asiento Ergolock<\/td>\n<\/tr>\n<tr>\n<td>Materiales antideslizantes<\/td>\n<td>Controles intuitivos<\/td>\n<\/tr>\n<tr>\n<td>Ergonom\u00eda performance<\/td>\n<td>Buen agarre<\/td>\n<\/tr>\n<tr>\n<td>Launch Control<\/td>\n<td>Modo Sport<\/td>\n<\/tr>\n<tr>\n<td>Trim variable<\/td>\n<td>Trim ajustable<\/td>\n<\/tr>\n<tr>\n<td>Modo Sport<\/td>\n<td>Freno inteligente<\/td>\n<\/tr>\n<tr>\n<td>Freno inteligente<\/td>\n<td>Aceleraci\u00f3n progresiva<\/td>\n<\/tr>\n<tr>\n<td>Sistema VTS<\/td>\n<td>Estabilidad alta<\/td>\n<\/tr>\n<tr>\n<td>Tecnolog\u00eda de competencia<\/td>\n<td><\/td>\n<\/tr>\n<tr>\n<td>Precio por ambas:<\/td>\n<td>$40.000<\/td>\n<\/tr>\n<\/tbody>\n<\/table>","protected":false},"excerpt":{"rendered":"<p>SEA-DOO RTX-X RS 2022(27H) SEA-DOO RTX-X 2019 (53H) Motor Rotax 1630 ACE Motor Rotax 1503 1630 cc 1503 cc 300 hp 260 hp aprox. Sistema iBR Sistema iBR Refrigeraci\u00f3n cerrada Refrigeraci\u00f3n cerrada Gasolina Gasolina Dise\u00f1o racing Dise\u00f1o deportivo Casco T3 Casco estable Aler\u00f3n trasero Plataforma Ergolock Plataforma Ergolock-R Perfil hidrodin\u00e1mico Colores deportivos Colores cl\u00e1sicos Manillar [&hellip;]<\/p>","protected":false},"featured_media":3077,"template":"","meta":[],"product_brand":[],"product_cat":[49],"product_tag":[],"class_list":{"0":"post-3076","1":"product","2":"type-product","3":"status-publish","4":"has-post-thumbnail","6":"product_cat-embarcaciones","8":"first","9":"instock","10":"shipping-taxable","11":"purchasable","12":"product-type-simple"},"yoast_head":"<!-- This site is optimized with the Yoast SEO plugin v26.4 - https:\/\/yoast.com\/wordpress\/plugins\/seo\/ -->\n<title>Sea Doo RTX RS y RTX X - Grupo Tecnomotriz<\/title>\n<meta name=\"robots\" content=\"index, follow, max-snippet:-1, max-image-preview:large, max-video-preview:-1\" \/>\n<link rel=\"canonical\" href=\"https:\/\/www.grupotecnomotriz.com\/site\/en\/product\/sea-doo-rtx-rs-y-rtx-x\/\" \/>\n<meta property=\"og:locale\" content=\"en_US\" \/>\n<meta property=\"og:type\" content=\"article\" \/>\n<meta property=\"og:title\" content=\"Sea Doo RTX RS y RTX X - Grupo Tecnomotriz\" \/>\n<meta property=\"og:description\" content=\"SEA-DOO RTX-X RS 2022(27H) SEA-DOO RTX-X 2019 (53H) Motor Rotax 1630 ACE Motor Rotax 1503 1630 cc 1503 cc 300 hp 260 hp aprox. Sistema iBR Sistema iBR Refrigeraci\u00f3n cerrada Refrigeraci\u00f3n cerrada Gasolina Gasolina Dise\u00f1o racing Dise\u00f1o deportivo Casco T3 Casco estable Aler\u00f3n trasero Plataforma Ergolock Plataforma Ergolock-R Perfil hidrodin\u00e1mico Colores deportivos Colores cl\u00e1sicos Manillar [&hellip;]\" \/>\n<meta property=\"og:url\" content=\"https:\/\/www.grupotecnomotriz.com\/site\/en\/product\/sea-doo-rtx-rs-y-rtx-x\/\" \/>\n<meta property=\"og:site_name\" content=\"Grupo Tecnomotriz\" \/>\n<meta property=\"og:image\" content=\"https:\/\/www.grupotecnomotriz.com\/site\/wp-content\/uploads\/2026\/02\/1-8-1024x731.png\" \/>\n\t<meta property=\"og:image:width\" content=\"1024\" \/>\n\t<meta property=\"og:image:height\" content=\"731\" \/>\n\t<meta property=\"og:image:type\" content=\"image\/png\" \/>\n<meta name=\"twitter:card\" content=\"summary_large_image\" \/>\n<meta name=\"twitter:label1\" content=\"Est. reading time\" \/>\n\t<meta name=\"twitter:data1\" content=\"1 minute\" \/>\n<script type=\"application\/ld+json\" class=\"yoast-schema-graph\">{\"@context\":\"https:\/\/schema.org\",\"@graph\":[{\"@type\":\"WebPage\",\"@id\":\"https:\/\/www.grupotecnomotriz.com\/site\/producto\/sea-doo-rtx-rs-y-rtx-x\/\",\"url\":\"https:\/\/www.grupotecnomotriz.com\/site\/producto\/sea-doo-rtx-rs-y-rtx-x\/\",\"name\":\"Sea Doo RTX RS y RTX X - Grupo Tecnomotriz\",\"isPartOf\":{\"@id\":\"https:\/\/www.grupotecnomotriz.com\/site\/#website\"},\"primaryImageOfPage\":{\"@id\":\"https:\/\/www.grupotecnomotriz.com\/site\/producto\/sea-doo-rtx-rs-y-rtx-x\/#primaryimage\"},\"image\":{\"@id\":\"https:\/\/www.grupotecnomotriz.com\/site\/producto\/sea-doo-rtx-rs-y-rtx-x\/#primaryimage\"},\"thumbnailUrl\":\"https:\/\/www.grupotecnomotriz.com\/site\/wp-content\/uploads\/2026\/02\/1-8.png\",\"datePublished\":\"2026-02-24T17:57:39+00:00\",\"breadcrumb\":{\"@id\":\"https:\/\/www.grupotecnomotriz.com\/site\/producto\/sea-doo-rtx-rs-y-rtx-x\/#breadcrumb\"},\"inLanguage\":\"en-US\",\"potentialAction\":[{\"@type\":\"ReadAction\",\"target\":[\"https:\/\/www.grupotecnomotriz.com\/site\/producto\/sea-doo-rtx-rs-y-rtx-x\/\"]}]},{\"@type\":\"ImageObject\",\"inLanguage\":\"en-US\",\"@id\":\"https:\/\/www.grupotecnomotriz.com\/site\/producto\/sea-doo-rtx-rs-y-rtx-x\/#primaryimage\",\"url\":\"https:\/\/www.grupotecnomotriz.com\/site\/wp-content\/uploads\/2026\/02\/1-8.png\",\"contentUrl\":\"https:\/\/www.grupotecnomotriz.com\/site\/wp-content\/uploads\/2026\/02\/1-8.png\",\"width\":2048,\"height\":1462},{\"@type\":\"BreadcrumbList\",\"@id\":\"https:\/\/www.grupotecnomotriz.com\/site\/producto\/sea-doo-rtx-rs-y-rtx-x\/#breadcrumb\",\"itemListElement\":[{\"@type\":\"ListItem\",\"position\":1,\"name\":\"Portada\",\"item\":\"https:\/\/www.grupotecnomotriz.com\/site\/\"},{\"@type\":\"ListItem\",\"position\":2,\"name\":\"Cat\u00e1logo\",\"item\":\"https:\/\/www.grupotecnomotriz.com\/site\/tienda\/\"},{\"@type\":\"ListItem\",\"position\":3,\"name\":\"Sea Doo RTX RS y RTX X\"}]},{\"@type\":\"WebSite\",\"@id\":\"https:\/\/www.grupotecnomotriz.com\/site\/#website\",\"url\":\"https:\/\/www.grupotecnomotriz.com\/site\/\",\"name\":\"Grupo Tecnomotriz\",\"description\":\"Taller de enderezado y pintura Tecnomotriz\",\"potentialAction\":[{\"@type\":\"SearchAction\",\"target\":{\"@type\":\"EntryPoint\",\"urlTemplate\":\"https:\/\/www.grupotecnomotriz.com\/site\/?s={search_term_string}\"},\"query-input\":{\"@type\":\"PropertyValueSpecification\",\"valueRequired\":true,\"valueName\":\"search_term_string\"}}],\"inLanguage\":\"en-US\"}]}<\/script>\n<!-- \/ Yoast SEO plugin. -->","yoast_head_json":{"title":"Sea Doo RTX RS y RTX X - Grupo Tecnomotriz","robots":{"index":"index","follow":"follow","max-snippet":"max-snippet:-1","max-image-preview":"max-image-preview:large","max-video-preview":"max-video-preview:-1"},"canonical":"https:\/\/www.grupotecnomotriz.com\/site\/en\/product\/sea-doo-rtx-rs-y-rtx-x\/","og_locale":"en_US","og_type":"article","og_title":"Sea Doo RTX RS y RTX X - Grupo Tecnomotriz","og_description":"SEA-DOO RTX-X RS 2022(27H) SEA-DOO RTX-X 2019 (53H) Motor Rotax 1630 ACE Motor Rotax 1503 1630 cc 1503 cc 300 hp 260 hp aprox. Sistema iBR Sistema iBR Refrigeraci\u00f3n cerrada Refrigeraci\u00f3n cerrada Gasolina Gasolina Dise\u00f1o racing Dise\u00f1o deportivo Casco T3 Casco estable Aler\u00f3n trasero Plataforma Ergolock Plataforma Ergolock-R Perfil hidrodin\u00e1mico Colores deportivos Colores cl\u00e1sicos Manillar [&hellip;]","og_url":"https:\/\/www.grupotecnomotriz.com\/site\/en\/product\/sea-doo-rtx-rs-y-rtx-x\/","og_site_name":"Grupo Tecnomotriz","og_image":[{"width":1024,"height":731,"url":"https:\/\/www.grupotecnomotriz.com\/site\/wp-content\/uploads\/2026\/02\/1-8-1024x731.png","type":"image\/png"}],"twitter_card":"summary_large_image","twitter_misc":{"Est. reading time":"1 minute"},"schema":{"@context":"https:\/\/schema.org","@graph":[{"@type":"WebPage","@id":"https:\/\/www.grupotecnomotriz.com\/site\/producto\/sea-doo-rtx-rs-y-rtx-x\/","url":"https:\/\/www.grupotecnomotriz.com\/site\/producto\/sea-doo-rtx-rs-y-rtx-x\/","name":"Sea Doo RTX RS y RTX X - Grupo Tecnomotriz","isPartOf":{"@id":"https:\/\/www.grupotecnomotriz.com\/site\/#website"},"primaryImageOfPage":{"@id":"https:\/\/www.grupotecnomotriz.com\/site\/producto\/sea-doo-rtx-rs-y-rtx-x\/#primaryimage"},"image":{"@id":"https:\/\/www.grupotecnomotriz.com\/site\/producto\/sea-doo-rtx-rs-y-rtx-x\/#primaryimage"},"thumbnailUrl":"https:\/\/www.grupotecnomotriz.com\/site\/wp-content\/uploads\/2026\/02\/1-8.png","datePublished":"2026-02-24T17:57:39+00:00","breadcrumb":{"@id":"https:\/\/www.grupotecnomotriz.com\/site\/producto\/sea-doo-rtx-rs-y-rtx-x\/#breadcrumb"},"inLanguage":"en-US","potentialAction":[{"@type":"ReadAction","target":["https:\/\/www.grupotecnomotriz.com\/site\/producto\/sea-doo-rtx-rs-y-rtx-x\/"]}]},{"@type":"ImageObject","inLanguage":"en-US","@id":"https:\/\/www.grupotecnomotriz.com\/site\/producto\/sea-doo-rtx-rs-y-rtx-x\/#primaryimage","url":"https:\/\/www.grupotecnomotriz.com\/site\/wp-content\/uploads\/2026\/02\/1-8.png","contentUrl":"https:\/\/www.grupotecnomotriz.com\/site\/wp-content\/uploads\/2026\/02\/1-8.png","width":2048,"height":1462},{"@type":"BreadcrumbList","@id":"https:\/\/www.grupotecnomotriz.com\/site\/producto\/sea-doo-rtx-rs-y-rtx-x\/#breadcrumb","itemListElement":[{"@type":"ListItem","position":1,"name":"Portada","item":"https:\/\/www.grupotecnomotriz.com\/site\/"},{"@type":"ListItem","position":2,"name":"Cat\u00e1logo","item":"https:\/\/www.grupotecnomotriz.com\/site\/tienda\/"},{"@type":"ListItem","position":3,"name":"Sea Doo RTX RS y RTX X"}]},{"@type":"WebSite","@id":"https:\/\/www.grupotecnomotriz.com\/site\/#website","url":"https:\/\/www.grupotecnomotriz.com\/site\/","name":"Grupo Tecnomotriz","description":"Taller de enderezado y pintura Tecnomotriz","potentialAction":[{"@type":"SearchAction","target":{"@type":"EntryPoint","urlTemplate":"https:\/\/www.grupotecnomotriz.com\/site\/?s={search_term_string}"},"query-input":{"@type":"PropertyValueSpecification","valueRequired":true,"valueName":"search_term_string"}}],"inLanguage":"en-US"}]}},"_links":{"self":[{"href":"https:\/\/www.grupotecnomotriz.com\/site\/en\/wp-json\/wp\/v2\/product\/3076","targetHints":{"allow":["GET"]}}],"collection":[{"href":"https:\/\/www.grupotecnomotriz.com\/site\/en\/wp-json\/wp\/v2\/product"}],"about":[{"href":"https:\/\/www.grupotecnomotriz.com\/site\/en\/wp-json\/wp\/v2\/types\/product"}],"wp:featuredmedia":[{"embeddable":true,"href":"https:\/\/www.grupotecnomotriz.com\/site\/en\/wp-json\/wp\/v2\/media\/3077"}],"wp:attachment":[{"href":"https:\/\/www.grupotecnomotriz.com\/site\/en\/wp-json\/wp\/v2\/media?parent=3076"}],"wp:term":[{"taxonomy":"product_brand","embeddable":true,"href":"https:\/\/www.grupotecnomotriz.com\/site\/en\/wp-json\/wp\/v2\/product_brand?post=3076"},{"taxonomy":"product_cat","embeddable":true,"href":"https:\/\/www.grupotecnomotriz.com\/site\/en\/wp-json\/wp\/v2\/product_cat?post=3076"},{"taxonomy":"product_tag","embeddable":true,"href":"https:\/\/www.grupotecnomotriz.com\/site\/en\/wp-json\/wp\/v2\/product_tag?post=3076"}],"curies":[{"name":"wp","href":"https:\/\/api.w.org\/{rel}","templated":true}]}}