{"id":3057,"date":"2026-02-24T17:14:54","date_gmt":"2026-02-24T17:14:54","guid":{"rendered":"https:\/\/www.grupotecnomotriz.com\/site\/?post_type=product&#038;p=3057"},"modified":"2026-02-24T17:14:54","modified_gmt":"2026-02-24T17:14:54","slug":"toyota-land-cruiser-2003","status":"publish","type":"product","link":"https:\/\/www.grupotecnomotriz.com\/site\/en\/product\/toyota-land-cruiser-2003\/","title":{"rendered":"Toyota Land Cruiser 2003"},"content":{"rendered":"<table style=\"height: 791px;\" width=\"383\">\n<tbody>\n<tr>\n<td>Year<\/td>\n<td>2003<\/td>\n<\/tr>\n<tr>\n<td>Engine<\/td>\n<td>4.2L Di\u00e9sel<\/td>\n<\/tr>\n<tr>\n<td>Displacement<\/td>\n<td>4164 cc<\/td>\n<\/tr>\n<tr>\n<td>Cilindros<\/td>\n<td>6 en l\u00ednea<\/td>\n<\/tr>\n<tr>\n<td>Turbo<\/td>\n<td>Di\u00e9sel<\/td>\n<\/tr>\n<tr>\n<td>Transmission<\/td>\n<td>manual \/ autom\u00e1tica<\/td>\n<\/tr>\n<tr>\n<td>Traction<\/td>\n<td>4\u00d74 permanente<\/td>\n<\/tr>\n<tr>\n<td>Dise\u00f1o cl\u00e1sico<\/td>\n<td>Land Cruiser<\/td>\n<\/tr>\n<tr>\n<td>Carrocer\u00eda<\/td>\n<td>Reforzada<\/td>\n<\/tr>\n<tr>\n<td>Wheels<\/td>\n<td>16&#8243;<\/td>\n<\/tr>\n<tr>\n<td>Bumper<\/td>\n<td>Robustos<\/td>\n<\/tr>\n<tr>\n<td>Perfil<\/td>\n<td>Alto<\/td>\n<\/tr>\n<tr>\n<td>Construcci\u00f3n<\/td>\n<td>Legendaria<\/td>\n<\/tr>\n<tr>\n<td>Seats<\/td>\n<td>Amplios<\/td>\n<\/tr>\n<tr>\n<td>Interior<\/td>\n<td>Funcional<\/td>\n<\/tr>\n<tr>\n<td>Aire acondicionado<\/td>\n<td><\/td>\n<\/tr>\n<tr>\n<td>Steering wheel<\/td>\n<td>Funcional<\/td>\n<\/tr>\n<tr>\n<td>Configuraci\u00f3n<\/td>\n<td>7 Pasajeros<\/td>\n<\/tr>\n<tr>\n<td>Enfoque<\/td>\n<td>Utilitario<\/td>\n<\/tr>\n<tr>\n<td>Bloqueo<\/td>\n<td>de diferencial<\/td>\n<\/tr>\n<tr>\n<td>Chasis<\/td>\n<td>Largueros<\/td>\n<\/tr>\n<tr>\n<td>Durabilidad<\/td>\n<td>Alta<\/td>\n<\/tr>\n<tr>\n<td>Capacidad<\/td>\n<td>Off-road extrema<\/td>\n<\/tr>\n<tr>\n<td>Suspension<\/td>\n<td>Robusta<\/td>\n<\/tr>\n<tr>\n<td>Engine<\/td>\n<td>Famoso por longevidad<\/td>\n<\/tr>\n<tr>\n<td>Mileage<\/td>\n<td>340.000km<\/td>\n<\/tr>\n<\/tbody>\n<\/table>\n<p>&nbsp;<\/p>","protected":false},"excerpt":{"rendered":"<p>A\u00f1o 2003 Motor 4.2L Di\u00e9sel Cilindraje 4164 cc Cilindros 6 en l\u00ednea Turbo Di\u00e9sel Transmisi\u00f3n manual \/ autom\u00e1tica Tracci\u00f3n 4\u00d74 permanente Dise\u00f1o cl\u00e1sico Land Cruiser Carrocer\u00eda Reforzada Rines 16&#8243; Parachoques Robustos Perfil Alto Construcci\u00f3n Legendaria Asientos Amplios Interior Funcional Aire acondicionado Volante Funcional Configuraci\u00f3n 7 Pasajeros Enfoque Utilitario Bloqueo de diferencial Chasis Largueros Durabilidad Alta [&hellip;]<\/p>","protected":false},"featured_media":3067,"template":"","meta":[],"product_brand":[],"product_cat":[81],"product_tag":[],"class_list":{"0":"post-3057","1":"product","2":"type-product","3":"status-publish","4":"has-post-thumbnail","6":"product_cat-suv","8":"first","9":"instock","10":"shipping-taxable","11":"purchasable","12":"product-type-simple"},"yoast_head":"<!-- This site is optimized with the Yoast SEO plugin v26.4 - https:\/\/yoast.com\/wordpress\/plugins\/seo\/ -->\n<title>Toyota Land Cruiser 2003 - Grupo Tecnomotriz<\/title>\n<meta name=\"robots\" content=\"index, follow, max-snippet:-1, max-image-preview:large, max-video-preview:-1\" \/>\n<link rel=\"canonical\" href=\"https:\/\/www.grupotecnomotriz.com\/site\/en\/product\/toyota-land-cruiser-2003\/\" \/>\n<meta property=\"og:locale\" content=\"en_US\" \/>\n<meta property=\"og:type\" content=\"article\" \/>\n<meta property=\"og:title\" content=\"Toyota Land Cruiser 2003 - Grupo Tecnomotriz\" \/>\n<meta property=\"og:description\" content=\"A\u00f1o 2003 Motor 4.2L Di\u00e9sel Cilindraje 4164 cc Cilindros 6 en l\u00ednea Turbo Di\u00e9sel Transmisi\u00f3n manual \/ autom\u00e1tica Tracci\u00f3n 4\u00d74 permanente Dise\u00f1o cl\u00e1sico Land Cruiser Carrocer\u00eda Reforzada Rines 16&#8243; Parachoques Robustos Perfil Alto Construcci\u00f3n Legendaria Asientos Amplios Interior Funcional Aire acondicionado Volante Funcional Configuraci\u00f3n 7 Pasajeros Enfoque Utilitario Bloqueo de diferencial Chasis Largueros Durabilidad Alta [&hellip;]\" \/>\n<meta property=\"og:url\" content=\"https:\/\/www.grupotecnomotriz.com\/site\/en\/product\/toyota-land-cruiser-2003\/\" \/>\n<meta property=\"og:site_name\" content=\"Grupo Tecnomotriz\" \/>\n<meta property=\"og:image\" content=\"https:\/\/www.grupotecnomotriz.com\/site\/wp-content\/uploads\/2026\/02\/1-6-1-1024x731.png\" \/>\n\t<meta property=\"og:image:width\" content=\"1024\" \/>\n\t<meta property=\"og:image:height\" content=\"731\" \/>\n\t<meta property=\"og:image:type\" content=\"image\/png\" \/>\n<meta name=\"twitter:card\" content=\"summary_large_image\" \/>\n<meta name=\"twitter:label1\" content=\"Est. reading time\" \/>\n\t<meta name=\"twitter:data1\" content=\"1 minute\" \/>\n<script type=\"application\/ld+json\" class=\"yoast-schema-graph\">{\"@context\":\"https:\/\/schema.org\",\"@graph\":[{\"@type\":\"WebPage\",\"@id\":\"https:\/\/www.grupotecnomotriz.com\/site\/producto\/toyota-land-cruiser-2003\/\",\"url\":\"https:\/\/www.grupotecnomotriz.com\/site\/producto\/toyota-land-cruiser-2003\/\",\"name\":\"Toyota Land Cruiser 2003 - Grupo Tecnomotriz\",\"isPartOf\":{\"@id\":\"https:\/\/www.grupotecnomotriz.com\/site\/#website\"},\"primaryImageOfPage\":{\"@id\":\"https:\/\/www.grupotecnomotriz.com\/site\/producto\/toyota-land-cruiser-2003\/#primaryimage\"},\"image\":{\"@id\":\"https:\/\/www.grupotecnomotriz.com\/site\/producto\/toyota-land-cruiser-2003\/#primaryimage\"},\"thumbnailUrl\":\"https:\/\/www.grupotecnomotriz.com\/site\/wp-content\/uploads\/2026\/02\/1-6-1.png\",\"datePublished\":\"2026-02-24T17:14:54+00:00\",\"breadcrumb\":{\"@id\":\"https:\/\/www.grupotecnomotriz.com\/site\/producto\/toyota-land-cruiser-2003\/#breadcrumb\"},\"inLanguage\":\"en-US\",\"potentialAction\":[{\"@type\":\"ReadAction\",\"target\":[\"https:\/\/www.grupotecnomotriz.com\/site\/producto\/toyota-land-cruiser-2003\/\"]}]},{\"@type\":\"ImageObject\",\"inLanguage\":\"en-US\",\"@id\":\"https:\/\/www.grupotecnomotriz.com\/site\/producto\/toyota-land-cruiser-2003\/#primaryimage\",\"url\":\"https:\/\/www.grupotecnomotriz.com\/site\/wp-content\/uploads\/2026\/02\/1-6-1.png\",\"contentUrl\":\"https:\/\/www.grupotecnomotriz.com\/site\/wp-content\/uploads\/2026\/02\/1-6-1.png\",\"width\":2048,\"height\":1462},{\"@type\":\"BreadcrumbList\",\"@id\":\"https:\/\/www.grupotecnomotriz.com\/site\/producto\/toyota-land-cruiser-2003\/#breadcrumb\",\"itemListElement\":[{\"@type\":\"ListItem\",\"position\":1,\"name\":\"Portada\",\"item\":\"https:\/\/www.grupotecnomotriz.com\/site\/\"},{\"@type\":\"ListItem\",\"position\":2,\"name\":\"Cat\u00e1logo\",\"item\":\"https:\/\/www.grupotecnomotriz.com\/site\/tienda\/\"},{\"@type\":\"ListItem\",\"position\":3,\"name\":\"Toyota Land Cruiser 2003\"}]},{\"@type\":\"WebSite\",\"@id\":\"https:\/\/www.grupotecnomotriz.com\/site\/#website\",\"url\":\"https:\/\/www.grupotecnomotriz.com\/site\/\",\"name\":\"Grupo Tecnomotriz\",\"description\":\"Taller de enderezado y pintura Tecnomotriz\",\"potentialAction\":[{\"@type\":\"SearchAction\",\"target\":{\"@type\":\"EntryPoint\",\"urlTemplate\":\"https:\/\/www.grupotecnomotriz.com\/site\/?s={search_term_string}\"},\"query-input\":{\"@type\":\"PropertyValueSpecification\",\"valueRequired\":true,\"valueName\":\"search_term_string\"}}],\"inLanguage\":\"en-US\"}]}<\/script>\n<!-- \/ Yoast SEO plugin. -->","yoast_head_json":{"title":"Toyota Land Cruiser 2003 - Grupo Tecnomotriz","robots":{"index":"index","follow":"follow","max-snippet":"max-snippet:-1","max-image-preview":"max-image-preview:large","max-video-preview":"max-video-preview:-1"},"canonical":"https:\/\/www.grupotecnomotriz.com\/site\/en\/product\/toyota-land-cruiser-2003\/","og_locale":"en_US","og_type":"article","og_title":"Toyota Land Cruiser 2003 - Grupo Tecnomotriz","og_description":"A\u00f1o 2003 Motor 4.2L Di\u00e9sel Cilindraje 4164 cc Cilindros 6 en l\u00ednea Turbo Di\u00e9sel Transmisi\u00f3n manual \/ autom\u00e1tica Tracci\u00f3n 4\u00d74 permanente Dise\u00f1o cl\u00e1sico Land Cruiser Carrocer\u00eda Reforzada Rines 16&#8243; Parachoques Robustos Perfil Alto Construcci\u00f3n Legendaria Asientos Amplios Interior Funcional Aire acondicionado Volante Funcional Configuraci\u00f3n 7 Pasajeros Enfoque Utilitario Bloqueo de diferencial Chasis Largueros Durabilidad Alta [&hellip;]","og_url":"https:\/\/www.grupotecnomotriz.com\/site\/en\/product\/toyota-land-cruiser-2003\/","og_site_name":"Grupo Tecnomotriz","og_image":[{"width":1024,"height":731,"url":"https:\/\/www.grupotecnomotriz.com\/site\/wp-content\/uploads\/2026\/02\/1-6-1-1024x731.png","type":"image\/png"}],"twitter_card":"summary_large_image","twitter_misc":{"Est. reading time":"1 minute"},"schema":{"@context":"https:\/\/schema.org","@graph":[{"@type":"WebPage","@id":"https:\/\/www.grupotecnomotriz.com\/site\/producto\/toyota-land-cruiser-2003\/","url":"https:\/\/www.grupotecnomotriz.com\/site\/producto\/toyota-land-cruiser-2003\/","name":"Toyota Land Cruiser 2003 - Grupo Tecnomotriz","isPartOf":{"@id":"https:\/\/www.grupotecnomotriz.com\/site\/#website"},"primaryImageOfPage":{"@id":"https:\/\/www.grupotecnomotriz.com\/site\/producto\/toyota-land-cruiser-2003\/#primaryimage"},"image":{"@id":"https:\/\/www.grupotecnomotriz.com\/site\/producto\/toyota-land-cruiser-2003\/#primaryimage"},"thumbnailUrl":"https:\/\/www.grupotecnomotriz.com\/site\/wp-content\/uploads\/2026\/02\/1-6-1.png","datePublished":"2026-02-24T17:14:54+00:00","breadcrumb":{"@id":"https:\/\/www.grupotecnomotriz.com\/site\/producto\/toyota-land-cruiser-2003\/#breadcrumb"},"inLanguage":"en-US","potentialAction":[{"@type":"ReadAction","target":["https:\/\/www.grupotecnomotriz.com\/site\/producto\/toyota-land-cruiser-2003\/"]}]},{"@type":"ImageObject","inLanguage":"en-US","@id":"https:\/\/www.grupotecnomotriz.com\/site\/producto\/toyota-land-cruiser-2003\/#primaryimage","url":"https:\/\/www.grupotecnomotriz.com\/site\/wp-content\/uploads\/2026\/02\/1-6-1.png","contentUrl":"https:\/\/www.grupotecnomotriz.com\/site\/wp-content\/uploads\/2026\/02\/1-6-1.png","width":2048,"height":1462},{"@type":"BreadcrumbList","@id":"https:\/\/www.grupotecnomotriz.com\/site\/producto\/toyota-land-cruiser-2003\/#breadcrumb","itemListElement":[{"@type":"ListItem","position":1,"name":"Portada","item":"https:\/\/www.grupotecnomotriz.com\/site\/"},{"@type":"ListItem","position":2,"name":"Cat\u00e1logo","item":"https:\/\/www.grupotecnomotriz.com\/site\/tienda\/"},{"@type":"ListItem","position":3,"name":"Toyota Land Cruiser 2003"}]},{"@type":"WebSite","@id":"https:\/\/www.grupotecnomotriz.com\/site\/#website","url":"https:\/\/www.grupotecnomotriz.com\/site\/","name":"Grupo Tecnomotriz","description":"Taller de enderezado y pintura Tecnomotriz","potentialAction":[{"@type":"SearchAction","target":{"@type":"EntryPoint","urlTemplate":"https:\/\/www.grupotecnomotriz.com\/site\/?s={search_term_string}"},"query-input":{"@type":"PropertyValueSpecification","valueRequired":true,"valueName":"search_term_string"}}],"inLanguage":"en-US"}]}},"_links":{"self":[{"href":"https:\/\/www.grupotecnomotriz.com\/site\/en\/wp-json\/wp\/v2\/product\/3057","targetHints":{"allow":["GET"]}}],"collection":[{"href":"https:\/\/www.grupotecnomotriz.com\/site\/en\/wp-json\/wp\/v2\/product"}],"about":[{"href":"https:\/\/www.grupotecnomotriz.com\/site\/en\/wp-json\/wp\/v2\/types\/product"}],"wp:featuredmedia":[{"embeddable":true,"href":"https:\/\/www.grupotecnomotriz.com\/site\/en\/wp-json\/wp\/v2\/media\/3067"}],"wp:attachment":[{"href":"https:\/\/www.grupotecnomotriz.com\/site\/en\/wp-json\/wp\/v2\/media?parent=3057"}],"wp:term":[{"taxonomy":"product_brand","embeddable":true,"href":"https:\/\/www.grupotecnomotriz.com\/site\/en\/wp-json\/wp\/v2\/product_brand?post=3057"},{"taxonomy":"product_cat","embeddable":true,"href":"https:\/\/www.grupotecnomotriz.com\/site\/en\/wp-json\/wp\/v2\/product_cat?post=3057"},{"taxonomy":"product_tag","embeddable":true,"href":"https:\/\/www.grupotecnomotriz.com\/site\/en\/wp-json\/wp\/v2\/product_tag?post=3057"}],"curies":[{"name":"wp","href":"https:\/\/api.w.org\/{rel}","templated":true}]}}