{"id":1986,"date":"2026-01-12T19:22:18","date_gmt":"2026-01-12T19:22:18","guid":{"rendered":"https:\/\/www.grupotecnomotriz.com\/site\/?post_type=product&#038;p=1986"},"modified":"2026-01-29T22:11:20","modified_gmt":"2026-01-29T22:11:20","slug":"land-rover-range-rover-velar-2","status":"publish","type":"product","link":"https:\/\/www.grupotecnomotriz.com\/site\/en\/product\/land-rover-range-rover-velar-2\/","title":{"rendered":"Land Rover Range Rover Velar"},"content":{"rendered":"<table style=\"height: 355px;\" width=\"323\">\n<tbody>\n<tr>\n<td>Year<\/td>\n<td>2018<\/td>\n<\/tr>\n<tr>\n<td>Package<\/td>\n<td>R-Dynamic S<\/td>\n<\/tr>\n<tr>\n<td>Engine<\/td>\n<td>V6 Supercharged<\/td>\n<\/tr>\n<tr>\n<td>Engine<\/td>\n<td>2000 c.c.<\/td>\n<\/tr>\n<tr>\n<td>Transmission<\/td>\n<td>Automatic<\/td>\n<\/tr>\n<tr>\n<td>Traction<\/td>\n<td>4\u00d74<\/td>\n<\/tr>\n<tr>\n<td>Fuel<\/td>\n<td>Gasoline<\/td>\n<\/tr>\n<tr>\n<td>Sistema de sonido<\/td>\n<td>Meridian<\/td>\n<\/tr>\n<tr>\n<td>Interior<\/td>\n<td>Leather<\/td>\n<\/tr>\n<tr>\n<td>Ceiling<\/td>\n<td>Panoramic<\/td>\n<\/tr>\n<tr>\n<td><\/td>\n<td><\/td>\n<\/tr>\n<tr>\n<td>Mileage<\/td>\n<td>65500 km<\/td>\n<\/tr>\n<\/tbody>\n<\/table>","protected":false},"excerpt":{"rendered":"<p>A\u00f1o 2018 Paquete R-Dynamic S Motor V6 Supercharged Motor 2000 c.c. Transmisi\u00f3n Autom\u00e1tica Tracci\u00f3n 4&#215;4 Combustible Gasolina Sistema de sonido Meridian Interiores Cuero Techo Panor\u00e1mico Kilometraje 65500 km<\/p>","protected":false},"featured_media":2753,"template":"","meta":[],"product_brand":[],"product_cat":[81],"product_tag":[],"class_list":{"0":"post-1986","1":"product","2":"type-product","3":"status-publish","4":"has-post-thumbnail","6":"product_cat-suv","8":"first","9":"outofstock","10":"shipping-taxable","11":"purchasable","12":"product-type-simple"},"yoast_head":"<!-- This site is optimized with the Yoast SEO plugin v26.4 - https:\/\/yoast.com\/wordpress\/plugins\/seo\/ -->\n<title>Land Rover Range Rover Velar - Grupo Tecnomotriz<\/title>\n<meta name=\"robots\" content=\"index, follow, max-snippet:-1, max-image-preview:large, max-video-preview:-1\" \/>\n<link rel=\"canonical\" href=\"https:\/\/www.grupotecnomotriz.com\/site\/en\/product\/land-rover-range-rover-velar-2\/\" \/>\n<meta property=\"og:locale\" content=\"en_US\" \/>\n<meta property=\"og:type\" content=\"article\" \/>\n<meta property=\"og:title\" content=\"Land Rover Range Rover Velar - Grupo Tecnomotriz\" \/>\n<meta property=\"og:description\" content=\"A\u00f1o 2018 Paquete R-Dynamic S Motor V6 Supercharged Motor 2000 c.c. Transmisi\u00f3n Autom\u00e1tica Tracci\u00f3n 4&#215;4 Combustible Gasolina Sistema de sonido Meridian Interiores Cuero Techo Panor\u00e1mico Kilometraje 65500 km\" \/>\n<meta property=\"og:url\" content=\"https:\/\/www.grupotecnomotriz.com\/site\/en\/product\/land-rover-range-rover-velar-2\/\" \/>\n<meta property=\"og:site_name\" content=\"Grupo Tecnomotriz\" \/>\n<meta property=\"article:modified_time\" content=\"2026-01-29T22:11:20+00:00\" \/>\n<meta property=\"og:image\" content=\"https:\/\/www.grupotecnomotriz.com\/site\/wp-content\/uploads\/2026\/01\/jnin-1024x731.png\" \/>\n\t<meta property=\"og:image:width\" content=\"1024\" \/>\n\t<meta property=\"og:image:height\" content=\"731\" \/>\n\t<meta property=\"og:image:type\" content=\"image\/png\" \/>\n<meta name=\"twitter:card\" content=\"summary_large_image\" \/>\n<meta name=\"twitter:label1\" content=\"Est. reading time\" \/>\n\t<meta name=\"twitter:data1\" content=\"1 minute\" \/>\n<script type=\"application\/ld+json\" class=\"yoast-schema-graph\">{\"@context\":\"https:\/\/schema.org\",\"@graph\":[{\"@type\":\"WebPage\",\"@id\":\"https:\/\/www.grupotecnomotriz.com\/site\/producto\/land-rover-range-rover-velar-2\/\",\"url\":\"https:\/\/www.grupotecnomotriz.com\/site\/producto\/land-rover-range-rover-velar-2\/\",\"name\":\"Land Rover Range Rover Velar - Grupo Tecnomotriz\",\"isPartOf\":{\"@id\":\"https:\/\/www.grupotecnomotriz.com\/site\/#website\"},\"primaryImageOfPage\":{\"@id\":\"https:\/\/www.grupotecnomotriz.com\/site\/producto\/land-rover-range-rover-velar-2\/#primaryimage\"},\"image\":{\"@id\":\"https:\/\/www.grupotecnomotriz.com\/site\/producto\/land-rover-range-rover-velar-2\/#primaryimage\"},\"thumbnailUrl\":\"https:\/\/www.grupotecnomotriz.com\/site\/wp-content\/uploads\/2026\/01\/jnin.png\",\"datePublished\":\"2026-01-12T19:22:18+00:00\",\"dateModified\":\"2026-01-29T22:11:20+00:00\",\"breadcrumb\":{\"@id\":\"https:\/\/www.grupotecnomotriz.com\/site\/producto\/land-rover-range-rover-velar-2\/#breadcrumb\"},\"inLanguage\":\"en-US\",\"potentialAction\":[{\"@type\":\"ReadAction\",\"target\":[\"https:\/\/www.grupotecnomotriz.com\/site\/producto\/land-rover-range-rover-velar-2\/\"]}]},{\"@type\":\"ImageObject\",\"inLanguage\":\"en-US\",\"@id\":\"https:\/\/www.grupotecnomotriz.com\/site\/producto\/land-rover-range-rover-velar-2\/#primaryimage\",\"url\":\"https:\/\/www.grupotecnomotriz.com\/site\/wp-content\/uploads\/2026\/01\/jnin.png\",\"contentUrl\":\"https:\/\/www.grupotecnomotriz.com\/site\/wp-content\/uploads\/2026\/01\/jnin.png\",\"width\":2048,\"height\":1462},{\"@type\":\"BreadcrumbList\",\"@id\":\"https:\/\/www.grupotecnomotriz.com\/site\/producto\/land-rover-range-rover-velar-2\/#breadcrumb\",\"itemListElement\":[{\"@type\":\"ListItem\",\"position\":1,\"name\":\"Portada\",\"item\":\"https:\/\/www.grupotecnomotriz.com\/site\/\"},{\"@type\":\"ListItem\",\"position\":2,\"name\":\"Cat\u00e1logo\",\"item\":\"https:\/\/www.grupotecnomotriz.com\/site\/tienda\/\"},{\"@type\":\"ListItem\",\"position\":3,\"name\":\"Land Rover Range Rover Velar\"}]},{\"@type\":\"WebSite\",\"@id\":\"https:\/\/www.grupotecnomotriz.com\/site\/#website\",\"url\":\"https:\/\/www.grupotecnomotriz.com\/site\/\",\"name\":\"Grupo Tecnomotriz\",\"description\":\"Taller de enderezado y pintura Tecnomotriz\",\"potentialAction\":[{\"@type\":\"SearchAction\",\"target\":{\"@type\":\"EntryPoint\",\"urlTemplate\":\"https:\/\/www.grupotecnomotriz.com\/site\/?s={search_term_string}\"},\"query-input\":{\"@type\":\"PropertyValueSpecification\",\"valueRequired\":true,\"valueName\":\"search_term_string\"}}],\"inLanguage\":\"en-US\"}]}<\/script>\n<!-- \/ Yoast SEO plugin. -->","yoast_head_json":{"title":"Land Rover Range Rover Velar - Grupo Tecnomotriz","robots":{"index":"index","follow":"follow","max-snippet":"max-snippet:-1","max-image-preview":"max-image-preview:large","max-video-preview":"max-video-preview:-1"},"canonical":"https:\/\/www.grupotecnomotriz.com\/site\/en\/product\/land-rover-range-rover-velar-2\/","og_locale":"en_US","og_type":"article","og_title":"Land Rover Range Rover Velar - Grupo Tecnomotriz","og_description":"A\u00f1o 2018 Paquete R-Dynamic S Motor V6 Supercharged Motor 2000 c.c. Transmisi\u00f3n Autom\u00e1tica Tracci\u00f3n 4&#215;4 Combustible Gasolina Sistema de sonido Meridian Interiores Cuero Techo Panor\u00e1mico Kilometraje 65500 km","og_url":"https:\/\/www.grupotecnomotriz.com\/site\/en\/product\/land-rover-range-rover-velar-2\/","og_site_name":"Grupo Tecnomotriz","article_modified_time":"2026-01-29T22:11:20+00:00","og_image":[{"width":1024,"height":731,"url":"https:\/\/www.grupotecnomotriz.com\/site\/wp-content\/uploads\/2026\/01\/jnin-1024x731.png","type":"image\/png"}],"twitter_card":"summary_large_image","twitter_misc":{"Est. reading time":"1 minute"},"schema":{"@context":"https:\/\/schema.org","@graph":[{"@type":"WebPage","@id":"https:\/\/www.grupotecnomotriz.com\/site\/producto\/land-rover-range-rover-velar-2\/","url":"https:\/\/www.grupotecnomotriz.com\/site\/producto\/land-rover-range-rover-velar-2\/","name":"Land Rover Range Rover Velar - Grupo Tecnomotriz","isPartOf":{"@id":"https:\/\/www.grupotecnomotriz.com\/site\/#website"},"primaryImageOfPage":{"@id":"https:\/\/www.grupotecnomotriz.com\/site\/producto\/land-rover-range-rover-velar-2\/#primaryimage"},"image":{"@id":"https:\/\/www.grupotecnomotriz.com\/site\/producto\/land-rover-range-rover-velar-2\/#primaryimage"},"thumbnailUrl":"https:\/\/www.grupotecnomotriz.com\/site\/wp-content\/uploads\/2026\/01\/jnin.png","datePublished":"2026-01-12T19:22:18+00:00","dateModified":"2026-01-29T22:11:20+00:00","breadcrumb":{"@id":"https:\/\/www.grupotecnomotriz.com\/site\/producto\/land-rover-range-rover-velar-2\/#breadcrumb"},"inLanguage":"en-US","potentialAction":[{"@type":"ReadAction","target":["https:\/\/www.grupotecnomotriz.com\/site\/producto\/land-rover-range-rover-velar-2\/"]}]},{"@type":"ImageObject","inLanguage":"en-US","@id":"https:\/\/www.grupotecnomotriz.com\/site\/producto\/land-rover-range-rover-velar-2\/#primaryimage","url":"https:\/\/www.grupotecnomotriz.com\/site\/wp-content\/uploads\/2026\/01\/jnin.png","contentUrl":"https:\/\/www.grupotecnomotriz.com\/site\/wp-content\/uploads\/2026\/01\/jnin.png","width":2048,"height":1462},{"@type":"BreadcrumbList","@id":"https:\/\/www.grupotecnomotriz.com\/site\/producto\/land-rover-range-rover-velar-2\/#breadcrumb","itemListElement":[{"@type":"ListItem","position":1,"name":"Portada","item":"https:\/\/www.grupotecnomotriz.com\/site\/"},{"@type":"ListItem","position":2,"name":"Cat\u00e1logo","item":"https:\/\/www.grupotecnomotriz.com\/site\/tienda\/"},{"@type":"ListItem","position":3,"name":"Land Rover Range Rover Velar"}]},{"@type":"WebSite","@id":"https:\/\/www.grupotecnomotriz.com\/site\/#website","url":"https:\/\/www.grupotecnomotriz.com\/site\/","name":"Grupo Tecnomotriz","description":"Taller de enderezado y pintura Tecnomotriz","potentialAction":[{"@type":"SearchAction","target":{"@type":"EntryPoint","urlTemplate":"https:\/\/www.grupotecnomotriz.com\/site\/?s={search_term_string}"},"query-input":{"@type":"PropertyValueSpecification","valueRequired":true,"valueName":"search_term_string"}}],"inLanguage":"en-US"}]}},"_links":{"self":[{"href":"https:\/\/www.grupotecnomotriz.com\/site\/en\/wp-json\/wp\/v2\/product\/1986","targetHints":{"allow":["GET"]}}],"collection":[{"href":"https:\/\/www.grupotecnomotriz.com\/site\/en\/wp-json\/wp\/v2\/product"}],"about":[{"href":"https:\/\/www.grupotecnomotriz.com\/site\/en\/wp-json\/wp\/v2\/types\/product"}],"wp:featuredmedia":[{"embeddable":true,"href":"https:\/\/www.grupotecnomotriz.com\/site\/en\/wp-json\/wp\/v2\/media\/2753"}],"wp:attachment":[{"href":"https:\/\/www.grupotecnomotriz.com\/site\/en\/wp-json\/wp\/v2\/media?parent=1986"}],"wp:term":[{"taxonomy":"product_brand","embeddable":true,"href":"https:\/\/www.grupotecnomotriz.com\/site\/en\/wp-json\/wp\/v2\/product_brand?post=1986"},{"taxonomy":"product_cat","embeddable":true,"href":"https:\/\/www.grupotecnomotriz.com\/site\/en\/wp-json\/wp\/v2\/product_cat?post=1986"},{"taxonomy":"product_tag","embeddable":true,"href":"https:\/\/www.grupotecnomotriz.com\/site\/en\/wp-json\/wp\/v2\/product_tag?post=1986"}],"curies":[{"name":"wp","href":"https:\/\/api.w.org\/{rel}","templated":true}]}}