{"id":1520,"date":"2025-11-28T16:51:48","date_gmt":"2025-11-28T16:51:48","guid":{"rendered":"https:\/\/www.grupotecnomotriz.com\/site\/?post_type=product&#038;p=1520"},"modified":"2026-01-08T15:38:14","modified_gmt":"2026-01-08T15:38:14","slug":"polaris-ranger-xp-900","status":"publish","type":"product","link":"https:\/\/www.grupotecnomotriz.com\/site\/en\/product\/polaris-ranger-xp-900\/","title":{"rendered":"POLARIS RANGER XP 900"},"content":{"rendered":"<table style=\"height: 395px;\" width=\"314\">\n<tbody>\n<tr>\n<td>Year<\/td>\n<td>2016<\/td>\n<\/tr>\n<tr>\n<td>Model<\/td>\n<td>Ranger XP 900<\/td>\n<\/tr>\n<tr>\n<td>Engine<\/td>\n<td>Prostar 875 C.C<\/td>\n<\/tr>\n<tr>\n<td>Transmission<\/td>\n<td>Autom\u00e1tica PVT<\/td>\n<\/tr>\n<tr>\n<td>Traction<\/td>\n<td>4\u00d74<\/td>\n<\/tr>\n<tr>\n<td>Direcci\u00f3n<\/td>\n<td>EPS<\/td>\n<\/tr>\n<tr>\n<td>Neum\u00e1ticos<\/td>\n<td>Todo terreno<\/td>\n<\/tr>\n<tr>\n<td>Sistema de fijaci\u00f3n<\/td>\n<td>Lock &amp; Ride<\/td>\n<\/tr>\n<tr>\n<td>Frenos<\/td>\n<td>Hidr\u00e1ulicos<\/td>\n<\/tr>\n<tr>\n<td>Capacidad<\/td>\n<td>3 personas<\/td>\n<\/tr>\n<tr>\n<td>Chasis<\/td>\n<td>Acero reforzado<\/td>\n<\/tr>\n<tr>\n<td>Sistema<\/td>\n<td>Turf mode<\/td>\n<\/tr>\n<tr>\n<td>Mileage<\/td>\n<td>1700 millas<\/td>\n<\/tr>\n<\/tbody>\n<\/table>\n<p>&nbsp;<\/p>\n<p>(Does not include transfer or legal costs) The mileage shown is approximate, since the car can remain in use while it is posted. We reserve the right to update the information when necessary.<\/p>","protected":false},"excerpt":{"rendered":"<p>A\u00f1o 2016 Modelo Ranger XP 900 Motor Prostar 875 C.C Transmisi\u00f3n Autom\u00e1tica PVT Tracci\u00f3n 4&#215;4 Direcci\u00f3n EPS Neum\u00e1ticos Todo terreno Sistema de fijaci\u00f3n Lock &amp; Ride Frenos Hidr\u00e1ulicos Capacidad 3 personas Chasis Acero reforzado Sistema Turf mode Millaje 1700 millas &nbsp; (No incluye traspaso ni gastos legales) El kilometraje mostrado es aproximado, ya que el [&hellip;]<\/p>","protected":false},"featured_media":1632,"template":"","meta":[],"product_brand":[],"product_cat":[53],"product_tag":[],"class_list":{"0":"post-1520","1":"product","2":"type-product","3":"status-publish","4":"has-post-thumbnail","6":"product_cat-atv-utv","8":"first","9":"instock","10":"shipping-taxable","11":"purchasable","12":"product-type-simple"},"yoast_head":"<!-- This site is optimized with the Yoast SEO plugin v26.4 - https:\/\/yoast.com\/wordpress\/plugins\/seo\/ -->\n<title>POLARIS RANGER XP 900 - Grupo Tecnomotriz<\/title>\n<meta name=\"robots\" content=\"index, follow, max-snippet:-1, max-image-preview:large, max-video-preview:-1\" \/>\n<link rel=\"canonical\" href=\"https:\/\/www.grupotecnomotriz.com\/site\/en\/product\/polaris-ranger-xp-900\/\" \/>\n<meta property=\"og:locale\" content=\"en_US\" \/>\n<meta property=\"og:type\" content=\"article\" \/>\n<meta property=\"og:title\" content=\"POLARIS RANGER XP 900 - Grupo Tecnomotriz\" \/>\n<meta property=\"og:description\" content=\"A\u00f1o 2016 Modelo Ranger XP 900 Motor Prostar 875 C.C Transmisi\u00f3n Autom\u00e1tica PVT Tracci\u00f3n 4&#215;4 Direcci\u00f3n EPS Neum\u00e1ticos Todo terreno Sistema de fijaci\u00f3n Lock &amp; Ride Frenos Hidr\u00e1ulicos Capacidad 3 personas Chasis Acero reforzado Sistema Turf mode Millaje 1700 millas &nbsp; (No incluye traspaso ni gastos legales) El kilometraje mostrado es aproximado, ya que el [&hellip;]\" \/>\n<meta property=\"og:url\" content=\"https:\/\/www.grupotecnomotriz.com\/site\/en\/product\/polaris-ranger-xp-900\/\" \/>\n<meta property=\"og:site_name\" content=\"Grupo Tecnomotriz\" \/>\n<meta property=\"article:modified_time\" content=\"2026-01-08T15:38:14+00:00\" \/>\n<meta property=\"og:image\" content=\"https:\/\/www.grupotecnomotriz.com\/site\/wp-content\/uploads\/2025\/11\/3-15-1024x731.png\" \/>\n\t<meta property=\"og:image:width\" content=\"1024\" \/>\n\t<meta property=\"og:image:height\" content=\"731\" \/>\n\t<meta property=\"og:image:type\" content=\"image\/png\" \/>\n<meta name=\"twitter:card\" content=\"summary_large_image\" \/>\n<meta name=\"twitter:label1\" content=\"Est. reading time\" \/>\n\t<meta name=\"twitter:data1\" content=\"1 minute\" \/>\n<script type=\"application\/ld+json\" class=\"yoast-schema-graph\">{\"@context\":\"https:\/\/schema.org\",\"@graph\":[{\"@type\":\"WebPage\",\"@id\":\"https:\/\/www.grupotecnomotriz.com\/site\/producto\/polaris-ranger-xp-900\/\",\"url\":\"https:\/\/www.grupotecnomotriz.com\/site\/producto\/polaris-ranger-xp-900\/\",\"name\":\"POLARIS RANGER XP 900 - Grupo Tecnomotriz\",\"isPartOf\":{\"@id\":\"https:\/\/www.grupotecnomotriz.com\/site\/#website\"},\"primaryImageOfPage\":{\"@id\":\"https:\/\/www.grupotecnomotriz.com\/site\/producto\/polaris-ranger-xp-900\/#primaryimage\"},\"image\":{\"@id\":\"https:\/\/www.grupotecnomotriz.com\/site\/producto\/polaris-ranger-xp-900\/#primaryimage\"},\"thumbnailUrl\":\"https:\/\/www.grupotecnomotriz.com\/site\/wp-content\/uploads\/2025\/11\/3-15.png\",\"datePublished\":\"2025-11-28T16:51:48+00:00\",\"dateModified\":\"2026-01-08T15:38:14+00:00\",\"breadcrumb\":{\"@id\":\"https:\/\/www.grupotecnomotriz.com\/site\/producto\/polaris-ranger-xp-900\/#breadcrumb\"},\"inLanguage\":\"en-US\",\"potentialAction\":[{\"@type\":\"ReadAction\",\"target\":[\"https:\/\/www.grupotecnomotriz.com\/site\/producto\/polaris-ranger-xp-900\/\"]}]},{\"@type\":\"ImageObject\",\"inLanguage\":\"en-US\",\"@id\":\"https:\/\/www.grupotecnomotriz.com\/site\/producto\/polaris-ranger-xp-900\/#primaryimage\",\"url\":\"https:\/\/www.grupotecnomotriz.com\/site\/wp-content\/uploads\/2025\/11\/3-15.png\",\"contentUrl\":\"https:\/\/www.grupotecnomotriz.com\/site\/wp-content\/uploads\/2025\/11\/3-15.png\",\"width\":2048,\"height\":1462},{\"@type\":\"BreadcrumbList\",\"@id\":\"https:\/\/www.grupotecnomotriz.com\/site\/producto\/polaris-ranger-xp-900\/#breadcrumb\",\"itemListElement\":[{\"@type\":\"ListItem\",\"position\":1,\"name\":\"Portada\",\"item\":\"https:\/\/www.grupotecnomotriz.com\/site\/\"},{\"@type\":\"ListItem\",\"position\":2,\"name\":\"Cat\u00e1logo\",\"item\":\"https:\/\/www.grupotecnomotriz.com\/site\/tienda\/\"},{\"@type\":\"ListItem\",\"position\":3,\"name\":\"POLARIS RANGER XP 900\"}]},{\"@type\":\"WebSite\",\"@id\":\"https:\/\/www.grupotecnomotriz.com\/site\/#website\",\"url\":\"https:\/\/www.grupotecnomotriz.com\/site\/\",\"name\":\"Grupo Tecnomotriz\",\"description\":\"Taller de enderezado y pintura Tecnomotriz\",\"potentialAction\":[{\"@type\":\"SearchAction\",\"target\":{\"@type\":\"EntryPoint\",\"urlTemplate\":\"https:\/\/www.grupotecnomotriz.com\/site\/?s={search_term_string}\"},\"query-input\":{\"@type\":\"PropertyValueSpecification\",\"valueRequired\":true,\"valueName\":\"search_term_string\"}}],\"inLanguage\":\"en-US\"}]}<\/script>\n<!-- \/ Yoast SEO plugin. -->","yoast_head_json":{"title":"POLARIS RANGER XP 900 - Grupo Tecnomotriz","robots":{"index":"index","follow":"follow","max-snippet":"max-snippet:-1","max-image-preview":"max-image-preview:large","max-video-preview":"max-video-preview:-1"},"canonical":"https:\/\/www.grupotecnomotriz.com\/site\/en\/product\/polaris-ranger-xp-900\/","og_locale":"en_US","og_type":"article","og_title":"POLARIS RANGER XP 900 - Grupo Tecnomotriz","og_description":"A\u00f1o 2016 Modelo Ranger XP 900 Motor Prostar 875 C.C Transmisi\u00f3n Autom\u00e1tica PVT Tracci\u00f3n 4&#215;4 Direcci\u00f3n EPS Neum\u00e1ticos Todo terreno Sistema de fijaci\u00f3n Lock &amp; Ride Frenos Hidr\u00e1ulicos Capacidad 3 personas Chasis Acero reforzado Sistema Turf mode Millaje 1700 millas &nbsp; (No incluye traspaso ni gastos legales) El kilometraje mostrado es aproximado, ya que el [&hellip;]","og_url":"https:\/\/www.grupotecnomotriz.com\/site\/en\/product\/polaris-ranger-xp-900\/","og_site_name":"Grupo Tecnomotriz","article_modified_time":"2026-01-08T15:38:14+00:00","og_image":[{"width":1024,"height":731,"url":"https:\/\/www.grupotecnomotriz.com\/site\/wp-content\/uploads\/2025\/11\/3-15-1024x731.png","type":"image\/png"}],"twitter_card":"summary_large_image","twitter_misc":{"Est. reading time":"1 minute"},"schema":{"@context":"https:\/\/schema.org","@graph":[{"@type":"WebPage","@id":"https:\/\/www.grupotecnomotriz.com\/site\/producto\/polaris-ranger-xp-900\/","url":"https:\/\/www.grupotecnomotriz.com\/site\/producto\/polaris-ranger-xp-900\/","name":"POLARIS RANGER XP 900 - Grupo Tecnomotriz","isPartOf":{"@id":"https:\/\/www.grupotecnomotriz.com\/site\/#website"},"primaryImageOfPage":{"@id":"https:\/\/www.grupotecnomotriz.com\/site\/producto\/polaris-ranger-xp-900\/#primaryimage"},"image":{"@id":"https:\/\/www.grupotecnomotriz.com\/site\/producto\/polaris-ranger-xp-900\/#primaryimage"},"thumbnailUrl":"https:\/\/www.grupotecnomotriz.com\/site\/wp-content\/uploads\/2025\/11\/3-15.png","datePublished":"2025-11-28T16:51:48+00:00","dateModified":"2026-01-08T15:38:14+00:00","breadcrumb":{"@id":"https:\/\/www.grupotecnomotriz.com\/site\/producto\/polaris-ranger-xp-900\/#breadcrumb"},"inLanguage":"en-US","potentialAction":[{"@type":"ReadAction","target":["https:\/\/www.grupotecnomotriz.com\/site\/producto\/polaris-ranger-xp-900\/"]}]},{"@type":"ImageObject","inLanguage":"en-US","@id":"https:\/\/www.grupotecnomotriz.com\/site\/producto\/polaris-ranger-xp-900\/#primaryimage","url":"https:\/\/www.grupotecnomotriz.com\/site\/wp-content\/uploads\/2025\/11\/3-15.png","contentUrl":"https:\/\/www.grupotecnomotriz.com\/site\/wp-content\/uploads\/2025\/11\/3-15.png","width":2048,"height":1462},{"@type":"BreadcrumbList","@id":"https:\/\/www.grupotecnomotriz.com\/site\/producto\/polaris-ranger-xp-900\/#breadcrumb","itemListElement":[{"@type":"ListItem","position":1,"name":"Portada","item":"https:\/\/www.grupotecnomotriz.com\/site\/"},{"@type":"ListItem","position":2,"name":"Cat\u00e1logo","item":"https:\/\/www.grupotecnomotriz.com\/site\/tienda\/"},{"@type":"ListItem","position":3,"name":"POLARIS RANGER XP 900"}]},{"@type":"WebSite","@id":"https:\/\/www.grupotecnomotriz.com\/site\/#website","url":"https:\/\/www.grupotecnomotriz.com\/site\/","name":"Grupo Tecnomotriz","description":"Taller de enderezado y pintura Tecnomotriz","potentialAction":[{"@type":"SearchAction","target":{"@type":"EntryPoint","urlTemplate":"https:\/\/www.grupotecnomotriz.com\/site\/?s={search_term_string}"},"query-input":{"@type":"PropertyValueSpecification","valueRequired":true,"valueName":"search_term_string"}}],"inLanguage":"en-US"}]}},"_links":{"self":[{"href":"https:\/\/www.grupotecnomotriz.com\/site\/en\/wp-json\/wp\/v2\/product\/1520","targetHints":{"allow":["GET"]}}],"collection":[{"href":"https:\/\/www.grupotecnomotriz.com\/site\/en\/wp-json\/wp\/v2\/product"}],"about":[{"href":"https:\/\/www.grupotecnomotriz.com\/site\/en\/wp-json\/wp\/v2\/types\/product"}],"wp:featuredmedia":[{"embeddable":true,"href":"https:\/\/www.grupotecnomotriz.com\/site\/en\/wp-json\/wp\/v2\/media\/1632"}],"wp:attachment":[{"href":"https:\/\/www.grupotecnomotriz.com\/site\/en\/wp-json\/wp\/v2\/media?parent=1520"}],"wp:term":[{"taxonomy":"product_brand","embeddable":true,"href":"https:\/\/www.grupotecnomotriz.com\/site\/en\/wp-json\/wp\/v2\/product_brand?post=1520"},{"taxonomy":"product_cat","embeddable":true,"href":"https:\/\/www.grupotecnomotriz.com\/site\/en\/wp-json\/wp\/v2\/product_cat?post=1520"},{"taxonomy":"product_tag","embeddable":true,"href":"https:\/\/www.grupotecnomotriz.com\/site\/en\/wp-json\/wp\/v2\/product_tag?post=1520"}],"curies":[{"name":"wp","href":"https:\/\/api.w.org\/{rel}","templated":true}]}}