{"id":1511,"date":"2025-11-28T16:35:39","date_gmt":"2025-11-28T16:35:39","guid":{"rendered":"https:\/\/www.grupotecnomotriz.com\/site\/?post_type=product&#038;p=1511"},"modified":"2026-01-30T15:08:04","modified_gmt":"2026-01-30T15:08:04","slug":"audi-rs-e-tron-gt","status":"publish","type":"product","link":"https:\/\/www.grupotecnomotriz.com\/site\/en\/product\/audi-rs-e-tron-gt\/","title":{"rendered":"AUDI RS E-TRON GT"},"content":{"rendered":"<table style=\"height: 396px;\" width=\"320\">\n<tbody>\n<tr>\n<td>Year<\/td>\n<td>2022<\/td>\n<\/tr>\n<tr>\n<td>Model<\/td>\n<td>RS E-Tron GT<\/td>\n<\/tr>\n<tr>\n<td>Two electric motors<\/td>\n<td>One on each axis<\/td>\n<\/tr>\n<tr>\n<td>Power<\/td>\n<td>650 hp<\/td>\n<\/tr>\n<tr>\n<td>Autonomy<\/td>\n<td>Up to 495 km<\/td>\n<\/tr>\n<tr>\n<td>Acceleration from 0 to 100km<\/td>\n<td>3.3 s<\/td>\n<\/tr>\n<tr>\n<td>Battery<\/td>\n<td>93.4 kWh<\/td>\n<\/tr>\n<tr>\n<td>Rims<\/td>\n<td>Luxury<\/td>\n<\/tr>\n<tr>\n<td>Interior<\/td>\n<td>Leather<\/td>\n<\/tr>\n<tr>\n<td>Maximum speed<\/td>\n<td>Up to 250 km\/h<\/td>\n<\/tr>\n<tr>\n<td>Transmission<\/td>\n<td>Automatic<\/td>\n<\/tr>\n<tr>\n<td>Traction<\/td>\n<td>Double traction<\/td>\n<\/tr>\n<tr>\n<td>Mileage<\/td>\n<td>2450 km<\/td>\n<\/tr>\n<\/tbody>\n<\/table>\n<p>&nbsp;<\/p>\n<p>(Does not include transfer or legal costs) The mileage shown is approximate, since the car can remain in use while it is posted. We reserve the right to update the information when necessary.<\/p>","protected":false},"excerpt":{"rendered":"<p>A\u00f1o 2022 Modelo RS E-Tron GT Dos motores el\u00e9ctricos Uno en cada eje Potencia 650 hp Autonom\u00eda Hasta 495 km Aceleraci\u00f3n de 0 a 100km 3.3s Bater\u00eda 93.4 kWh Aros De lujo Interiores Cuero Velocidad m\u00e1xima Hasta 250 km\/h Transmisi\u00f3n Autom\u00e1tica Tracci\u00f3n Doble tracci\u00f3n Kilometraje 2450 km &nbsp; (No incluye traspaso ni gastos legales) El [&hellip;]<\/p>","protected":false},"featured_media":1621,"template":"","meta":[],"product_brand":[],"product_cat":[80,85],"product_tag":[],"class_list":{"0":"post-1511","1":"product","2":"type-product","3":"status-publish","4":"has-post-thumbnail","6":"product_cat-deportivos","7":"product_cat-electrico","9":"first","10":"instock","11":"shipping-taxable","12":"purchasable","13":"product-type-simple"},"yoast_head":"<!-- This site is optimized with the Yoast SEO plugin v26.4 - https:\/\/yoast.com\/wordpress\/plugins\/seo\/ -->\n<title>AUDI RS E-TRON GT - Grupo Tecnomotriz<\/title>\n<meta name=\"robots\" content=\"index, follow, max-snippet:-1, max-image-preview:large, max-video-preview:-1\" \/>\n<link rel=\"canonical\" href=\"https:\/\/www.grupotecnomotriz.com\/site\/en\/product\/audi-rs-e-tron-gt\/\" \/>\n<meta property=\"og:locale\" content=\"en_US\" \/>\n<meta property=\"og:type\" content=\"article\" \/>\n<meta property=\"og:title\" content=\"AUDI RS E-TRON GT - Grupo Tecnomotriz\" \/>\n<meta property=\"og:description\" content=\"A\u00f1o 2022 Modelo RS E-Tron GT Dos motores el\u00e9ctricos Uno en cada eje Potencia 650 hp Autonom\u00eda Hasta 495 km Aceleraci\u00f3n de 0 a 100km 3.3s Bater\u00eda 93.4 kWh Aros De lujo Interiores Cuero Velocidad m\u00e1xima Hasta 250 km\/h Transmisi\u00f3n Autom\u00e1tica Tracci\u00f3n Doble tracci\u00f3n Kilometraje 2450 km &nbsp; (No incluye traspaso ni gastos legales) El [&hellip;]\" \/>\n<meta property=\"og:url\" content=\"https:\/\/www.grupotecnomotriz.com\/site\/en\/product\/audi-rs-e-tron-gt\/\" \/>\n<meta property=\"og:site_name\" content=\"Grupo Tecnomotriz\" \/>\n<meta property=\"article:modified_time\" content=\"2026-01-30T15:08:04+00:00\" \/>\n<meta property=\"og:image\" content=\"https:\/\/www.grupotecnomotriz.com\/site\/wp-content\/uploads\/2025\/11\/10-11-1024x731.png\" \/>\n\t<meta property=\"og:image:width\" content=\"1024\" \/>\n\t<meta property=\"og:image:height\" content=\"731\" \/>\n\t<meta property=\"og:image:type\" content=\"image\/png\" \/>\n<meta name=\"twitter:card\" content=\"summary_large_image\" \/>\n<meta name=\"twitter:label1\" content=\"Est. reading time\" \/>\n\t<meta name=\"twitter:data1\" content=\"1 minute\" \/>\n<script type=\"application\/ld+json\" class=\"yoast-schema-graph\">{\"@context\":\"https:\/\/schema.org\",\"@graph\":[{\"@type\":\"WebPage\",\"@id\":\"https:\/\/www.grupotecnomotriz.com\/site\/producto\/audi-rs-e-tron-gt\/\",\"url\":\"https:\/\/www.grupotecnomotriz.com\/site\/producto\/audi-rs-e-tron-gt\/\",\"name\":\"AUDI RS E-TRON GT - Grupo Tecnomotriz\",\"isPartOf\":{\"@id\":\"https:\/\/www.grupotecnomotriz.com\/site\/#website\"},\"primaryImageOfPage\":{\"@id\":\"https:\/\/www.grupotecnomotriz.com\/site\/producto\/audi-rs-e-tron-gt\/#primaryimage\"},\"image\":{\"@id\":\"https:\/\/www.grupotecnomotriz.com\/site\/producto\/audi-rs-e-tron-gt\/#primaryimage\"},\"thumbnailUrl\":\"https:\/\/www.grupotecnomotriz.com\/site\/wp-content\/uploads\/2025\/11\/10-11.png\",\"datePublished\":\"2025-11-28T16:35:39+00:00\",\"dateModified\":\"2026-01-30T15:08:04+00:00\",\"breadcrumb\":{\"@id\":\"https:\/\/www.grupotecnomotriz.com\/site\/producto\/audi-rs-e-tron-gt\/#breadcrumb\"},\"inLanguage\":\"en-US\",\"potentialAction\":[{\"@type\":\"ReadAction\",\"target\":[\"https:\/\/www.grupotecnomotriz.com\/site\/producto\/audi-rs-e-tron-gt\/\"]}]},{\"@type\":\"ImageObject\",\"inLanguage\":\"en-US\",\"@id\":\"https:\/\/www.grupotecnomotriz.com\/site\/producto\/audi-rs-e-tron-gt\/#primaryimage\",\"url\":\"https:\/\/www.grupotecnomotriz.com\/site\/wp-content\/uploads\/2025\/11\/10-11.png\",\"contentUrl\":\"https:\/\/www.grupotecnomotriz.com\/site\/wp-content\/uploads\/2025\/11\/10-11.png\",\"width\":2048,\"height\":1462},{\"@type\":\"BreadcrumbList\",\"@id\":\"https:\/\/www.grupotecnomotriz.com\/site\/producto\/audi-rs-e-tron-gt\/#breadcrumb\",\"itemListElement\":[{\"@type\":\"ListItem\",\"position\":1,\"name\":\"Portada\",\"item\":\"https:\/\/www.grupotecnomotriz.com\/site\/\"},{\"@type\":\"ListItem\",\"position\":2,\"name\":\"Cat\u00e1logo\",\"item\":\"https:\/\/www.grupotecnomotriz.com\/site\/tienda\/\"},{\"@type\":\"ListItem\",\"position\":3,\"name\":\"AUDI RS E-TRON GT\"}]},{\"@type\":\"WebSite\",\"@id\":\"https:\/\/www.grupotecnomotriz.com\/site\/#website\",\"url\":\"https:\/\/www.grupotecnomotriz.com\/site\/\",\"name\":\"Grupo Tecnomotriz\",\"description\":\"Taller de enderezado y pintura Tecnomotriz\",\"potentialAction\":[{\"@type\":\"SearchAction\",\"target\":{\"@type\":\"EntryPoint\",\"urlTemplate\":\"https:\/\/www.grupotecnomotriz.com\/site\/?s={search_term_string}\"},\"query-input\":{\"@type\":\"PropertyValueSpecification\",\"valueRequired\":true,\"valueName\":\"search_term_string\"}}],\"inLanguage\":\"en-US\"}]}<\/script>\n<!-- \/ Yoast SEO plugin. -->","yoast_head_json":{"title":"AUDI RS E-TRON GT - Grupo Tecnomotriz","robots":{"index":"index","follow":"follow","max-snippet":"max-snippet:-1","max-image-preview":"max-image-preview:large","max-video-preview":"max-video-preview:-1"},"canonical":"https:\/\/www.grupotecnomotriz.com\/site\/en\/product\/audi-rs-e-tron-gt\/","og_locale":"en_US","og_type":"article","og_title":"AUDI RS E-TRON GT - Grupo Tecnomotriz","og_description":"A\u00f1o 2022 Modelo RS E-Tron GT Dos motores el\u00e9ctricos Uno en cada eje Potencia 650 hp Autonom\u00eda Hasta 495 km Aceleraci\u00f3n de 0 a 100km 3.3s Bater\u00eda 93.4 kWh Aros De lujo Interiores Cuero Velocidad m\u00e1xima Hasta 250 km\/h Transmisi\u00f3n Autom\u00e1tica Tracci\u00f3n Doble tracci\u00f3n Kilometraje 2450 km &nbsp; (No incluye traspaso ni gastos legales) El [&hellip;]","og_url":"https:\/\/www.grupotecnomotriz.com\/site\/en\/product\/audi-rs-e-tron-gt\/","og_site_name":"Grupo Tecnomotriz","article_modified_time":"2026-01-30T15:08:04+00:00","og_image":[{"width":1024,"height":731,"url":"https:\/\/www.grupotecnomotriz.com\/site\/wp-content\/uploads\/2025\/11\/10-11-1024x731.png","type":"image\/png"}],"twitter_card":"summary_large_image","twitter_misc":{"Est. reading time":"1 minute"},"schema":{"@context":"https:\/\/schema.org","@graph":[{"@type":"WebPage","@id":"https:\/\/www.grupotecnomotriz.com\/site\/producto\/audi-rs-e-tron-gt\/","url":"https:\/\/www.grupotecnomotriz.com\/site\/producto\/audi-rs-e-tron-gt\/","name":"AUDI RS E-TRON GT - Grupo Tecnomotriz","isPartOf":{"@id":"https:\/\/www.grupotecnomotriz.com\/site\/#website"},"primaryImageOfPage":{"@id":"https:\/\/www.grupotecnomotriz.com\/site\/producto\/audi-rs-e-tron-gt\/#primaryimage"},"image":{"@id":"https:\/\/www.grupotecnomotriz.com\/site\/producto\/audi-rs-e-tron-gt\/#primaryimage"},"thumbnailUrl":"https:\/\/www.grupotecnomotriz.com\/site\/wp-content\/uploads\/2025\/11\/10-11.png","datePublished":"2025-11-28T16:35:39+00:00","dateModified":"2026-01-30T15:08:04+00:00","breadcrumb":{"@id":"https:\/\/www.grupotecnomotriz.com\/site\/producto\/audi-rs-e-tron-gt\/#breadcrumb"},"inLanguage":"en-US","potentialAction":[{"@type":"ReadAction","target":["https:\/\/www.grupotecnomotriz.com\/site\/producto\/audi-rs-e-tron-gt\/"]}]},{"@type":"ImageObject","inLanguage":"en-US","@id":"https:\/\/www.grupotecnomotriz.com\/site\/producto\/audi-rs-e-tron-gt\/#primaryimage","url":"https:\/\/www.grupotecnomotriz.com\/site\/wp-content\/uploads\/2025\/11\/10-11.png","contentUrl":"https:\/\/www.grupotecnomotriz.com\/site\/wp-content\/uploads\/2025\/11\/10-11.png","width":2048,"height":1462},{"@type":"BreadcrumbList","@id":"https:\/\/www.grupotecnomotriz.com\/site\/producto\/audi-rs-e-tron-gt\/#breadcrumb","itemListElement":[{"@type":"ListItem","position":1,"name":"Portada","item":"https:\/\/www.grupotecnomotriz.com\/site\/"},{"@type":"ListItem","position":2,"name":"Cat\u00e1logo","item":"https:\/\/www.grupotecnomotriz.com\/site\/tienda\/"},{"@type":"ListItem","position":3,"name":"AUDI RS E-TRON GT"}]},{"@type":"WebSite","@id":"https:\/\/www.grupotecnomotriz.com\/site\/#website","url":"https:\/\/www.grupotecnomotriz.com\/site\/","name":"Grupo Tecnomotriz","description":"Taller de enderezado y pintura Tecnomotriz","potentialAction":[{"@type":"SearchAction","target":{"@type":"EntryPoint","urlTemplate":"https:\/\/www.grupotecnomotriz.com\/site\/?s={search_term_string}"},"query-input":{"@type":"PropertyValueSpecification","valueRequired":true,"valueName":"search_term_string"}}],"inLanguage":"en-US"}]}},"_links":{"self":[{"href":"https:\/\/www.grupotecnomotriz.com\/site\/en\/wp-json\/wp\/v2\/product\/1511","targetHints":{"allow":["GET"]}}],"collection":[{"href":"https:\/\/www.grupotecnomotriz.com\/site\/en\/wp-json\/wp\/v2\/product"}],"about":[{"href":"https:\/\/www.grupotecnomotriz.com\/site\/en\/wp-json\/wp\/v2\/types\/product"}],"wp:featuredmedia":[{"embeddable":true,"href":"https:\/\/www.grupotecnomotriz.com\/site\/en\/wp-json\/wp\/v2\/media\/1621"}],"wp:attachment":[{"href":"https:\/\/www.grupotecnomotriz.com\/site\/en\/wp-json\/wp\/v2\/media?parent=1511"}],"wp:term":[{"taxonomy":"product_brand","embeddable":true,"href":"https:\/\/www.grupotecnomotriz.com\/site\/en\/wp-json\/wp\/v2\/product_brand?post=1511"},{"taxonomy":"product_cat","embeddable":true,"href":"https:\/\/www.grupotecnomotriz.com\/site\/en\/wp-json\/wp\/v2\/product_cat?post=1511"},{"taxonomy":"product_tag","embeddable":true,"href":"https:\/\/www.grupotecnomotriz.com\/site\/en\/wp-json\/wp\/v2\/product_tag?post=1511"}],"curies":[{"name":"wp","href":"https:\/\/api.w.org\/{rel}","templated":true}]}}