{"id":1310,"date":"2025-11-26T20:16:56","date_gmt":"2025-11-26T20:16:56","guid":{"rendered":"https:\/\/www.grupotecnomotriz.com\/site\/?post_type=product&#038;p=1310"},"modified":"2026-01-29T22:32:37","modified_gmt":"2026-01-29T22:32:37","slug":"dodge-ram-2500-heavy-duty","status":"publish","type":"product","link":"https:\/\/www.grupotecnomotriz.com\/site\/en\/product\/dodge-ram-2500-heavy-duty\/","title":{"rendered":"DODGE RAM 2500 HEAVY DUTY"},"content":{"rendered":"<table style=\"height: 274px;\" width=\"429\">\n<tbody>\n<tr>\n<td>Year<\/td>\n<td>2022<\/td>\n<\/tr>\n<tr>\n<td>Engine<\/td>\n<td><\/td>\n<\/tr>\n<tr>\n<td>Displacement<\/td>\n<td>6700cc<\/td>\n<\/tr>\n<tr>\n<td>Transmission<\/td>\n<td>Automatic<\/td>\n<\/tr>\n<tr>\n<td>Traction<\/td>\n<td>4\u00d74<\/td>\n<\/tr>\n<tr>\n<td><\/td>\n<td><\/td>\n<\/tr>\n<tr>\n<td>Interior<\/td>\n<td>Leather<\/td>\n<\/tr>\n<tr>\n<td><\/td>\n<td><\/td>\n<\/tr>\n<tr>\n<td>Mileage<\/td>\n<td>68000 km<\/td>\n<\/tr>\n<\/tbody>\n<\/table>\n<p>&nbsp;<\/p>\n<p>(Does not include transfer or legal costs) The mileage shown is approximate, since the car can remain in use while it is posted. We reserve the right to update the information when necessary.<\/p>","protected":false},"excerpt":{"rendered":"<p>A\u00f10 2022 Motor Cilindrada 6700cc Transmisi\u00f3n Autom\u00e1tica Tracci\u00f3n 4&#215;4 Interior Cuero Kilometraje 68000 km &nbsp; (No incluye traspaso ni gastos legales) El kilometraje mostrado es aproximado, ya que el auto puede seguir en uso mientras se encuentra publicado. Nos reservamos el derecho de actualizar la informaci\u00f3n cuando sea necesario.<\/p>","protected":false},"featured_media":1449,"template":"","meta":[],"product_brand":[],"product_cat":[82],"product_tag":[],"class_list":{"0":"post-1310","1":"product","2":"type-product","3":"status-publish","4":"has-post-thumbnail","6":"product_cat-pickup","8":"first","9":"outofstock","10":"shipping-taxable","11":"purchasable","12":"product-type-simple"},"yoast_head":"<!-- This site is optimized with the Yoast SEO plugin v26.4 - https:\/\/yoast.com\/wordpress\/plugins\/seo\/ -->\n<title>DODGE RAM 2500 HEAVY DUTY - Grupo Tecnomotriz<\/title>\n<meta name=\"robots\" content=\"index, follow, max-snippet:-1, max-image-preview:large, max-video-preview:-1\" \/>\n<link rel=\"canonical\" href=\"https:\/\/www.grupotecnomotriz.com\/site\/en\/product\/dodge-ram-2500-heavy-duty\/\" \/>\n<meta property=\"og:locale\" content=\"en_US\" \/>\n<meta property=\"og:type\" content=\"article\" \/>\n<meta property=\"og:title\" content=\"DODGE RAM 2500 HEAVY DUTY - Grupo Tecnomotriz\" \/>\n<meta property=\"og:description\" content=\"A\u00f10 2022 Motor Cilindrada 6700cc Transmisi\u00f3n Autom\u00e1tica Tracci\u00f3n 4&#215;4 Interior Cuero Kilometraje 68000 km &nbsp; (No incluye traspaso ni gastos legales) El kilometraje mostrado es aproximado, ya que el auto puede seguir en uso mientras se encuentra publicado. Nos reservamos el derecho de actualizar la informaci\u00f3n cuando sea necesario.\" \/>\n<meta property=\"og:url\" content=\"https:\/\/www.grupotecnomotriz.com\/site\/en\/product\/dodge-ram-2500-heavy-duty\/\" \/>\n<meta property=\"og:site_name\" content=\"Grupo Tecnomotriz\" \/>\n<meta property=\"article:modified_time\" content=\"2026-01-29T22:32:37+00:00\" \/>\n<meta property=\"og:image\" content=\"https:\/\/www.grupotecnomotriz.com\/site\/wp-content\/uploads\/2025\/11\/1-5-1024x731.png\" \/>\n\t<meta property=\"og:image:width\" content=\"1024\" \/>\n\t<meta property=\"og:image:height\" content=\"731\" \/>\n\t<meta property=\"og:image:type\" content=\"image\/png\" \/>\n<meta name=\"twitter:card\" content=\"summary_large_image\" \/>\n<meta name=\"twitter:label1\" content=\"Est. reading time\" \/>\n\t<meta name=\"twitter:data1\" content=\"1 minute\" \/>\n<script type=\"application\/ld+json\" class=\"yoast-schema-graph\">{\"@context\":\"https:\/\/schema.org\",\"@graph\":[{\"@type\":\"WebPage\",\"@id\":\"https:\/\/www.grupotecnomotriz.com\/site\/producto\/dodge-ram-2500-heavy-duty\/\",\"url\":\"https:\/\/www.grupotecnomotriz.com\/site\/producto\/dodge-ram-2500-heavy-duty\/\",\"name\":\"DODGE RAM 2500 HEAVY DUTY - Grupo Tecnomotriz\",\"isPartOf\":{\"@id\":\"https:\/\/www.grupotecnomotriz.com\/site\/#website\"},\"primaryImageOfPage\":{\"@id\":\"https:\/\/www.grupotecnomotriz.com\/site\/producto\/dodge-ram-2500-heavy-duty\/#primaryimage\"},\"image\":{\"@id\":\"https:\/\/www.grupotecnomotriz.com\/site\/producto\/dodge-ram-2500-heavy-duty\/#primaryimage\"},\"thumbnailUrl\":\"https:\/\/www.grupotecnomotriz.com\/site\/wp-content\/uploads\/2025\/11\/1-5.png\",\"datePublished\":\"2025-11-26T20:16:56+00:00\",\"dateModified\":\"2026-01-29T22:32:37+00:00\",\"breadcrumb\":{\"@id\":\"https:\/\/www.grupotecnomotriz.com\/site\/producto\/dodge-ram-2500-heavy-duty\/#breadcrumb\"},\"inLanguage\":\"en-US\",\"potentialAction\":[{\"@type\":\"ReadAction\",\"target\":[\"https:\/\/www.grupotecnomotriz.com\/site\/producto\/dodge-ram-2500-heavy-duty\/\"]}]},{\"@type\":\"ImageObject\",\"inLanguage\":\"en-US\",\"@id\":\"https:\/\/www.grupotecnomotriz.com\/site\/producto\/dodge-ram-2500-heavy-duty\/#primaryimage\",\"url\":\"https:\/\/www.grupotecnomotriz.com\/site\/wp-content\/uploads\/2025\/11\/1-5.png\",\"contentUrl\":\"https:\/\/www.grupotecnomotriz.com\/site\/wp-content\/uploads\/2025\/11\/1-5.png\",\"width\":2048,\"height\":1462},{\"@type\":\"BreadcrumbList\",\"@id\":\"https:\/\/www.grupotecnomotriz.com\/site\/producto\/dodge-ram-2500-heavy-duty\/#breadcrumb\",\"itemListElement\":[{\"@type\":\"ListItem\",\"position\":1,\"name\":\"Portada\",\"item\":\"https:\/\/www.grupotecnomotriz.com\/site\/\"},{\"@type\":\"ListItem\",\"position\":2,\"name\":\"Cat\u00e1logo\",\"item\":\"https:\/\/www.grupotecnomotriz.com\/site\/tienda\/\"},{\"@type\":\"ListItem\",\"position\":3,\"name\":\"DODGE RAM 2500 HEAVY DUTY\"}]},{\"@type\":\"WebSite\",\"@id\":\"https:\/\/www.grupotecnomotriz.com\/site\/#website\",\"url\":\"https:\/\/www.grupotecnomotriz.com\/site\/\",\"name\":\"Grupo Tecnomotriz\",\"description\":\"Taller de enderezado y pintura Tecnomotriz\",\"potentialAction\":[{\"@type\":\"SearchAction\",\"target\":{\"@type\":\"EntryPoint\",\"urlTemplate\":\"https:\/\/www.grupotecnomotriz.com\/site\/?s={search_term_string}\"},\"query-input\":{\"@type\":\"PropertyValueSpecification\",\"valueRequired\":true,\"valueName\":\"search_term_string\"}}],\"inLanguage\":\"en-US\"}]}<\/script>\n<!-- \/ Yoast SEO plugin. -->","yoast_head_json":{"title":"DODGE RAM 2500 HEAVY DUTY - Grupo Tecnomotriz","robots":{"index":"index","follow":"follow","max-snippet":"max-snippet:-1","max-image-preview":"max-image-preview:large","max-video-preview":"max-video-preview:-1"},"canonical":"https:\/\/www.grupotecnomotriz.com\/site\/en\/product\/dodge-ram-2500-heavy-duty\/","og_locale":"en_US","og_type":"article","og_title":"DODGE RAM 2500 HEAVY DUTY - Grupo Tecnomotriz","og_description":"A\u00f10 2022 Motor Cilindrada 6700cc Transmisi\u00f3n Autom\u00e1tica Tracci\u00f3n 4&#215;4 Interior Cuero Kilometraje 68000 km &nbsp; (No incluye traspaso ni gastos legales) El kilometraje mostrado es aproximado, ya que el auto puede seguir en uso mientras se encuentra publicado. Nos reservamos el derecho de actualizar la informaci\u00f3n cuando sea necesario.","og_url":"https:\/\/www.grupotecnomotriz.com\/site\/en\/product\/dodge-ram-2500-heavy-duty\/","og_site_name":"Grupo Tecnomotriz","article_modified_time":"2026-01-29T22:32:37+00:00","og_image":[{"width":1024,"height":731,"url":"https:\/\/www.grupotecnomotriz.com\/site\/wp-content\/uploads\/2025\/11\/1-5-1024x731.png","type":"image\/png"}],"twitter_card":"summary_large_image","twitter_misc":{"Est. reading time":"1 minute"},"schema":{"@context":"https:\/\/schema.org","@graph":[{"@type":"WebPage","@id":"https:\/\/www.grupotecnomotriz.com\/site\/producto\/dodge-ram-2500-heavy-duty\/","url":"https:\/\/www.grupotecnomotriz.com\/site\/producto\/dodge-ram-2500-heavy-duty\/","name":"DODGE RAM 2500 HEAVY DUTY - Grupo Tecnomotriz","isPartOf":{"@id":"https:\/\/www.grupotecnomotriz.com\/site\/#website"},"primaryImageOfPage":{"@id":"https:\/\/www.grupotecnomotriz.com\/site\/producto\/dodge-ram-2500-heavy-duty\/#primaryimage"},"image":{"@id":"https:\/\/www.grupotecnomotriz.com\/site\/producto\/dodge-ram-2500-heavy-duty\/#primaryimage"},"thumbnailUrl":"https:\/\/www.grupotecnomotriz.com\/site\/wp-content\/uploads\/2025\/11\/1-5.png","datePublished":"2025-11-26T20:16:56+00:00","dateModified":"2026-01-29T22:32:37+00:00","breadcrumb":{"@id":"https:\/\/www.grupotecnomotriz.com\/site\/producto\/dodge-ram-2500-heavy-duty\/#breadcrumb"},"inLanguage":"en-US","potentialAction":[{"@type":"ReadAction","target":["https:\/\/www.grupotecnomotriz.com\/site\/producto\/dodge-ram-2500-heavy-duty\/"]}]},{"@type":"ImageObject","inLanguage":"en-US","@id":"https:\/\/www.grupotecnomotriz.com\/site\/producto\/dodge-ram-2500-heavy-duty\/#primaryimage","url":"https:\/\/www.grupotecnomotriz.com\/site\/wp-content\/uploads\/2025\/11\/1-5.png","contentUrl":"https:\/\/www.grupotecnomotriz.com\/site\/wp-content\/uploads\/2025\/11\/1-5.png","width":2048,"height":1462},{"@type":"BreadcrumbList","@id":"https:\/\/www.grupotecnomotriz.com\/site\/producto\/dodge-ram-2500-heavy-duty\/#breadcrumb","itemListElement":[{"@type":"ListItem","position":1,"name":"Portada","item":"https:\/\/www.grupotecnomotriz.com\/site\/"},{"@type":"ListItem","position":2,"name":"Cat\u00e1logo","item":"https:\/\/www.grupotecnomotriz.com\/site\/tienda\/"},{"@type":"ListItem","position":3,"name":"DODGE RAM 2500 HEAVY DUTY"}]},{"@type":"WebSite","@id":"https:\/\/www.grupotecnomotriz.com\/site\/#website","url":"https:\/\/www.grupotecnomotriz.com\/site\/","name":"Grupo Tecnomotriz","description":"Taller de enderezado y pintura Tecnomotriz","potentialAction":[{"@type":"SearchAction","target":{"@type":"EntryPoint","urlTemplate":"https:\/\/www.grupotecnomotriz.com\/site\/?s={search_term_string}"},"query-input":{"@type":"PropertyValueSpecification","valueRequired":true,"valueName":"search_term_string"}}],"inLanguage":"en-US"}]}},"_links":{"self":[{"href":"https:\/\/www.grupotecnomotriz.com\/site\/en\/wp-json\/wp\/v2\/product\/1310","targetHints":{"allow":["GET"]}}],"collection":[{"href":"https:\/\/www.grupotecnomotriz.com\/site\/en\/wp-json\/wp\/v2\/product"}],"about":[{"href":"https:\/\/www.grupotecnomotriz.com\/site\/en\/wp-json\/wp\/v2\/types\/product"}],"wp:featuredmedia":[{"embeddable":true,"href":"https:\/\/www.grupotecnomotriz.com\/site\/en\/wp-json\/wp\/v2\/media\/1449"}],"wp:attachment":[{"href":"https:\/\/www.grupotecnomotriz.com\/site\/en\/wp-json\/wp\/v2\/media?parent=1310"}],"wp:term":[{"taxonomy":"product_brand","embeddable":true,"href":"https:\/\/www.grupotecnomotriz.com\/site\/en\/wp-json\/wp\/v2\/product_brand?post=1310"},{"taxonomy":"product_cat","embeddable":true,"href":"https:\/\/www.grupotecnomotriz.com\/site\/en\/wp-json\/wp\/v2\/product_cat?post=1310"},{"taxonomy":"product_tag","embeddable":true,"href":"https:\/\/www.grupotecnomotriz.com\/site\/en\/wp-json\/wp\/v2\/product_tag?post=1310"}],"curies":[{"name":"wp","href":"https:\/\/api.w.org\/{rel}","templated":true}]}}